{"id":3125,"date":"2021-03-17T15:03:11","date_gmt":"2021-03-17T14:03:11","guid":{"rendered":"https:\/\/radioactivegaming.eu\/?page_id=3125"},"modified":"2024-05-24T22:29:01","modified_gmt":"2024-05-24T20:29:01","slug":"bosse","status":"publish","type":"page","link":"https:\/\/radioactivegaming.eu\/fr\/atlas\/bosse\/","title":{"rendered":"Bosse"},"content":{"rendered":"<div  data-label=\"About\" data-id=\"about--2\" data-export-id=\"about-image-text\" data-category=\"about\" class=\"about-image-text content-section content-section-spacing content-relative\" id=\"about-2\" style=\"background-color: rgb(245, 250, 253);\"><div  class=\"section-separator-top\">\n    <svg  class=\"section-separator-top\" data-separator-name=\"triangle-asymmetrical-negative\" preserveaspectratio=\"none\" viewbox=\"0 0 1000 100\" xmlns=\"http:\/\/www.w3.org\/2000\/svg\">\n        <path  class=\"svg-white-bg\" d=\"M737.9,94.7L0,0v100h1000V0L737.9,94.7z\"><\/path>\n    <\/svg>\n<\/div><div  class=\"gridContainer\"> <div  class=\"row\"><div  class=\"col-sm-6 flexbox-strech center-xs middle-xs no-gutter-col\"> <div  class=\"shadow-large overlap-right-large flexbox middle-xs center-xs left-img\" data-bg=\"image\" style=\"background-image: url(&quot;https:\/\/radioactivegaming.eu\/wp-content\/uploads\/2021\/03\/cropped-20210317150713_1-scaled-4.jpg&quot;);\"><\/div><\/div> <div  class=\"col-sm-6 space-bottom-xs col-padding-small-xs col-sm-padding-large bg-color5 white-text content-col\" data-type=\"column\"> <h2  class=\"\">Dragon noir<\/h2> <p  class=\"\">On dit qu'il existe un nouveau type de dragon, comme une ombre noire, il br\u00fble les animaux, les gens et coule m\u00eame les bateaux !<br >\nIl est beaucoup plus fort que la version normale et appara\u00eet tr\u00e8s rarement sur l'une des \u00eeles PowerStone, o\u00f9 l'on trouve aussi des dragons normaux.<br >\nIl ne peut pas \u00eatre dompt\u00e9 et laisse tomber une \u00e9caille de dragon noir.\n<br ><br >\nD\u00e9bloque la construction de l'\u00e9curie.<br ><br >Qu\u00eate : Black Dragon Killer<\/p><\/div> <\/div><\/div> <\/div><div  data-label=\"About\" data-id=\"about--3\" data-export-id=\"about-text-image\" data-category=\"about\" class=\"about-text-image content-section content-section-spacing\" id=\"about-3\" style=\"background-color: rgb(255, 255, 255);\"><div  class=\"gridContainer\"> <div  class=\"row\"><div  class=\"col-sm-6 col-padding-small-xs col-sm-padding-large bg-color5 white-text content-col\" data-type=\"column\">  <h2  class=\"\">Narwale<\/h2> <p  class=\"\">On dit que quiconque aper\u00e7oit la corne du narval dans les r\u00e9gions polaires voit sa derni\u00e8re heure arriver !\n<br ><br >\nPresque immunis\u00e9 contre les balles de cannon et tr\u00e8s rapide, un v\u00e9ritable monstre qui \u00e9clipse tous les autres c\u00e9tac\u00e9s.<br ><br >\nQu\u00eate : \"Narwale Killer\"<br >\nL'ach\u00e8vement d\u00e9bloque le Mythical Spyglass, avec lequel il est possible de voir les stats des animaux sauvages &amp; de ses propres animaux ! Un must-have pour tout joueur\/\u00e9leveur !<\/p><\/div> <div  class=\"col-sm-6 flexbox-strech center-xs middle-xs no-gutter-col\"><div  class=\"shadow-large overlap-left-large flexbox middle-xs center-xs right-img\" data-bg=\"image\" style=\"background-image: url(&quot;https:\/\/radioactivegaming.eu\/wp-content\/uploads\/2021\/03\/cropped-94f42ab24d666c6c948eed3d1b252e9d-scaled-1.jpg&quot;);\"><\/div><\/div> <\/div><\/div> <\/div><div  data-label=\"About\" data-id=\"about--5\" data-export-id=\"about-image-text\" data-category=\"about\" class=\"about-image-text content-section content-section-spacing\" id=\"about-5\" style=\"background-color: rgb(255, 255, 255);\"><div  class=\"gridContainer\"> <div  class=\"row\"><div  class=\"col-sm-6 flexbox-strech center-xs middle-xs no-gutter-col\"> <div  class=\"shadow-large overlap-right-large flexbox middle-xs center-xs left-img\" data-bg=\"image\" style=\"background-image: url(&quot;https:\/\/radioactivegaming.eu\/wp-content\/uploads\/2021\/03\/cropped-20210317153021_1-scaled-1.jpg&quot;);\"><\/div><\/div> <div  class=\"col-sm-6 space-bottom-xs col-padding-small-xs col-sm-padding-large bg-color5 white-text content-col\" data-type=\"column\"> <h2  class=\"\">La brume noire<\/h2> <p  class=\"\">Connaissez-vous la vieille l\u00e9gende du brouillard noir qui recouvre la mer ?\n<br >On disait qu'elle cachait de grands tr\u00e9sors, mais aucun navire qui s'y \u00e9tait aventur\u00e9 n'en \u00e9tait jamais revenu...\n<br >Les navires de guerre les plus puissants et les meilleurs \u00e9quipages ont \u00e9t\u00e9 perdus, la mort humide les a tous frapp\u00e9s.<\/p><\/div> <\/div><\/div> <\/div><div  data-label=\"About\" data-id=\"about--7\" data-export-id=\"about-image-text\" data-category=\"about\" class=\"about-image-text content-section content-section-spacing\" id=\"about-7\" style=\"background-color: rgb(245, 250, 253);\"><div  class=\"gridContainer\"> <div  class=\"row\"><div  class=\"col-sm-6 flexbox-strech center-xs middle-xs no-gutter-col\"> <div  class=\"shadow-large overlap-right-large flexbox middle-xs center-xs left-img\" data-bg=\"image\" style=\"background-image: url(&quot;https:\/\/radioactivegaming.eu\/wp-content\/uploads\/2022\/01\/SPOILER_unknown.png&quot;);\"><\/div><\/div> <div  class=\"col-sm-6 space-bottom-xs col-padding-small-xs col-sm-padding-large bg-color5 white-text content-col\" data-type=\"column\"> <h2  class=\"\">Baleine lumineuse<\/h2> <p  class=\"\">Cette baleine \u00e9met une lumi\u00e8re de mauvais augure. Il est possible d'extraire la Substance lumineuse de son cadavre.\n<br ><br >\nIls ne sont pr\u00e9sents que sous l'eau, ce qui rend leur chasse difficile.\n<br ><br >\nCes baleines sont tr\u00e8s fortes et rapides, vous devriez essayer de les abattre \u00e0 distance.<\/p><\/div> <\/div><\/div> <\/div><div  data-label=\"About\" data-id=\"about--8\" data-export-id=\"about-5\" data-category=\"about\" class=\"about-5 content-section content-section-spacing\" id=\"about-8\" style=\"background-color: rgb(255, 255, 255);\"><div  class=\"gridContainer\"> <div  class=\"row middle-sm text-center\"><div  class=\"col-sm-6 space-bottom-xs\" data-type=\"column\">  <h2  class=\"\">Le poulpe<\/h2> <p  class=\"\">Chez nous, vous pouvez invoquer le Kraken en 3 versions diff\u00e9rentes\n<br >Easy\n<br >Hard\n<br >Tr\u00e8s dur\n<br ><br >&nbsp;de plus, un mode d\u00e9fi est disponible pour chaque pieuvre, ce qui augmente encore le d\u00e9fi (pour l'invocation, vous avez besoin d'une <a data-mce-href=\"..\/..\/de_de\/atlas\/haunted-chests\/#sunkenhaunted\" href=\"https:\/\/radioactivegaming.eu\/de_de\/atlas\/haunted-chests\/#sunkenhaunted\" target=\"_self\" data-mce-selected=\"inline-boundary\" data-cp-link=\"1\" rel=\"noopener\">IcyPearl<\/a>!)<br ><br >L'invocation de chaque kraken se fait en C3 via votre inventaire (recette d'artisanat).\n<br >Les Power Stones sont dropp\u00e9es par les boss sur les \u00eeles PowerStone !<\/p> <img  decoding=\"async\" class=\"custom-image\" src=\"https:\/\/radioactivegaming.eu\/wp-content\/uploads\/2024\/05\/krakenrecipe.png\" title=\"krakenrecipe\" alt=\"\"><\/div> <div  class=\"col-sm-6 flexbox image-group-right-2 around-xs top-xs space-bottom-xs\"><div  class=\"left-el\"> <img  decoding=\"async\" class=\"shadow-large\" data-size=\"300x430\" src=\"https:\/\/radioactivegaming.eu\/wp-content\/uploads\/2024\/05\/cropped-kraken.png\" title=\"cropped-kraken.png\" alt=\"\"><\/div> <div  class=\"right-el\"> <img  decoding=\"async\" class=\"shadow-large\" data-size=\"300x430\" src=\"https:\/\/radioactivegaming.eu\/wp-content\/uploads\/2024\/05\/cropped-kraken-1.png\" title=\"cropped-kraken-1.png\" alt=\"\"><\/div> <div  class=\"center-overlay inner-shadow border-large\"><\/div><\/div> <\/div><\/div> <\/div><div  data-label=\"About\" data-id=\"about--4\" data-export-id=\"about-text-image\" data-category=\"about\" class=\"about-text-image content-section content-section-spacing\" id=\"about-4\" style=\"background-color: rgb(245, 250, 253);\"><div  class=\"gridContainer\"> <div  class=\"row\"><div  class=\"col-sm-6 col-padding-small-xs col-sm-padding-large bg-color5 white-text content-col\" data-type=\"column\">  <h2  class=\"\">Abominable pieuvre<\/h2> <p  class=\"\">Les cris de mort de ses enfants l'ont r\u00e9veill\u00e9, il a longtemps sommeill\u00e9, mais maintenant il r\u00e9appara\u00eet. Allez-vous l'affronter ?\n<br ><br >\nCette pieuvre est un monstre parmi les monstres !<br >\n\"Challenge Mode\" du Kraken.\n<br ><br >\nCe poulpe peut \u00eatre invoqu\u00e9 comme le poulpe dur.<\/p><\/div> <div  class=\"col-sm-6 flexbox-strech center-xs middle-xs no-gutter-col\"><div  class=\"shadow-large overlap-left-large flexbox middle-xs center-xs right-img\" data-bg=\"image\" style=\"background-image: url(&quot;https:\/\/radioactivegaming.eu\/wp-content\/uploads\/2021\/03\/cropped-20210212210105_1-scaled-1.jpg&quot;);\"><\/div><\/div> <\/div><\/div> <\/div><div  data-label=\"About\" data-id=\"about--10\" data-export-id=\"about-6\" data-category=\"about\" class=\"about-6 content-section content-section-spacing\" id=\"about-10\" style=\"background-color: rgb(245, 250, 253);\"><div  class=\"gridContainer\"> <div  class=\"row middle-sm text-center\"><div  class=\"col-sm-6 space-bottom-xs\" data-type=\"column\">  <h2  class=\"\">L\u00e9viathan<\/h2> <p  class=\"\">Les bateaux, les hydres et m\u00eame les autres baleines sont d\u00e9vor\u00e9s par lui !\n<br ><br >\nLe g\u00e9ant des mers vous lance de nouveaux d\u00e9fis avec de nouvelles m\u00e9caniques.<br >\nD\u00e9couvrez comment \u00e9viter d'\u00eatre congel\u00e9 et comment assommer le L\u00e9viathan !\n<br ><br >\nNotez que ce combat de boss se d\u00e9roule \u00e0 diff\u00e9rents moments, \u00e0 la fois en surface et sous l'eau.\n<br ><br >Invoqu\u00e9 via une recette, comme le Kraken dans C3.\n<br >(pour l'invocation, vous avez besoin d'une <a data-mce-href=\"..\/..\/de_de\/atlas\/haunted-chests\/#sunkenhaunted\" href=\"..\/..\/de_de\/atlas\/haunted-chests\/#sunkenhaunted\" target=\"_self\" data-mce-selected=\"inline-boundary\" data-cp-link=\"1\" rel=\"noopener\">IcyPearl<\/a>!)<\/p> <\/div> <div  class=\"col-sm-6 image-group-right-3 space-bottom-xs\"><div  class=\"top-media\"> <img  decoding=\"async\" class=\"shadow-large\" data-size=\"350x250\" src=\"https:\/\/radioactivegaming.eu\/wp-content\/uploads\/2024\/05\/cropped-levi2.png\" title=\"cropped-levi2.png\" alt=\"\"><\/div> <div  class=\"bottom-media\"> <img  decoding=\"async\" class=\"shadow-large\" data-size=\"350x250\" src=\"https:\/\/radioactivegaming.eu\/wp-content\/uploads\/2024\/05\/levi3.png\" title=\"levi3\" alt=\"\"><\/div> <div  class=\"left-media\"> <img  decoding=\"async\" class=\"shadow-large\" data-size=\"350x400\" src=\"https:\/\/radioactivegaming.eu\/wp-content\/uploads\/2024\/05\/levi1.png\" title=\"levi1\" alt=\"\"> <div  class=\"offset-double-border-overlay\"> <div  class=\"border-1 shadow-small\"><\/div> <div  class=\"border-2\"><\/div><\/div> <\/div><\/div> <\/div><\/div> <\/div>","protected":false},"excerpt":{"rendered":"<p>Black Dragon On dit qu'il existe un nouveau type de dragon, comme une ombre noire, il br\u00fble les animaux, les gens et coule m\u00eame les bateaux ! Il est beaucoup plus fort que la version normale et appara\u00eet tr\u00e8s rarement sur l'une des \u00eeles PowerStone, o\u00f9 l'on trouve aussi des dragons normaux. Il ne peut pas \u00eatre dompt\u00e9 et laisse une \u00e9caille de dragon noire... <br \/> <a class=\"read-more\" href=\"https:\/\/radioactivegaming.eu\/fr\/atlas\/bosse\/\">Read more<\/a><\/p>","protected":false},"author":1,"featured_media":0,"parent":13,"menu_order":0,"comment_status":"closed","ping_status":"closed","template":"pro\/page-templates\/full-width-page.php","meta":{"footnotes":""},"class_list":["post-3125","page","type-page","status-publish","hentry"],"yoast_head":"<!-- This site is optimized with the Yoast SEO plugin v26.3 - https:\/\/yoast.com\/wordpress\/plugins\/seo\/ -->\n<title>Bosse - Radioactive Gaming<\/title>\n<meta name=\"robots\" content=\"index, follow, max-snippet:-1, max-image-preview:large, max-video-preview:-1\" \/>\n<link rel=\"canonical\" href=\"https:\/\/radioactivegaming.eu\/fr\/atlas\/bosse\/\" \/>\n<meta property=\"og:locale\" content=\"fr_FR\" \/>\n<meta property=\"og:type\" content=\"article\" \/>\n<meta property=\"og:title\" content=\"Bosse - Radioactive Gaming\" \/>\n<meta property=\"og:description\" content=\"Black Dragon Man munkelt es gibt eine neue Art Drache, wie ein schwarzer Schatten verbrennt er Tiere, Menschen und versenkt sogar Schiffe! Er ist um einiges st\u00e4rker als die normale Variante und spawnt \u00e4u\u00dferst selten auf einer der PowerStone Inseln, auf der auch normale Drachen vorkommen. Er ist nicht z\u00e4hmbar und l\u00e4sst eine schwarze Drachenschuppe&hellip; Read more\" \/>\n<meta property=\"og:url\" content=\"https:\/\/radioactivegaming.eu\/fr\/atlas\/bosse\/\" \/>\n<meta property=\"og:site_name\" content=\"Radioactive Gaming\" \/>\n<meta property=\"article:modified_time\" content=\"2024-05-24T20:29:01+00:00\" \/>\n<meta property=\"og:image\" content=\"https:\/\/radioactivegaming.eu\/wp-content\/uploads\/2024\/05\/krakenrecipe.png\" \/>\n<meta name=\"twitter:card\" content=\"summary_large_image\" \/>\n<meta name=\"twitter:label1\" content=\"Dur\u00e9e de lecture estim\u00e9e\" \/>\n\t<meta name=\"twitter:data1\" content=\"2 minutes\" \/>\n<script type=\"application\/ld+json\" class=\"yoast-schema-graph\">{\"@context\":\"https:\/\/schema.org\",\"@graph\":[{\"@type\":\"WebPage\",\"@id\":\"https:\/\/radioactivegaming.eu\/atlas\/bosse\/\",\"url\":\"https:\/\/radioactivegaming.eu\/atlas\/bosse\/\",\"name\":\"Bosse - Radioactive Gaming\",\"isPartOf\":{\"@id\":\"https:\/\/radioactivegaming.eu\/#website\"},\"primaryImageOfPage\":{\"@id\":\"https:\/\/radioactivegaming.eu\/atlas\/bosse\/#primaryimage\"},\"image\":{\"@id\":\"https:\/\/radioactivegaming.eu\/atlas\/bosse\/#primaryimage\"},\"thumbnailUrl\":\"https:\/\/radioactivegaming.eu\/wp-content\/uploads\/2024\/05\/krakenrecipe.png\",\"datePublished\":\"2021-03-17T14:03:11+00:00\",\"dateModified\":\"2024-05-24T20:29:01+00:00\",\"breadcrumb\":{\"@id\":\"https:\/\/radioactivegaming.eu\/atlas\/bosse\/#breadcrumb\"},\"inLanguage\":\"fr-FR\",\"potentialAction\":[{\"@type\":\"ReadAction\",\"target\":[\"https:\/\/radioactivegaming.eu\/atlas\/bosse\/\"]}]},{\"@type\":\"ImageObject\",\"inLanguage\":\"fr-FR\",\"@id\":\"https:\/\/radioactivegaming.eu\/atlas\/bosse\/#primaryimage\",\"url\":\"https:\/\/radioactivegaming.eu\/wp-content\/uploads\/2024\/05\/krakenrecipe.png\",\"contentUrl\":\"https:\/\/radioactivegaming.eu\/wp-content\/uploads\/2024\/05\/krakenrecipe.png\"},{\"@type\":\"BreadcrumbList\",\"@id\":\"https:\/\/radioactivegaming.eu\/atlas\/bosse\/#breadcrumb\",\"itemListElement\":[{\"@type\":\"ListItem\",\"position\":1,\"name\":\"Startseite\",\"item\":\"https:\/\/radioactivegaming.eu\/\"},{\"@type\":\"ListItem\",\"position\":2,\"name\":\"Atlas\",\"item\":\"https:\/\/radioactivegaming.eu\/atlas\/\"},{\"@type\":\"ListItem\",\"position\":3,\"name\":\"Bosse\"}]},{\"@type\":\"WebSite\",\"@id\":\"https:\/\/radioactivegaming.eu\/#website\",\"url\":\"https:\/\/radioactivegaming.eu\/\",\"name\":\"Radioactive Gaming\",\"description\":\"\",\"publisher\":{\"@id\":\"https:\/\/radioactivegaming.eu\/#organization\"},\"potentialAction\":[{\"@type\":\"SearchAction\",\"target\":{\"@type\":\"EntryPoint\",\"urlTemplate\":\"https:\/\/radioactivegaming.eu\/?s={search_term_string}\"},\"query-input\":{\"@type\":\"PropertyValueSpecification\",\"valueRequired\":true,\"valueName\":\"search_term_string\"}}],\"inLanguage\":\"fr-FR\"},{\"@type\":\"Organization\",\"@id\":\"https:\/\/radioactivegaming.eu\/#organization\",\"name\":\"Radioactive Gaming\",\"url\":\"https:\/\/radioactivegaming.eu\/\",\"logo\":{\"@type\":\"ImageObject\",\"inLanguage\":\"fr-FR\",\"@id\":\"https:\/\/radioactivegaming.eu\/#\/schema\/logo\/image\/\",\"url\":\"https:\/\/radioactivegaming.eu\/wp-content\/uploads\/2019\/12\/cropped-coin-2.png\",\"contentUrl\":\"https:\/\/radioactivegaming.eu\/wp-content\/uploads\/2019\/12\/cropped-coin-2.png\",\"width\":256,\"height\":256,\"caption\":\"Radioactive Gaming\"},\"image\":{\"@id\":\"https:\/\/radioactivegaming.eu\/#\/schema\/logo\/image\/\"},\"sameAs\":[\"https:\/\/www.youtube.com\/channel\/UCHAH-p_vfp_co-__TB4M14A\"]}]}<\/script>\n<!-- \/ Yoast SEO plugin. -->","yoast_head_json":{"title":"Bosse - Radioactive Gaming","robots":{"index":"index","follow":"follow","max-snippet":"max-snippet:-1","max-image-preview":"max-image-preview:large","max-video-preview":"max-video-preview:-1"},"canonical":"https:\/\/radioactivegaming.eu\/fr\/atlas\/bosse\/","og_locale":"fr_FR","og_type":"article","og_title":"Bosse - Radioactive Gaming","og_description":"Black Dragon Man munkelt es gibt eine neue Art Drache, wie ein schwarzer Schatten verbrennt er Tiere, Menschen und versenkt sogar Schiffe! Er ist um einiges st\u00e4rker als die normale Variante und spawnt \u00e4u\u00dferst selten auf einer der PowerStone Inseln, auf der auch normale Drachen vorkommen. Er ist nicht z\u00e4hmbar und l\u00e4sst eine schwarze Drachenschuppe&hellip; Read more","og_url":"https:\/\/radioactivegaming.eu\/fr\/atlas\/bosse\/","og_site_name":"Radioactive Gaming","article_modified_time":"2024-05-24T20:29:01+00:00","og_image":[{"url":"https:\/\/radioactivegaming.eu\/wp-content\/uploads\/2024\/05\/krakenrecipe.png","type":"","width":"","height":""}],"twitter_card":"summary_large_image","twitter_misc":{"Dur\u00e9e de lecture estim\u00e9e":"2 minutes"},"schema":{"@context":"https:\/\/schema.org","@graph":[{"@type":"WebPage","@id":"https:\/\/radioactivegaming.eu\/atlas\/bosse\/","url":"https:\/\/radioactivegaming.eu\/atlas\/bosse\/","name":"Bosse - Radioactive Gaming","isPartOf":{"@id":"https:\/\/radioactivegaming.eu\/#website"},"primaryImageOfPage":{"@id":"https:\/\/radioactivegaming.eu\/atlas\/bosse\/#primaryimage"},"image":{"@id":"https:\/\/radioactivegaming.eu\/atlas\/bosse\/#primaryimage"},"thumbnailUrl":"https:\/\/radioactivegaming.eu\/wp-content\/uploads\/2024\/05\/krakenrecipe.png","datePublished":"2021-03-17T14:03:11+00:00","dateModified":"2024-05-24T20:29:01+00:00","breadcrumb":{"@id":"https:\/\/radioactivegaming.eu\/atlas\/bosse\/#breadcrumb"},"inLanguage":"fr-FR","potentialAction":[{"@type":"ReadAction","target":["https:\/\/radioactivegaming.eu\/atlas\/bosse\/"]}]},{"@type":"ImageObject","inLanguage":"fr-FR","@id":"https:\/\/radioactivegaming.eu\/atlas\/bosse\/#primaryimage","url":"https:\/\/radioactivegaming.eu\/wp-content\/uploads\/2024\/05\/krakenrecipe.png","contentUrl":"https:\/\/radioactivegaming.eu\/wp-content\/uploads\/2024\/05\/krakenrecipe.png"},{"@type":"BreadcrumbList","@id":"https:\/\/radioactivegaming.eu\/atlas\/bosse\/#breadcrumb","itemListElement":[{"@type":"ListItem","position":1,"name":"Startseite","item":"https:\/\/radioactivegaming.eu\/"},{"@type":"ListItem","position":2,"name":"Atlas","item":"https:\/\/radioactivegaming.eu\/atlas\/"},{"@type":"ListItem","position":3,"name":"Bosse"}]},{"@type":"WebSite","@id":"https:\/\/radioactivegaming.eu\/#website","url":"https:\/\/radioactivegaming.eu\/","name":"Jeux radioactifs","description":"","publisher":{"@id":"https:\/\/radioactivegaming.eu\/#organization"},"potentialAction":[{"@type":"SearchAction","target":{"@type":"EntryPoint","urlTemplate":"https:\/\/radioactivegaming.eu\/?s={search_term_string}"},"query-input":{"@type":"PropertyValueSpecification","valueRequired":true,"valueName":"search_term_string"}}],"inLanguage":"fr-FR"},{"@type":"Organization","@id":"https:\/\/radioactivegaming.eu\/#organization","name":"Jeux radioactifs","url":"https:\/\/radioactivegaming.eu\/","logo":{"@type":"ImageObject","inLanguage":"fr-FR","@id":"https:\/\/radioactivegaming.eu\/#\/schema\/logo\/image\/","url":"https:\/\/radioactivegaming.eu\/wp-content\/uploads\/2019\/12\/cropped-coin-2.png","contentUrl":"https:\/\/radioactivegaming.eu\/wp-content\/uploads\/2019\/12\/cropped-coin-2.png","width":256,"height":256,"caption":"Radioactive Gaming"},"image":{"@id":"https:\/\/radioactivegaming.eu\/#\/schema\/logo\/image\/"},"sameAs":["https:\/\/www.youtube.com\/channel\/UCHAH-p_vfp_co-__TB4M14A"]}]}},"jetpack_sharing_enabled":true,"_links":{"self":[{"href":"https:\/\/radioactivegaming.eu\/fr\/wp-json\/wp\/v2\/pages\/3125","targetHints":{"allow":["GET"]}}],"collection":[{"href":"https:\/\/radioactivegaming.eu\/fr\/wp-json\/wp\/v2\/pages"}],"about":[{"href":"https:\/\/radioactivegaming.eu\/fr\/wp-json\/wp\/v2\/types\/page"}],"author":[{"embeddable":true,"href":"https:\/\/radioactivegaming.eu\/fr\/wp-json\/wp\/v2\/users\/1"}],"replies":[{"embeddable":true,"href":"https:\/\/radioactivegaming.eu\/fr\/wp-json\/wp\/v2\/comments?post=3125"}],"version-history":[{"count":12,"href":"https:\/\/radioactivegaming.eu\/fr\/wp-json\/wp\/v2\/pages\/3125\/revisions"}],"predecessor-version":[{"id":5395,"href":"https:\/\/radioactivegaming.eu\/fr\/wp-json\/wp\/v2\/pages\/3125\/revisions\/5395"}],"up":[{"embeddable":true,"href":"https:\/\/radioactivegaming.eu\/fr\/wp-json\/wp\/v2\/pages\/13"}],"wp:attachment":[{"href":"https:\/\/radioactivegaming.eu\/fr\/wp-json\/wp\/v2\/media?parent=3125"}],"curies":[{"name":"wp","href":"https:\/\/api.w.org\/{rel}","templated":true}]}}