{"id":3149,"date":"2021-03-17T15:45:15","date_gmt":"2021-03-17T14:45:15","guid":{"rendered":"https:\/\/radioactivegaming.eu\/?page_id=3149"},"modified":"2024-05-25T00:32:07","modified_gmt":"2024-05-24T22:32:07","slug":"environnement","status":"publish","type":"page","link":"https:\/\/radioactivegaming.eu\/fr\/atlas\/environnement\/","title":{"rendered":"environnement"},"content":{"rendered":"<div data-label=\"About\" data-id=\"about--5\" data-export-id=\"about-6\" data-category=\"about\" class=\"about-6 content-section content-section-spacing\" id=\"about-5\"  style=\"background-color: rgb(255, 255, 255);\"><div class=\"gridContainer\" > <div class=\"row middle-sm text-center\" ><div class=\"col-sm-6 space-bottom-xs\" data-type=\"column\" >  <h2 class=\"\" >Camps<\/h2> <p class=\"\" >Vous pouvez trouver ces bases de PNJ au hasard sur toutes les \u00eeles !\n<br ><br >\nIls sont agressifs envers vous.\n<br ><br >\nSi vous parvenez \u00e0 percer leurs d\u00e9fenses et \u00e0 tuer tous les PNJ, vous pourrez les piller au drapeau.\n<br ><br >Ils sont la seule source de blueprints de structures.<\/p> <\/div> <div class=\"col-sm-6 image-group-right-3 space-bottom-xs\" ><div class=\"top-media\" > <img decoding=\"async\" class=\"shadow-large\" data-size=\"350x250\" src=\"https:\/\/radioactivegaming.eu\/wp-content\/uploads\/2024\/05\/camp2.png\"  title=\"camp2\" alt=\"\"><\/div> <div class=\"bottom-media\" > <img decoding=\"async\" class=\"shadow-large\" data-size=\"350x250\" src=\"https:\/\/radioactivegaming.eu\/wp-content\/uploads\/2024\/05\/camp3.png\"  title=\"camp3\" alt=\"\"><\/div> <div class=\"left-media\" > <img decoding=\"async\" class=\"shadow-large\" data-size=\"350x400\" src=\"https:\/\/radioactivegaming.eu\/wp-content\/uploads\/2024\/05\/camp1.png\"  title=\"camp1\" alt=\"\"> <div class=\"offset-double-border-overlay\" > <div class=\"border-1 shadow-small\" ><\/div> <div class=\"border-2\" ><\/div><\/div> <\/div><\/div> <\/div><\/div> <\/div><div  data-label=\"About\" data-id=\"about--1\" data-export-id=\"about-image-text\" data-category=\"about\" class=\"about-image-text content-section content-section-spacing content-relative\" id=\"about-1\" style=\"background-color: rgb(255, 255, 255);\"><div  class=\"gridContainer\"> <div  class=\"row\"><div  class=\"col-sm-6 flexbox-strech center-xs middle-xs no-gutter-col\"> <div  class=\"shadow-large overlap-right-large flexbox middle-xs center-xs left-img\" data-bg=\"image\" style=\"background-image: url(&quot;https:\/\/radioactivegaming.eu\/wp-content\/uploads\/2021\/03\/cropped-20210317153812_1.jpg&quot;);\"><\/div><\/div> <div  class=\"col-sm-6 space-bottom-xs col-padding-small-xs col-sm-padding-large bg-color5 white-text content-col\" data-type=\"column\"> <h2  class=\"\">Iceberg<\/h2> <p  class=\"\">On les trouve dans le Polar et parfois dans la toundra, mais ils peuvent bien s\u00fbr aussi trouver leur chemin vers des r\u00e9gions voisines plus chaudes.\n<br ><br >\nLes icebergs sont des objets mobiles qui d\u00e9rivent lentement \u00e0 travers les grilles, ils peuvent \u00eatre rattrap\u00e9s par un personnage flottant.\n<br ><br ><br >\nAu contact des navires, ils causent des d\u00e9g\u00e2ts (comme le battage des bancs de sable).<br >\nLes d\u00e9g\u00e2ts d\u00e9pendent de la vitesse.\n<br ><br >\nLes icebergs ne peuvent pas \u00eatre bloqu\u00e9s, ils repoussent m\u00eame un galli\n<br ><br ><br >\nOutre la glace, qui peut \u00eatre extraite de l'iceberg \u00e0 l'aide de pioches \u00e0 pointes m\u00e9talliques, des ressources rares peuvent \u00e9galement y \u00eatre pr\u00e9sentes !<\/p><\/div> <\/div><\/div> <\/div><div  data-label=\"About\" data-id=\"about--4\" data-export-id=\"about-5\" data-category=\"about\" class=\"about-5 content-section content-section-spacing\" id=\"about-4\" style=\"background-color: rgb(245, 250, 253);\"><div  class=\"gridContainer\"> <div  class=\"row middle-sm text-center\"><div  class=\"col-sm-6 space-bottom-xs\" data-type=\"column\">  <h2  class=\"\">Steamship en feu<\/h2> <p  class=\"\">Entour\u00e9e d'une mar\u00e9e noire, cette \u00e9pave vous promet un butin int\u00e9ressant, mais \u00e9vitez de vous garer avec le bateau dans le feu, ce qui est logique !<\/p> <\/div> <div  class=\"col-sm-6 flexbox image-group-right-2 around-xs top-xs space-bottom-xs\"><div  class=\"left-el\"> <img decoding=\"async\"  class=\"shadow-large\" data-size=\"300x430\" src=\"https:\/\/radioactivegaming.eu\/wp-content\/uploads\/2024\/05\/cropped-steamship2.png\" title=\"cropped-steamship2.png\" alt=\"\"><\/div> <div  class=\"right-el\"> <img decoding=\"async\"  class=\"shadow-large\" data-size=\"300x430\" src=\"https:\/\/radioactivegaming.eu\/wp-content\/uploads\/2024\/05\/cropped-steamship.png\" title=\"cropped-steamship.png\" alt=\"\"><\/div> <div  class=\"center-overlay inner-shadow border-large\"><\/div><\/div> <\/div><\/div> <\/div><div  data-label=\"About\" data-id=\"about--3\" data-export-id=\"about-image-text\" data-category=\"about\" class=\"about-image-text content-section content-section-spacing\" id=\"about-3\" style=\"background-color: rgb(255, 255, 255);\"><div  class=\"gridContainer\"> <div  class=\"row\"><div  class=\"col-sm-6 flexbox-strech center-xs middle-xs no-gutter-col\"> <div  class=\"shadow-large overlap-right-large flexbox middle-xs center-xs left-img\" data-bg=\"image\" style=\"background-image: url(&quot;https:\/\/radioactivegaming.eu\/wp-content\/uploads\/2024\/05\/floating.png&quot;);\"><\/div><\/div> <div  class=\"col-sm-6 space-bottom-xs col-padding-small-xs col-sm-padding-large bg-color5 white-text content-col\" data-type=\"column\"> <h2  class=\"\">\u00c9paves \u00e0 la d\u00e9rive<\/h2> <p  class=\"\">Certaines \u00e9paves ne coulent pas apr\u00e8s un combat !\n<br >Malheureusement, le butin est perdu, mais vous pouvez encore trouver les restes de l'\u00e9quipage \u00e0 bord ! Vous pourriez en avoir besoin ?\n<br ><br >Le d\u00e9montage pourrait aussi en valoir la peine !\n<br >Cependant, vous aurez besoin d'une bonne hache<\/p><\/div> <\/div><\/div> <\/div><div  data-label=\"Features\" data-id=\"features--1\" data-export-id=\"features-16\" data-category=\"features\" class=\"features-16 content-section content-section-spacing\" id=\"features-1\" style=\"background-color: rgb(245, 250, 253);\"><div  class=\"gridContainer\"> <div  class=\"row text-center\"><div  class=\"section-title-col\" data-type=\"column\"> <h2  class=\"\">M\u00e9t\u00e9o<\/h2> <p  class=\"lead\">Sur Radioactive, vous \u00eates confront\u00e9 \u00e0 des effets m\u00e9t\u00e9orologiques qui n'existent nulle part ailleurs.<\/p><\/div> <\/div> <div  class=\"row spaced-cols center-sm\" data-type=\"row\"> <div  class=\"col-xs-12 col-sm-6 col-md-4 space-bottom\"> <img decoding=\"async\"  class=\"face\" src=\"https:\/\/radioactivegaming.eu\/wp-content\/uploads\/2024\/05\/hail.png\" title=\"hail\" alt=\"\"> <div  data-type=\"column\" class=\"col-padding-small col-padding-small-xs description-container\"> <h4  class=\"font-500\">Gr\u00eale<\/h4> <p  class=\"\">Pas seulement de la pluie, mais de la gr\u00eale ?!\n<br ><br >Esp\u00e9rons qu'il ne fasse pas trop froid pour les b\u00e9b\u00e9s !<\/p> <\/div> <\/div> <div  class=\"col-xs-12 col-sm-6 col-md-4 space-bottom\"> <img decoding=\"async\"  class=\"face\" src=\"https:\/\/radioactivegaming.eu\/wp-content\/uploads\/2024\/05\/sandstorm.png\" title=\"sandstorm\" alt=\"\"> <div  data-type=\"column\" class=\"col-padding-small col-padding-small-xs description-container\"> <h4  class=\"font-500\">Temp\u00eate de sable<\/h4> <p  class=\"\">Dans le d\u00e9sert, il arrive que ce temps se produise !\n<br >\n<br >Procurez-vous un masque de temp\u00eate de sable ! Mais en cas d'urgence, une tente ou un b\u00e2timent vous prot\u00e8gera suffisamment.<\/p> <\/div> <\/div> <div  class=\"col-xs-12 col-sm-6 col-md-4 space-bottom\"> <img decoding=\"async\"  class=\"face\" src=\"https:\/\/radioactivegaming.eu\/wp-content\/uploads\/2024\/05\/blizzard.png\" title=\"blizzard\" alt=\"\"> <div  data-type=\"column\" class=\"col-padding-small col-padding-small-xs description-container\"> <h4  class=\"font-500\">Temp\u00eate de neige<\/h4> <p  class=\"\">Dans la toundra &amp; l'Arctique, ce temps se produit parfois !\n<br ><br >Habillez-vous chaudement, ou mieux encore, procurez-vous un masque Blizzard !\n<br >Mais en cas d'urgence, une tente ou un b\u00e2timent vous offrira une protection suffisante.<\/p> <\/div> <\/div><div  class=\"col-xs-12 col-sm-6 col-md-4 space-bottom\"> <img decoding=\"async\"  class=\"face\" src=\"https:\/\/radioactivegaming.eu\/wp-content\/uploads\/2024\/05\/blutmond.png\" title=\"lune de sang\" alt=\"\"> <div  data-type=\"column\" class=\"col-padding-small col-padding-small-xs description-container\"> <h4  class=\"font-500\">Lune de sang<\/h4> <p  class=\"\">La lune de sang rend les animaux plus agressifs !\n<br ><br >En activant le buff de la lune de sang, vous obtiendrez des ressources suppl\u00e9mentaires lors du farming, mais vous serez attaqu\u00e9 par tous les animaux sauvages !<\/p> <\/div> <\/div><div  class=\"col-xs-12 col-sm-6 col-md-4 space-bottom\"> <img decoding=\"async\"  class=\"face\" src=\"https:\/\/radioactivegaming.eu\/wp-content\/uploads\/2024\/05\/blitzeinschlag.png\" title=\"coup de foudre\" alt=\"\"> <div  data-type=\"column\" class=\"col-padding-small col-padding-small-xs description-container\"> <h4  class=\"font-500\">Orage<\/h4> <p  class=\"\">Il vaut mieux rester \u00e0 l'int\u00e9rieur par un tel temps ! Surtout quand les \u00e9clairs nous entourent !\n<br >\n<br >Les armures en m\u00e9tal sont \u00e0 \u00e9viter \u00e0 tout prix !<\/p> <\/div> <\/div><\/div> <\/div><\/div>","protected":false},"excerpt":{"rendered":"<p>Camps Vous pouvez trouver ces bases de PNJ au hasard sur toutes les \u00eeles ! Ils sont agressifs envers vous. Si vous parvenez \u00e0 percer leurs d\u00e9fenses et \u00e0 tuer tous les PNJ, vous pourrez les piller au drapeau Ils sont la seule source de blueprints de structures. Iceberg Ils se trouvent dans le Polar et parfois dans la toundra, peuvent... <br \/> <a class=\"read-more\" href=\"https:\/\/radioactivegaming.eu\/fr\/atlas\/environnement\/\">Read more<\/a><\/p>","protected":false},"author":1,"featured_media":0,"parent":13,"menu_order":0,"comment_status":"closed","ping_status":"closed","template":"pro\/page-templates\/full-width-page.php","meta":{"footnotes":""},"class_list":["post-3149","page","type-page","status-publish","hentry"],"yoast_head":"<!-- This site is optimized with the Yoast SEO plugin v26.3 - https:\/\/yoast.com\/wordpress\/plugins\/seo\/ -->\n<title>umgebung - Radioactive Gaming<\/title>\n<meta name=\"robots\" content=\"index, follow, max-snippet:-1, max-image-preview:large, max-video-preview:-1\" \/>\n<link rel=\"canonical\" href=\"https:\/\/radioactivegaming.eu\/fr\/atlas\/environnement\/\" \/>\n<meta property=\"og:locale\" content=\"fr_FR\" \/>\n<meta property=\"og:type\" content=\"article\" \/>\n<meta property=\"og:title\" content=\"umgebung - Radioactive Gaming\" \/>\n<meta property=\"og:description\" content=\"Camps Diese NPC-Basen k\u00f6nnt ihr zuf\u00e4llig auf allen Inseln vorfinden! Sie sind aggressiv euch gegen\u00fcber. Schafft ihr es ihre Verteidigung zu durchbrechen und alle NPCs zu t\u00f6ten, k\u00f6nnt ihr sie an der Fahne pl\u00fcndern Sie sind die einzige Quelle f\u00fcr Blueprints von Strukturen. Iceberg Diese kommen im Polar und gelegentlich in der Tundra vor, k\u00f6nnen&hellip; Read more\" \/>\n<meta property=\"og:url\" content=\"https:\/\/radioactivegaming.eu\/fr\/atlas\/environnement\/\" \/>\n<meta property=\"og:site_name\" content=\"Radioactive Gaming\" \/>\n<meta property=\"article:modified_time\" content=\"2024-05-24T22:32:07+00:00\" \/>\n<meta property=\"og:image\" content=\"https:\/\/radioactivegaming.eu\/wp-content\/uploads\/2024\/05\/camp2.png\" \/>\n<meta name=\"twitter:card\" content=\"summary_large_image\" \/>\n<meta name=\"twitter:label1\" content=\"Dur\u00e9e de lecture estim\u00e9e\" \/>\n\t<meta name=\"twitter:data1\" content=\"1 minute\" \/>\n<script type=\"application\/ld+json\" class=\"yoast-schema-graph\">{\"@context\":\"https:\/\/schema.org\",\"@graph\":[{\"@type\":\"WebPage\",\"@id\":\"https:\/\/radioactivegaming.eu\/atlas\/umgebung\/\",\"url\":\"https:\/\/radioactivegaming.eu\/atlas\/umgebung\/\",\"name\":\"umgebung - Radioactive Gaming\",\"isPartOf\":{\"@id\":\"https:\/\/radioactivegaming.eu\/#website\"},\"primaryImageOfPage\":{\"@id\":\"https:\/\/radioactivegaming.eu\/atlas\/umgebung\/#primaryimage\"},\"image\":{\"@id\":\"https:\/\/radioactivegaming.eu\/atlas\/umgebung\/#primaryimage\"},\"thumbnailUrl\":\"https:\/\/radioactivegaming.eu\/wp-content\/uploads\/2024\/05\/camp2.png\",\"datePublished\":\"2021-03-17T14:45:15+00:00\",\"dateModified\":\"2024-05-24T22:32:07+00:00\",\"breadcrumb\":{\"@id\":\"https:\/\/radioactivegaming.eu\/atlas\/umgebung\/#breadcrumb\"},\"inLanguage\":\"fr-FR\",\"potentialAction\":[{\"@type\":\"ReadAction\",\"target\":[\"https:\/\/radioactivegaming.eu\/atlas\/umgebung\/\"]}]},{\"@type\":\"ImageObject\",\"inLanguage\":\"fr-FR\",\"@id\":\"https:\/\/radioactivegaming.eu\/atlas\/umgebung\/#primaryimage\",\"url\":\"https:\/\/radioactivegaming.eu\/wp-content\/uploads\/2024\/05\/camp2.png\",\"contentUrl\":\"https:\/\/radioactivegaming.eu\/wp-content\/uploads\/2024\/05\/camp2.png\"},{\"@type\":\"BreadcrumbList\",\"@id\":\"https:\/\/radioactivegaming.eu\/atlas\/umgebung\/#breadcrumb\",\"itemListElement\":[{\"@type\":\"ListItem\",\"position\":1,\"name\":\"Startseite\",\"item\":\"https:\/\/radioactivegaming.eu\/\"},{\"@type\":\"ListItem\",\"position\":2,\"name\":\"Atlas\",\"item\":\"https:\/\/radioactivegaming.eu\/atlas\/\"},{\"@type\":\"ListItem\",\"position\":3,\"name\":\"umgebung\"}]},{\"@type\":\"WebSite\",\"@id\":\"https:\/\/radioactivegaming.eu\/#website\",\"url\":\"https:\/\/radioactivegaming.eu\/\",\"name\":\"Radioactive Gaming\",\"description\":\"\",\"publisher\":{\"@id\":\"https:\/\/radioactivegaming.eu\/#organization\"},\"potentialAction\":[{\"@type\":\"SearchAction\",\"target\":{\"@type\":\"EntryPoint\",\"urlTemplate\":\"https:\/\/radioactivegaming.eu\/?s={search_term_string}\"},\"query-input\":{\"@type\":\"PropertyValueSpecification\",\"valueRequired\":true,\"valueName\":\"search_term_string\"}}],\"inLanguage\":\"fr-FR\"},{\"@type\":\"Organization\",\"@id\":\"https:\/\/radioactivegaming.eu\/#organization\",\"name\":\"Radioactive Gaming\",\"url\":\"https:\/\/radioactivegaming.eu\/\",\"logo\":{\"@type\":\"ImageObject\",\"inLanguage\":\"fr-FR\",\"@id\":\"https:\/\/radioactivegaming.eu\/#\/schema\/logo\/image\/\",\"url\":\"https:\/\/radioactivegaming.eu\/wp-content\/uploads\/2019\/12\/cropped-coin-2.png\",\"contentUrl\":\"https:\/\/radioactivegaming.eu\/wp-content\/uploads\/2019\/12\/cropped-coin-2.png\",\"width\":256,\"height\":256,\"caption\":\"Radioactive Gaming\"},\"image\":{\"@id\":\"https:\/\/radioactivegaming.eu\/#\/schema\/logo\/image\/\"},\"sameAs\":[\"https:\/\/www.youtube.com\/channel\/UCHAH-p_vfp_co-__TB4M14A\"]}]}<\/script>\n<!-- \/ Yoast SEO plugin. -->","yoast_head_json":{"title":"environnement - Radioactive Gaming","robots":{"index":"index","follow":"follow","max-snippet":"max-snippet:-1","max-image-preview":"max-image-preview:large","max-video-preview":"max-video-preview:-1"},"canonical":"https:\/\/radioactivegaming.eu\/fr\/atlas\/environnement\/","og_locale":"fr_FR","og_type":"article","og_title":"umgebung - Radioactive Gaming","og_description":"Camps Diese NPC-Basen k\u00f6nnt ihr zuf\u00e4llig auf allen Inseln vorfinden! Sie sind aggressiv euch gegen\u00fcber. Schafft ihr es ihre Verteidigung zu durchbrechen und alle NPCs zu t\u00f6ten, k\u00f6nnt ihr sie an der Fahne pl\u00fcndern Sie sind die einzige Quelle f\u00fcr Blueprints von Strukturen. Iceberg Diese kommen im Polar und gelegentlich in der Tundra vor, k\u00f6nnen&hellip; Read more","og_url":"https:\/\/radioactivegaming.eu\/fr\/atlas\/environnement\/","og_site_name":"Radioactive Gaming","article_modified_time":"2024-05-24T22:32:07+00:00","og_image":[{"url":"https:\/\/radioactivegaming.eu\/wp-content\/uploads\/2024\/05\/camp2.png","type":"","width":"","height":""}],"twitter_card":"summary_large_image","twitter_misc":{"Dur\u00e9e de lecture estim\u00e9e":"1 minute"},"schema":{"@context":"https:\/\/schema.org","@graph":[{"@type":"WebPage","@id":"https:\/\/radioactivegaming.eu\/atlas\/umgebung\/","url":"https:\/\/radioactivegaming.eu\/atlas\/umgebung\/","name":"environnement - Radioactive Gaming","isPartOf":{"@id":"https:\/\/radioactivegaming.eu\/#website"},"primaryImageOfPage":{"@id":"https:\/\/radioactivegaming.eu\/atlas\/umgebung\/#primaryimage"},"image":{"@id":"https:\/\/radioactivegaming.eu\/atlas\/umgebung\/#primaryimage"},"thumbnailUrl":"https:\/\/radioactivegaming.eu\/wp-content\/uploads\/2024\/05\/camp2.png","datePublished":"2021-03-17T14:45:15+00:00","dateModified":"2024-05-24T22:32:07+00:00","breadcrumb":{"@id":"https:\/\/radioactivegaming.eu\/atlas\/umgebung\/#breadcrumb"},"inLanguage":"fr-FR","potentialAction":[{"@type":"ReadAction","target":["https:\/\/radioactivegaming.eu\/atlas\/umgebung\/"]}]},{"@type":"ImageObject","inLanguage":"fr-FR","@id":"https:\/\/radioactivegaming.eu\/atlas\/umgebung\/#primaryimage","url":"https:\/\/radioactivegaming.eu\/wp-content\/uploads\/2024\/05\/camp2.png","contentUrl":"https:\/\/radioactivegaming.eu\/wp-content\/uploads\/2024\/05\/camp2.png"},{"@type":"BreadcrumbList","@id":"https:\/\/radioactivegaming.eu\/atlas\/umgebung\/#breadcrumb","itemListElement":[{"@type":"ListItem","position":1,"name":"Startseite","item":"https:\/\/radioactivegaming.eu\/"},{"@type":"ListItem","position":2,"name":"Atlas","item":"https:\/\/radioactivegaming.eu\/atlas\/"},{"@type":"ListItem","position":3,"name":"umgebung"}]},{"@type":"WebSite","@id":"https:\/\/radioactivegaming.eu\/#website","url":"https:\/\/radioactivegaming.eu\/","name":"Jeux radioactifs","description":"","publisher":{"@id":"https:\/\/radioactivegaming.eu\/#organization"},"potentialAction":[{"@type":"SearchAction","target":{"@type":"EntryPoint","urlTemplate":"https:\/\/radioactivegaming.eu\/?s={search_term_string}"},"query-input":{"@type":"PropertyValueSpecification","valueRequired":true,"valueName":"search_term_string"}}],"inLanguage":"fr-FR"},{"@type":"Organization","@id":"https:\/\/radioactivegaming.eu\/#organization","name":"Jeux radioactifs","url":"https:\/\/radioactivegaming.eu\/","logo":{"@type":"ImageObject","inLanguage":"fr-FR","@id":"https:\/\/radioactivegaming.eu\/#\/schema\/logo\/image\/","url":"https:\/\/radioactivegaming.eu\/wp-content\/uploads\/2019\/12\/cropped-coin-2.png","contentUrl":"https:\/\/radioactivegaming.eu\/wp-content\/uploads\/2019\/12\/cropped-coin-2.png","width":256,"height":256,"caption":"Radioactive Gaming"},"image":{"@id":"https:\/\/radioactivegaming.eu\/#\/schema\/logo\/image\/"},"sameAs":["https:\/\/www.youtube.com\/channel\/UCHAH-p_vfp_co-__TB4M14A"]}]}},"jetpack_sharing_enabled":true,"_links":{"self":[{"href":"https:\/\/radioactivegaming.eu\/fr\/wp-json\/wp\/v2\/pages\/3149","targetHints":{"allow":["GET"]}}],"collection":[{"href":"https:\/\/radioactivegaming.eu\/fr\/wp-json\/wp\/v2\/pages"}],"about":[{"href":"https:\/\/radioactivegaming.eu\/fr\/wp-json\/wp\/v2\/types\/page"}],"author":[{"embeddable":true,"href":"https:\/\/radioactivegaming.eu\/fr\/wp-json\/wp\/v2\/users\/1"}],"replies":[{"embeddable":true,"href":"https:\/\/radioactivegaming.eu\/fr\/wp-json\/wp\/v2\/comments?post=3149"}],"version-history":[{"count":5,"href":"https:\/\/radioactivegaming.eu\/fr\/wp-json\/wp\/v2\/pages\/3149\/revisions"}],"predecessor-version":[{"id":5457,"href":"https:\/\/radioactivegaming.eu\/fr\/wp-json\/wp\/v2\/pages\/3149\/revisions\/5457"}],"up":[{"embeddable":true,"href":"https:\/\/radioactivegaming.eu\/fr\/wp-json\/wp\/v2\/pages\/13"}],"wp:attachment":[{"href":"https:\/\/radioactivegaming.eu\/fr\/wp-json\/wp\/v2\/media?parent=3149"}],"curies":[{"name":"wp","href":"https:\/\/api.w.org\/{rel}","templated":true}]}}