{"id":3180,"date":"2021-03-17T17:19:23","date_gmt":"2021-03-17T16:19:23","guid":{"rendered":"https:\/\/radioactivegaming.eu\/?page_id=3180"},"modified":"2024-05-24T18:13:02","modified_gmt":"2024-05-24T16:13:02","slug":"decay","status":"publish","type":"page","link":"https:\/\/radioactivegaming.eu\/fr\/atlas\/decay\/","title":{"rendered":"Decay"},"content":{"rendered":"<div  data-label=\"Overlappable\" data-id=\"overlappable--2\" data-export-id=\"overlappable-4\" data-category=\"overlappable\" class=\"overlappable-4 content-section content-section-spacing content-relative\" data-overlap=\"true\" id=\"overlappable-2\" style=\"background-color: rgb(255, 255, 255);\"><div  class=\"section-separator-top\">\n    <svg  class=\"section-separator-top\" data-separator-name=\"triangle-asymmetrical-negative\" preserveaspectratio=\"none\" viewbox=\"0 0 1000 100\" xmlns=\"http:\/\/www.w3.org\/2000\/svg\">\n        <path  class=\"svg-white-bg\" d=\"M737.9,94.7L0,0v100h1000V0L737.9,94.7z\"><\/path>\n    <\/svg>\n<\/div><div  class=\"gridContainer\"> <div  data-type=\"row\" class=\"row spaced-cols text-center\"><div  class=\"col-xs-12 col-sm-4 col-padding col-md-6\"> <i  class=\"fa icon fa-clone large shadow-large-black round aligncenter reverse color1\"><\/i> <div  data-type=\"column\" class=\"\"> <h5  class=\"\">D\u00e9sint\u00e9gration de structures \/ animaux \/ navires<\/h5> <p  class=\"\">Toutes les structures, animaux &amp; navires qui n'ont pas \u00e9t\u00e9 rendus par la compagnie propri\u00e9taire pendant 12 jours sont marqu\u00e9s d'un marteau rouge, c'est un avertissement que ces objets vont bient\u00f4t se d\u00e9sint\u00e9grer.\n<br ><br >Si le seuil des 14 jours est ensuite d\u00e9pass\u00e9, les objets correspondants sont supprim\u00e9s du jeu.<\/p><\/div> <\/div> <div  class=\"col-xs-12 col-sm-4 col-padding col-md-6\"> <i  class=\"fa icon fa-cogs large shadow-large-black round aligncenter reverse color1\"><\/i> <div  data-type=\"column\" class=\"\"><h5  class=\"\">Enregistrement<\/h5> <p  class=\"\">Tous les decays ainsi que les warnings seront publi\u00e9s sur Discord sous : #<img decoding=\"async\"  draggable=\"false\" role=\"img\" class=\"emoji\" alt=\"?\" src=\"https:\/\/s.w.org\/images\/core\/emoji\/13.0.1\/svg\/1f6a7.svg\">decay-warnings-and-logs<img decoding=\"async\"  draggable=\"false\" role=\"img\" class=\"emoji\" alt=\"\u2693\" src=\"https:\/\/s.w.org\/images\/core\/emoji\/13.0.1\/svg\/2693.svg\"> enregistr\u00e9.<br ><br >Vous pouvez les consulter \u00e0 tout moment au jour le jour !<\/p><\/div> <\/div> <div  class=\"col-xs-12 col-sm-4 col-padding col-md-6\"> <i  class=\"fa icon fa-magic large shadow-large-black round aligncenter reverse color1\"><\/i> <div  data-type=\"column\" class=\"\"><h5  class=\"\">Marqueurs de d\u00e9cayage<\/h5> <p  class=\"\">Veuillez noter que les marquages de d\u00e9cadence (avertissements avec le marteau rouge) ne disparaissent pas avant le red\u00e9marrage du serveur, mais cela n'a pas d'importance si vous les avez visit\u00e9s entre-temps.<\/p><\/div> <\/div><div  class=\"col-xs-12 col-sm-4 col-padding col-md-6\"> <i  class=\"fa icon shadow-large-black aligncenter fa-automobile reverse round large color1\"><\/i> <div  data-type=\"column\" class=\"\"> <h5  class=\"\">Cong\u00e9 \/ absence ?<\/h5> <p  class=\"\">Si toute votre compagnie ne peut plus jouer pendant un certain temps (par ex. vacances), vous pouvez cr\u00e9er un ticket et vous faire ajouter \u00e0 la liste des exceptions.\n<br ><br >Veuillez noter que cela n'emp\u00eache pas qu'une r\u00e9clamation qui n'a pas \u00e9t\u00e9 rendue pendant 10 jours puisse \u00eatre vol\u00e9e en PvE.\n<br ><br >Veuillez \u00e9galement noter que les animaux peuvent continuer \u00e0 mourir de faim et que les navires peuvent couler en raison de l'usure des planches.\n<br >Prenez donc vos dispositions avant de vous absenter !<\/p><\/div> <\/div><\/div> <\/div><\/div><div  data-label=\"Overlappable\" data-id=\"overlappable--1\" data-export-id=\"overlappable-1\" data-category=\"overlappable\" class=\"overlappable-1 content-section content-section-spacing\" data-overlap=\"true\" id=\"overlappable-1\" style=\"background-color: rgb(255, 255, 255);\"><div  class=\"gridContainer\"> <div  data-type=\"row\" class=\"row shadow-medium\"><div  data-type=\"column\" class=\"col-xs-12 col-sm-4 flexcol bg-color-white col-padding col-padding-small-xs col-md-6\">  <h5  class=\"\">R\u00e9glementations sp\u00e9ciales<\/h5> <p  class=\"\">Pour les \u00eeles suivantes, il existe des r\u00e8gles sp\u00e9ciales que vous devez absolument respecter.\n<br ><br >Veuillez \u00e9galement tenir compte des r\u00e9glementations sur ces \u00eeles, les r\u00e8gles de d\u00e9sint\u00e9gration les soutiennent, mais ne sont en aucun cas un permis gratuit, par exemple pour le stationnement permanent et le rendu quotidien !!!<\/p> <\/div>  <div  data-type=\"column\" class=\"col-xs-12 col-sm-4 flexcol col-padding col-padding-small-xs inverted col-md-6 bg-color1\"><i  class=\"fa icon white fa-anchor color-black\"><\/i> <h5  class=\"inverted\">Nassau &amp; autres villes<\/h5> <p  class=\"\">Les navires et les animaux dans les villes se d\u00e9sint\u00e8grent s'ils n'ont pas \u00e9t\u00e9 rendus par la compagnie propri\u00e9taire pendant 48 heures.\n<br ><br >\nLes navires sont d\u00e9buff\u00e9s et expirent au bout de 3 jours, m\u00eame s'ils ont \u00e9t\u00e9 rendus !\n<br >Vous pouvez supprimer ce debuff en changeant de grille !<\/p> <\/div><div  data-type=\"column\" class=\"col-xs-12 col-sm-4 flexcol bg-color2 col-padding col-padding-small-xs inverted col-md-6\"><i  class=\"fa icon fa-cubes white\"><\/i> <h5  class=\"inverted\">\u00celes Powerstone &amp; grotte du Y\u00e9ti<\/h5> <p  class=\"\">Les navires et les cr\u00e9atures sur ces \u00eeles se d\u00e9sint\u00e8grent s'ils n'ont pas \u00e9t\u00e9 rendus par la compagnie propri\u00e9taire pendant 48 heures.\n<br ><br >Les vaisseaux se voient attribuer un debuff qui les fait expirer apr\u00e8s 3 red\u00e9marrages, m\u00eame s'ils ont \u00e9t\u00e9 rendus ! \n<br >Vous pouvez supprimer ce debuff en changeant de grille !<br ><br >Les structures se d\u00e9sint\u00e8grent apr\u00e8s chaque red\u00e9marrage.<\/p> <\/div> <\/div><\/div> <\/div>","protected":false},"excerpt":{"rendered":"<p>D\u00e9sint\u00e9gration des structures \/ animaux \/ navires Toutes les structures, animaux et navires qui n'ont pas \u00e9t\u00e9 rendus par la compagnie propri\u00e9taire pendant 12 jours sont marqu\u00e9s d'un marteau rouge, ce qui est un avertissement que ces objets vont bient\u00f4t se d\u00e9sint\u00e9grer. Si le seuil de 14 jours est ensuite d\u00e9pass\u00e9, les objets concern\u00e9s seront supprim\u00e9s du jeu. Logging Tous les decays ainsi que... <br \/> <a class=\"read-more\" href=\"https:\/\/radioactivegaming.eu\/fr\/atlas\/decay\/\">Read more<\/a><\/p>","protected":false},"author":1,"featured_media":0,"parent":13,"menu_order":0,"comment_status":"closed","ping_status":"closed","template":"pro\/page-templates\/full-width-page.php","meta":{"footnotes":""},"class_list":["post-3180","page","type-page","status-publish","hentry"],"yoast_head":"<!-- This site is optimized with the Yoast SEO plugin v26.3 - https:\/\/yoast.com\/wordpress\/plugins\/seo\/ -->\n<title>Decay - Radioactive Gaming<\/title>\n<meta name=\"robots\" content=\"index, follow, max-snippet:-1, max-image-preview:large, max-video-preview:-1\" \/>\n<link rel=\"canonical\" href=\"https:\/\/radioactivegaming.eu\/fr\/atlas\/decay\/\" \/>\n<meta property=\"og:locale\" content=\"fr_FR\" \/>\n<meta property=\"og:type\" content=\"article\" \/>\n<meta property=\"og:title\" content=\"Decay - Radioactive Gaming\" \/>\n<meta property=\"og:description\" content=\"Zerfall von Strukturen \/ Tieren \/ Schiffen Alle Strukturen, Tiere &amp; Schiffe, welche von der besitzenden Company 12 Tage nicht gerendert wurden, werden mit einem Roten Hammer versehen, dies ist die Warnung, dass diese Objekte bald zerfallen. Wird anschlie\u00dfend die 14 Tage-Schwelle \u00fcberschritten, werden die entsprechenden Objekte aus dem Spiel gel\u00f6scht. Logging Alle Decays sowie&hellip; Read more\" \/>\n<meta property=\"og:url\" content=\"https:\/\/radioactivegaming.eu\/fr\/atlas\/decay\/\" \/>\n<meta property=\"og:site_name\" content=\"Radioactive Gaming\" \/>\n<meta property=\"article:modified_time\" content=\"2024-05-24T16:13:02+00:00\" \/>\n<meta property=\"og:image\" content=\"https:\/\/s.w.org\/images\/core\/emoji\/13.0.1\/svg\/1f6a7.svg\" \/>\n<meta name=\"twitter:card\" content=\"summary_large_image\" \/>\n<meta name=\"twitter:label1\" content=\"Dur\u00e9e de lecture estim\u00e9e\" \/>\n\t<meta name=\"twitter:data1\" content=\"3 minutes\" \/>\n<script type=\"application\/ld+json\" class=\"yoast-schema-graph\">{\"@context\":\"https:\/\/schema.org\",\"@graph\":[{\"@type\":\"WebPage\",\"@id\":\"https:\/\/radioactivegaming.eu\/atlas\/decay\/\",\"url\":\"https:\/\/radioactivegaming.eu\/atlas\/decay\/\",\"name\":\"Decay - Radioactive Gaming\",\"isPartOf\":{\"@id\":\"https:\/\/radioactivegaming.eu\/#website\"},\"primaryImageOfPage\":{\"@id\":\"https:\/\/radioactivegaming.eu\/atlas\/decay\/#primaryimage\"},\"image\":{\"@id\":\"https:\/\/radioactivegaming.eu\/atlas\/decay\/#primaryimage\"},\"thumbnailUrl\":\"https:\/\/s.w.org\/images\/core\/emoji\/13.0.1\/svg\/1f6a7.svg\",\"datePublished\":\"2021-03-17T16:19:23+00:00\",\"dateModified\":\"2024-05-24T16:13:02+00:00\",\"breadcrumb\":{\"@id\":\"https:\/\/radioactivegaming.eu\/atlas\/decay\/#breadcrumb\"},\"inLanguage\":\"fr-FR\",\"potentialAction\":[{\"@type\":\"ReadAction\",\"target\":[\"https:\/\/radioactivegaming.eu\/atlas\/decay\/\"]}]},{\"@type\":\"ImageObject\",\"inLanguage\":\"fr-FR\",\"@id\":\"https:\/\/radioactivegaming.eu\/atlas\/decay\/#primaryimage\",\"url\":\"https:\/\/s.w.org\/images\/core\/emoji\/13.0.1\/svg\/1f6a7.svg\",\"contentUrl\":\"https:\/\/s.w.org\/images\/core\/emoji\/13.0.1\/svg\/1f6a7.svg\"},{\"@type\":\"BreadcrumbList\",\"@id\":\"https:\/\/radioactivegaming.eu\/atlas\/decay\/#breadcrumb\",\"itemListElement\":[{\"@type\":\"ListItem\",\"position\":1,\"name\":\"Startseite\",\"item\":\"https:\/\/radioactivegaming.eu\/\"},{\"@type\":\"ListItem\",\"position\":2,\"name\":\"Atlas\",\"item\":\"https:\/\/radioactivegaming.eu\/atlas\/\"},{\"@type\":\"ListItem\",\"position\":3,\"name\":\"Decay\"}]},{\"@type\":\"WebSite\",\"@id\":\"https:\/\/radioactivegaming.eu\/#website\",\"url\":\"https:\/\/radioactivegaming.eu\/\",\"name\":\"Radioactive Gaming\",\"description\":\"\",\"publisher\":{\"@id\":\"https:\/\/radioactivegaming.eu\/#organization\"},\"potentialAction\":[{\"@type\":\"SearchAction\",\"target\":{\"@type\":\"EntryPoint\",\"urlTemplate\":\"https:\/\/radioactivegaming.eu\/?s={search_term_string}\"},\"query-input\":{\"@type\":\"PropertyValueSpecification\",\"valueRequired\":true,\"valueName\":\"search_term_string\"}}],\"inLanguage\":\"fr-FR\"},{\"@type\":\"Organization\",\"@id\":\"https:\/\/radioactivegaming.eu\/#organization\",\"name\":\"Radioactive Gaming\",\"url\":\"https:\/\/radioactivegaming.eu\/\",\"logo\":{\"@type\":\"ImageObject\",\"inLanguage\":\"fr-FR\",\"@id\":\"https:\/\/radioactivegaming.eu\/#\/schema\/logo\/image\/\",\"url\":\"https:\/\/radioactivegaming.eu\/wp-content\/uploads\/2019\/12\/cropped-coin-2.png\",\"contentUrl\":\"https:\/\/radioactivegaming.eu\/wp-content\/uploads\/2019\/12\/cropped-coin-2.png\",\"width\":256,\"height\":256,\"caption\":\"Radioactive Gaming\"},\"image\":{\"@id\":\"https:\/\/radioactivegaming.eu\/#\/schema\/logo\/image\/\"},\"sameAs\":[\"https:\/\/www.youtube.com\/channel\/UCHAH-p_vfp_co-__TB4M14A\"]}]}<\/script>\n<!-- \/ Yoast SEO plugin. -->","yoast_head_json":{"title":"Decay - Radioactive Gaming","robots":{"index":"index","follow":"follow","max-snippet":"max-snippet:-1","max-image-preview":"max-image-preview:large","max-video-preview":"max-video-preview:-1"},"canonical":"https:\/\/radioactivegaming.eu\/fr\/atlas\/decay\/","og_locale":"fr_FR","og_type":"article","og_title":"Decay - Radioactive Gaming","og_description":"Zerfall von Strukturen \/ Tieren \/ Schiffen Alle Strukturen, Tiere &amp; Schiffe, welche von der besitzenden Company 12 Tage nicht gerendert wurden, werden mit einem Roten Hammer versehen, dies ist die Warnung, dass diese Objekte bald zerfallen. Wird anschlie\u00dfend die 14 Tage-Schwelle \u00fcberschritten, werden die entsprechenden Objekte aus dem Spiel gel\u00f6scht. Logging Alle Decays sowie&hellip; Read more","og_url":"https:\/\/radioactivegaming.eu\/fr\/atlas\/decay\/","og_site_name":"Radioactive Gaming","article_modified_time":"2024-05-24T16:13:02+00:00","og_image":[{"url":"https:\/\/s.w.org\/images\/core\/emoji\/13.0.1\/svg\/1f6a7.svg","type":"","width":"","height":""}],"twitter_card":"summary_large_image","twitter_misc":{"Dur\u00e9e de lecture estim\u00e9e":"3 minutes"},"schema":{"@context":"https:\/\/schema.org","@graph":[{"@type":"WebPage","@id":"https:\/\/radioactivegaming.eu\/atlas\/decay\/","url":"https:\/\/radioactivegaming.eu\/atlas\/decay\/","name":"Decay - Radioactive Gaming","isPartOf":{"@id":"https:\/\/radioactivegaming.eu\/#website"},"primaryImageOfPage":{"@id":"https:\/\/radioactivegaming.eu\/atlas\/decay\/#primaryimage"},"image":{"@id":"https:\/\/radioactivegaming.eu\/atlas\/decay\/#primaryimage"},"thumbnailUrl":"https:\/\/s.w.org\/images\/core\/emoji\/13.0.1\/svg\/1f6a7.svg","datePublished":"2021-03-17T16:19:23+00:00","dateModified":"2024-05-24T16:13:02+00:00","breadcrumb":{"@id":"https:\/\/radioactivegaming.eu\/atlas\/decay\/#breadcrumb"},"inLanguage":"fr-FR","potentialAction":[{"@type":"ReadAction","target":["https:\/\/radioactivegaming.eu\/atlas\/decay\/"]}]},{"@type":"ImageObject","inLanguage":"fr-FR","@id":"https:\/\/radioactivegaming.eu\/atlas\/decay\/#primaryimage","url":"https:\/\/s.w.org\/images\/core\/emoji\/13.0.1\/svg\/1f6a7.svg","contentUrl":"https:\/\/s.w.org\/images\/core\/emoji\/13.0.1\/svg\/1f6a7.svg"},{"@type":"BreadcrumbList","@id":"https:\/\/radioactivegaming.eu\/atlas\/decay\/#breadcrumb","itemListElement":[{"@type":"ListItem","position":1,"name":"Startseite","item":"https:\/\/radioactivegaming.eu\/"},{"@type":"ListItem","position":2,"name":"Atlas","item":"https:\/\/radioactivegaming.eu\/atlas\/"},{"@type":"ListItem","position":3,"name":"Decay"}]},{"@type":"WebSite","@id":"https:\/\/radioactivegaming.eu\/#website","url":"https:\/\/radioactivegaming.eu\/","name":"Jeux radioactifs","description":"","publisher":{"@id":"https:\/\/radioactivegaming.eu\/#organization"},"potentialAction":[{"@type":"SearchAction","target":{"@type":"EntryPoint","urlTemplate":"https:\/\/radioactivegaming.eu\/?s={search_term_string}"},"query-input":{"@type":"PropertyValueSpecification","valueRequired":true,"valueName":"search_term_string"}}],"inLanguage":"fr-FR"},{"@type":"Organization","@id":"https:\/\/radioactivegaming.eu\/#organization","name":"Jeux radioactifs","url":"https:\/\/radioactivegaming.eu\/","logo":{"@type":"ImageObject","inLanguage":"fr-FR","@id":"https:\/\/radioactivegaming.eu\/#\/schema\/logo\/image\/","url":"https:\/\/radioactivegaming.eu\/wp-content\/uploads\/2019\/12\/cropped-coin-2.png","contentUrl":"https:\/\/radioactivegaming.eu\/wp-content\/uploads\/2019\/12\/cropped-coin-2.png","width":256,"height":256,"caption":"Radioactive Gaming"},"image":{"@id":"https:\/\/radioactivegaming.eu\/#\/schema\/logo\/image\/"},"sameAs":["https:\/\/www.youtube.com\/channel\/UCHAH-p_vfp_co-__TB4M14A"]}]}},"jetpack_sharing_enabled":true,"_links":{"self":[{"href":"https:\/\/radioactivegaming.eu\/fr\/wp-json\/wp\/v2\/pages\/3180","targetHints":{"allow":["GET"]}}],"collection":[{"href":"https:\/\/radioactivegaming.eu\/fr\/wp-json\/wp\/v2\/pages"}],"about":[{"href":"https:\/\/radioactivegaming.eu\/fr\/wp-json\/wp\/v2\/types\/page"}],"author":[{"embeddable":true,"href":"https:\/\/radioactivegaming.eu\/fr\/wp-json\/wp\/v2\/users\/1"}],"replies":[{"embeddable":true,"href":"https:\/\/radioactivegaming.eu\/fr\/wp-json\/wp\/v2\/comments?post=3180"}],"version-history":[{"count":9,"href":"https:\/\/radioactivegaming.eu\/fr\/wp-json\/wp\/v2\/pages\/3180\/revisions"}],"predecessor-version":[{"id":5316,"href":"https:\/\/radioactivegaming.eu\/fr\/wp-json\/wp\/v2\/pages\/3180\/revisions\/5316"}],"up":[{"embeddable":true,"href":"https:\/\/radioactivegaming.eu\/fr\/wp-json\/wp\/v2\/pages\/13"}],"wp:attachment":[{"href":"https:\/\/radioactivegaming.eu\/fr\/wp-json\/wp\/v2\/media?parent=3180"}],"curies":[{"name":"wp","href":"https:\/\/api.w.org\/{rel}","templated":true}]}}