{"id":3434,"date":"2021-08-10T10:34:12","date_gmt":"2021-08-10T08:34:12","guid":{"rendered":"https:\/\/radioactivegaming.eu\/?page_id=3434"},"modified":"2024-05-24T20:53:20","modified_gmt":"2024-05-24T18:53:20","slug":"qualite-de-larticle","status":"publish","type":"page","link":"https:\/\/radioactivegaming.eu\/fr\/atlas\/qualite-de-larticle\/","title":{"rendered":"Qualit\u00e9 de l'article"},"content":{"rendered":"<div  data-label=\"Overlappable\" data-id=\"overlappable--1\" data-export-id=\"overlappable-2\" data-category=\"overlappable\" class=\"overlappable-2 content-section content-section-spacing content-relative\" data-overlap=\"true\" id=\"overlappable-1\" style=\"background-color: rgb(255, 255, 255);\"><div  class=\"section-separator-top\">\n    <svg  class=\"section-separator-top\" data-separator-name=\"triangle-asymmetrical-negative\" preserveaspectratio=\"none\" viewbox=\"0 0 1000 100\" xmlns=\"http:\/\/www.w3.org\/2000\/svg\">\n        <path  class=\"svg-white-bg\" d=\"M737.9,94.7L0,0v100h1000V0L737.9,94.7z\"><\/path>\n    <\/svg>\n<\/div><div  class=\"gridContainer\"> <div  class=\"row middle-sm shadow-medium bg-color-white\"><div  class=\"col-xs-12 col-sm-4 top-sm col-padding col-padding-xs\" data-type=\"column\"> <h3  class=\"font-300\">Vous trouverez chez nous des bleus aux niveaux suivants<\/h3> <p  class=\"\">Primitif<br ><span  style=\"color: rgb(38, 204, 29);\"><span  style=\"font-weight: 700;\">Fine<\/span><\/span><br ><span  style=\"color: rgb(3, 25, 244); font-weight: 700;\">Journeyman<\/span><br ><span  style=\"color: rgb(140, 35, 159); font-weight: 700;\">Travail de ma\u00eetrise<\/span><br ><span  style=\"color: rgb(252, 247, 2); font-weight: 700;\">L\u00e9gendaire<\/span><br ><span  style=\"color: rgb(0, 255, 248); font-weight: 700;\">Mythique<\/span><br ><span  style=\"color: rgb(223, 10, 10);\"><span  style=\"font-weight: 700;\">Unique<\/span><\/span><\/p> <\/div> <div  class=\"col-xs-12 col-sm-8\"><div  data-type=\"row\" class=\"row\"> <div  class=\"col-xs-12 col-sm-6 col-padding col-padding-small-xs\"><i  class=\"fa icon fa-cogs bordered round color1\"><\/i> <h5  class=\"\">Crafting<\/h5> <p  class=\"\">Pour fabriquer des bleus uniques, il vous faut :<br >- 7 types de chaque ressource, par ex. 7 types de bois\n<br >- Le mythe\n<br >- Or<br >- Substance lumineuse<\/p><\/div> <div  class=\"col-xs-12 col-sm-6 col-padding col-padding-small-xs\"><i  class=\"fa icon bordered round fa-forumbee color1\"><\/i> <h5  class=\"\">Substance lumineuse<\/h5> <p  class=\"\">Cette ressource rare peut \u00eatre r\u00e9colt\u00e9e sur les cadavres de la baleine lumineuse, qui se trouve dans les profondeurs des Tranch\u00e9es !\n<br ><br >La Substance lumineuse est n\u00e9cessaire pour cr\u00e9er des objets uniques !<br ><br >Vous pouvez \u00e9galement gagner cette ressource en jouant \u00e0 d'autres contenus difficiles (par ex. combats de boss, d\u00e9fis uniques).<\/p><\/div> <div  class=\"col-xs-12 col-sm-6 col-padding col-padding-small-xs\"><i  class=\"fa icon bordered round fa-cubes color1\"><\/i> <h5  class=\"\">R\u00e9paration d'objets uniques<\/h5> <p  class=\"\">Les ressources suppl\u00e9mentaires (or, substance lumineuse) ne sont pas n\u00e9cessaires pour la r\u00e9paration si vous l'effectuez via l'\u00e9tabli.<\/p><img decoding=\"async\"  class=\"custom-image\" src=\"https:\/\/radioactivegaming.eu\/wp-content\/uploads\/2024\/05\/repair.png\" title=\"repair\" alt=\"\"><\/div> <div  class=\"col-xs-12 col-sm-6 col-padding col-padding-small-xs\"><i  class=\"fa icon fa-cogs bordered round color1\"><\/i> <h5  class=\"\">Mise \u00e0 niveau des blueprints<\/h5> <p  class=\"\">Pour am\u00e9liorer les blueprints, vous avez besoin d'un grinder.\n<br >&nbsp;\n<br >Pour en savoir plus sur le grinder, voir ci-dessous<\/p><img decoding=\"async\"  class=\"custom-image\" src=\"https:\/\/radioactivegaming.eu\/wp-content\/uploads\/2024\/05\/grinder.png\" title=\"grinder\" alt=\"\"><\/div><div  class=\"col-xs-12 col-sm-6 col-padding col-padding-small-xs\"> <i  class=\"fa icon fa-book bordered round color1\"><\/i> <h5  class=\"\">O\u00f9 trouver des bleus<\/h5> <p  class=\"\">Vous obtiendrez des plans en effectuant diverses activit\u00e9s, comme par exemple en lootant des \u00e9paves, des Haunted Chests, etc.<\/p><\/div> <\/div><\/div> <\/div><\/div> <\/div><div data-label=\"Pricing\" data-id=\"pricing--1\" data-export-id=\"pricing-3\" data-category=\"pricing\" data-featured-class=\"pricing-featured\" class=\"pricing-3 content-section content-section-spacing\" id=\"pricing-1\"  style=\"background-color: rgb(245, 250, 253);\"><div class=\"gridContainer\" > <div class=\"row middle-sm\" ><div class=\"col-xs-12 col-sm-4 col-padding-xs\" data-type=\"column\" ><h2 class=\"\" >Le grinder<\/h2><img decoding=\"async\"  class=\"custom-image\" src=\"https:\/\/radioactivegaming.eu\/wp-content\/uploads\/2024\/05\/grinder.png\" title=\"grinder\" alt=\"\">  <\/div> <div class=\"col-xs-12 col-sm-8\" ><div class=\"row middle-sm spaced-cols\" data-type=\"row\" > <div data-default=\"no-class\" data-featured=\"shadow-large\" class=\"col-xs-12 col-sm-6 card-replacer text-center pos-rel\" ><div class=\"top-right-triangle color2\" data-fixed=\"true\" ><\/div> <h5 class=\"upper\" >D\u00e9composer les blueprints<\/h5> <i class=\"fa icon round-background fa-cog reverse round big color2\" ><\/i>   <h4 class=\"\" >Les Blueprints peuvent \u00eatre d\u00e9compos\u00e9s en Blueprint Scraps dans le Grinder.<br >\nLa quantit\u00e9 d\u00e9pend de la qualit\u00e9 de votre BP :<br ><\/h4><ul class=\"unstyled stared decoration-color1 text-center black\" ><li >Fine - 2<\/li><li >Journeyman - 4<\/li><li >Travail de ma\u00eetre - 8<\/li><li >L\u00e9gendaire - 16<\/li><li >Mythique - 32<\/li><li >Unique - 64<\/li><\/ul> <\/div> <div data-default=\"no-class\" data-featured=\"shadow-large\" class=\"col-xs-12 col-sm-6 card-replacer text-center pos-rel\" ><div class=\"top-right-triangle color2\" data-fixed=\"true\" ><\/div> <h5 class=\"upper\" >Mettre \u00e0 jour les Blueprints<\/h5> <i class=\"fa icon round-background fa-arrow-circle-up reverse round big color2\" ><\/i>   <h4 class=\"\" >Vous pouvez am\u00e9liorer un BP s\u00e9lectionn\u00e9 d'un niveau de qualit\u00e9 \u00e0 l'aide de Blueprint Scraps, toutes les valeurs sont alors relanc\u00e9es dans la qualit\u00e9 sup\u00e9rieure.<br >\nCo\u00fbts :<\/h4><ul class=\"unstyled stared decoration-color1 text-center black\" ><li >Fine -&gt; Journeyman - 120 scraps + 500 or<\/li><li >Journeyman -&gt; Masterwork - 240 scraps + 1k or<\/li><li >Masterwork -&gt; L\u00e9gendaire - 480 scraps + 4k Gold<\/li><li >L\u00e9gendaire -&gt; Mythique - 960 scraps + 5k or<\/li><li >Mythique -&gt; Unique - 5760 scraps + 30k or<\/li><\/ul> <\/div> <\/div><\/div> <\/div><\/div> <\/div>","protected":false},"excerpt":{"rendered":"<p>Vous trouverez des plans dans les niveaux suivants PrimitiveFineJourneymanMasterworkLegendaryMythicalUnique Crafting Pour fabriquer des plans uniques, vous avez besoin de:- 7 types de chaque ressource, par exemple 7 types de bois - Mythos - Gold- Luminous Substance Luminous Substance Cette ressource rare peut \u00eatre r\u00e9colt\u00e9e sur les cadavres de Glowing Whales, qui se trouvent dans les profondeurs des Trenches ! La substance lumineuse est... <br \/> <a class=\"read-more\" href=\"https:\/\/radioactivegaming.eu\/fr\/atlas\/qualite-de-larticle\/\">Read more<\/a><\/p>","protected":false},"author":1,"featured_media":0,"parent":13,"menu_order":0,"comment_status":"closed","ping_status":"closed","template":"pro\/page-templates\/full-width-page.php","meta":{"footnotes":""},"class_list":["post-3434","page","type-page","status-publish","hentry"],"yoast_head":"<!-- This site is optimized with the Yoast SEO plugin v26.3 - https:\/\/yoast.com\/wordpress\/plugins\/seo\/ -->\n<title>Item Quality - Radioactive Gaming<\/title>\n<meta name=\"robots\" content=\"index, follow, max-snippet:-1, max-image-preview:large, max-video-preview:-1\" \/>\n<link rel=\"canonical\" href=\"https:\/\/radioactivegaming.eu\/fr\/atlas\/qualite-de-larticle\/\" \/>\n<meta property=\"og:locale\" content=\"fr_FR\" \/>\n<meta property=\"og:type\" content=\"article\" \/>\n<meta property=\"og:title\" content=\"Item Quality - Radioactive Gaming\" \/>\n<meta property=\"og:description\" content=\"Blaupausen findet ihr bei uns in folgenden Stufen PrimitiveFineJourneymanMasterworkLegendaryMythicalUnique Crafting Zum Herstellen von Unique Blaupausen ben\u00f6tigt ihr:\u2013 7 Arten jeder Ressource, z.B. 7 Arten Holz \u2013 Mythos \u2013 Gold\u2013 Luminous Substance Luminous Substance Diese seltene Ressource kann von Leichen des Glowing Whales geerntet werden, welcher sich in den Tiefen der Trenches befindet! Luminous Substance wird&hellip; Read more\" \/>\n<meta property=\"og:url\" content=\"https:\/\/radioactivegaming.eu\/fr\/atlas\/qualite-de-larticle\/\" \/>\n<meta property=\"og:site_name\" content=\"Radioactive Gaming\" \/>\n<meta property=\"article:modified_time\" content=\"2024-05-24T18:53:20+00:00\" \/>\n<meta property=\"og:image\" content=\"https:\/\/radioactivegaming.eu\/wp-content\/uploads\/2024\/05\/repair.png\" \/>\n<meta name=\"twitter:card\" content=\"summary_large_image\" \/>\n<meta name=\"twitter:label1\" content=\"Dur\u00e9e de lecture estim\u00e9e\" \/>\n\t<meta name=\"twitter:data1\" content=\"1 minute\" \/>\n<script type=\"application\/ld+json\" class=\"yoast-schema-graph\">{\"@context\":\"https:\/\/schema.org\",\"@graph\":[{\"@type\":\"WebPage\",\"@id\":\"https:\/\/radioactivegaming.eu\/atlas\/item-quality\/\",\"url\":\"https:\/\/radioactivegaming.eu\/atlas\/item-quality\/\",\"name\":\"Item Quality - Radioactive Gaming\",\"isPartOf\":{\"@id\":\"https:\/\/radioactivegaming.eu\/#website\"},\"primaryImageOfPage\":{\"@id\":\"https:\/\/radioactivegaming.eu\/atlas\/item-quality\/#primaryimage\"},\"image\":{\"@id\":\"https:\/\/radioactivegaming.eu\/atlas\/item-quality\/#primaryimage\"},\"thumbnailUrl\":\"https:\/\/radioactivegaming.eu\/wp-content\/uploads\/2024\/05\/repair.png\",\"datePublished\":\"2021-08-10T08:34:12+00:00\",\"dateModified\":\"2024-05-24T18:53:20+00:00\",\"breadcrumb\":{\"@id\":\"https:\/\/radioactivegaming.eu\/atlas\/item-quality\/#breadcrumb\"},\"inLanguage\":\"fr-FR\",\"potentialAction\":[{\"@type\":\"ReadAction\",\"target\":[\"https:\/\/radioactivegaming.eu\/atlas\/item-quality\/\"]}]},{\"@type\":\"ImageObject\",\"inLanguage\":\"fr-FR\",\"@id\":\"https:\/\/radioactivegaming.eu\/atlas\/item-quality\/#primaryimage\",\"url\":\"https:\/\/radioactivegaming.eu\/wp-content\/uploads\/2024\/05\/repair.png\",\"contentUrl\":\"https:\/\/radioactivegaming.eu\/wp-content\/uploads\/2024\/05\/repair.png\"},{\"@type\":\"BreadcrumbList\",\"@id\":\"https:\/\/radioactivegaming.eu\/atlas\/item-quality\/#breadcrumb\",\"itemListElement\":[{\"@type\":\"ListItem\",\"position\":1,\"name\":\"Startseite\",\"item\":\"https:\/\/radioactivegaming.eu\/\"},{\"@type\":\"ListItem\",\"position\":2,\"name\":\"Atlas\",\"item\":\"https:\/\/radioactivegaming.eu\/atlas\/\"},{\"@type\":\"ListItem\",\"position\":3,\"name\":\"Item Quality\"}]},{\"@type\":\"WebSite\",\"@id\":\"https:\/\/radioactivegaming.eu\/#website\",\"url\":\"https:\/\/radioactivegaming.eu\/\",\"name\":\"Radioactive Gaming\",\"description\":\"\",\"publisher\":{\"@id\":\"https:\/\/radioactivegaming.eu\/#organization\"},\"potentialAction\":[{\"@type\":\"SearchAction\",\"target\":{\"@type\":\"EntryPoint\",\"urlTemplate\":\"https:\/\/radioactivegaming.eu\/?s={search_term_string}\"},\"query-input\":{\"@type\":\"PropertyValueSpecification\",\"valueRequired\":true,\"valueName\":\"search_term_string\"}}],\"inLanguage\":\"fr-FR\"},{\"@type\":\"Organization\",\"@id\":\"https:\/\/radioactivegaming.eu\/#organization\",\"name\":\"Radioactive Gaming\",\"url\":\"https:\/\/radioactivegaming.eu\/\",\"logo\":{\"@type\":\"ImageObject\",\"inLanguage\":\"fr-FR\",\"@id\":\"https:\/\/radioactivegaming.eu\/#\/schema\/logo\/image\/\",\"url\":\"https:\/\/radioactivegaming.eu\/wp-content\/uploads\/2019\/12\/cropped-coin-2.png\",\"contentUrl\":\"https:\/\/radioactivegaming.eu\/wp-content\/uploads\/2019\/12\/cropped-coin-2.png\",\"width\":256,\"height\":256,\"caption\":\"Radioactive Gaming\"},\"image\":{\"@id\":\"https:\/\/radioactivegaming.eu\/#\/schema\/logo\/image\/\"},\"sameAs\":[\"https:\/\/www.youtube.com\/channel\/UCHAH-p_vfp_co-__TB4M14A\"]}]}<\/script>\n<!-- \/ Yoast SEO plugin. -->","yoast_head_json":{"title":"Qualit\u00e9 de l'article - Radioactive Gaming","robots":{"index":"index","follow":"follow","max-snippet":"max-snippet:-1","max-image-preview":"max-image-preview:large","max-video-preview":"max-video-preview:-1"},"canonical":"https:\/\/radioactivegaming.eu\/fr\/atlas\/qualite-de-larticle\/","og_locale":"fr_FR","og_type":"article","og_title":"Item Quality - Radioactive Gaming","og_description":"Blaupausen findet ihr bei uns in folgenden Stufen PrimitiveFineJourneymanMasterworkLegendaryMythicalUnique Crafting Zum Herstellen von Unique Blaupausen ben\u00f6tigt ihr:\u2013 7 Arten jeder Ressource, z.B. 7 Arten Holz \u2013 Mythos \u2013 Gold\u2013 Luminous Substance Luminous Substance Diese seltene Ressource kann von Leichen des Glowing Whales geerntet werden, welcher sich in den Tiefen der Trenches befindet! Luminous Substance wird&hellip; Read more","og_url":"https:\/\/radioactivegaming.eu\/fr\/atlas\/qualite-de-larticle\/","og_site_name":"Radioactive Gaming","article_modified_time":"2024-05-24T18:53:20+00:00","og_image":[{"url":"https:\/\/radioactivegaming.eu\/wp-content\/uploads\/2024\/05\/repair.png","type":"","width":"","height":""}],"twitter_card":"summary_large_image","twitter_misc":{"Dur\u00e9e de lecture estim\u00e9e":"1 minute"},"schema":{"@context":"https:\/\/schema.org","@graph":[{"@type":"WebPage","@id":"https:\/\/radioactivegaming.eu\/atlas\/item-quality\/","url":"https:\/\/radioactivegaming.eu\/atlas\/item-quality\/","name":"Qualit\u00e9 de l'article - Radioactive Gaming","isPartOf":{"@id":"https:\/\/radioactivegaming.eu\/#website"},"primaryImageOfPage":{"@id":"https:\/\/radioactivegaming.eu\/atlas\/item-quality\/#primaryimage"},"image":{"@id":"https:\/\/radioactivegaming.eu\/atlas\/item-quality\/#primaryimage"},"thumbnailUrl":"https:\/\/radioactivegaming.eu\/wp-content\/uploads\/2024\/05\/repair.png","datePublished":"2021-08-10T08:34:12+00:00","dateModified":"2024-05-24T18:53:20+00:00","breadcrumb":{"@id":"https:\/\/radioactivegaming.eu\/atlas\/item-quality\/#breadcrumb"},"inLanguage":"fr-FR","potentialAction":[{"@type":"ReadAction","target":["https:\/\/radioactivegaming.eu\/atlas\/item-quality\/"]}]},{"@type":"ImageObject","inLanguage":"fr-FR","@id":"https:\/\/radioactivegaming.eu\/atlas\/item-quality\/#primaryimage","url":"https:\/\/radioactivegaming.eu\/wp-content\/uploads\/2024\/05\/repair.png","contentUrl":"https:\/\/radioactivegaming.eu\/wp-content\/uploads\/2024\/05\/repair.png"},{"@type":"BreadcrumbList","@id":"https:\/\/radioactivegaming.eu\/atlas\/item-quality\/#breadcrumb","itemListElement":[{"@type":"ListItem","position":1,"name":"Startseite","item":"https:\/\/radioactivegaming.eu\/"},{"@type":"ListItem","position":2,"name":"Atlas","item":"https:\/\/radioactivegaming.eu\/atlas\/"},{"@type":"ListItem","position":3,"name":"Item Quality"}]},{"@type":"WebSite","@id":"https:\/\/radioactivegaming.eu\/#website","url":"https:\/\/radioactivegaming.eu\/","name":"Jeux radioactifs","description":"","publisher":{"@id":"https:\/\/radioactivegaming.eu\/#organization"},"potentialAction":[{"@type":"SearchAction","target":{"@type":"EntryPoint","urlTemplate":"https:\/\/radioactivegaming.eu\/?s={search_term_string}"},"query-input":{"@type":"PropertyValueSpecification","valueRequired":true,"valueName":"search_term_string"}}],"inLanguage":"fr-FR"},{"@type":"Organization","@id":"https:\/\/radioactivegaming.eu\/#organization","name":"Jeux radioactifs","url":"https:\/\/radioactivegaming.eu\/","logo":{"@type":"ImageObject","inLanguage":"fr-FR","@id":"https:\/\/radioactivegaming.eu\/#\/schema\/logo\/image\/","url":"https:\/\/radioactivegaming.eu\/wp-content\/uploads\/2019\/12\/cropped-coin-2.png","contentUrl":"https:\/\/radioactivegaming.eu\/wp-content\/uploads\/2019\/12\/cropped-coin-2.png","width":256,"height":256,"caption":"Radioactive Gaming"},"image":{"@id":"https:\/\/radioactivegaming.eu\/#\/schema\/logo\/image\/"},"sameAs":["https:\/\/www.youtube.com\/channel\/UCHAH-p_vfp_co-__TB4M14A"]}]}},"jetpack_sharing_enabled":true,"_links":{"self":[{"href":"https:\/\/radioactivegaming.eu\/fr\/wp-json\/wp\/v2\/pages\/3434","targetHints":{"allow":["GET"]}}],"collection":[{"href":"https:\/\/radioactivegaming.eu\/fr\/wp-json\/wp\/v2\/pages"}],"about":[{"href":"https:\/\/radioactivegaming.eu\/fr\/wp-json\/wp\/v2\/types\/page"}],"author":[{"embeddable":true,"href":"https:\/\/radioactivegaming.eu\/fr\/wp-json\/wp\/v2\/users\/1"}],"replies":[{"embeddable":true,"href":"https:\/\/radioactivegaming.eu\/fr\/wp-json\/wp\/v2\/comments?post=3434"}],"version-history":[{"count":4,"href":"https:\/\/radioactivegaming.eu\/fr\/wp-json\/wp\/v2\/pages\/3434\/revisions"}],"predecessor-version":[{"id":5342,"href":"https:\/\/radioactivegaming.eu\/fr\/wp-json\/wp\/v2\/pages\/3434\/revisions\/5342"}],"up":[{"embeddable":true,"href":"https:\/\/radioactivegaming.eu\/fr\/wp-json\/wp\/v2\/pages\/13"}],"wp:attachment":[{"href":"https:\/\/radioactivegaming.eu\/fr\/wp-json\/wp\/v2\/media?parent=3434"}],"curies":[{"name":"wp","href":"https:\/\/api.w.org\/{rel}","templated":true}]}}