{"id":3449,"date":"2021-08-10T10:58:21","date_gmt":"2021-08-10T08:58:21","guid":{"rendered":"https:\/\/radioactivegaming.eu\/?page_id=3449"},"modified":"2024-05-25T11:32:36","modified_gmt":"2024-05-25T09:32:36","slug":"bettershipyardsandsails","status":"publish","type":"page","link":"https:\/\/radioactivegaming.eu\/fr\/atlas\/bettershipyardsandsails\/","title":{"rendered":"BetterShipyardsAndSails"},"content":{"rendered":"<div  data-label=\"Overlappable\" data-id=\"overlappable--1\" data-export-id=\"overlappable-3\" data-category=\"overlappable\" class=\"overlappable-3 content-section content-section-spacing content-relative\" data-overlap=\"true\" id=\"overlappable-1\" style=\"background-color: rgb(255, 255, 255);\"><div  class=\"section-separator-top\">\n    <svg  class=\"section-separator-top\" data-separator-name=\"triangle-asymmetrical-negative\" preserveaspectratio=\"none\" viewbox=\"0 0 1000 100\" xmlns=\"http:\/\/www.w3.org\/2000\/svg\">\n        <path  class=\"svg-white-bg\" d=\"M737.9,94.7L0,0v100h1000V0L737.9,94.7z\"><\/path>\n    <\/svg>\n<\/div><div  class=\"gridContainer\"> <div  class=\"row bg-color-white shadow-medium\"><div  class=\"col-xs-12 col-sm-6 image-col first-image-col\" data-bg=\"image\" style=\"background-image: url(&quot;https:\/\/radioactivegaming.eu\/wp-content\/uploads\/2021\/03\/cropped-cropped-20210222131709_1-scaled-1.jpg&quot;);\"><\/div> <div  class=\"col-xs-12 col-sm-6 content-col col-padding col-padding-xs\"> <div  class=\"col-padding\" data-type=\"column\"> <h4  class=\"\">Lancer de bateaux<\/h4> <p  class=\"\">Sur Radioactive, seuls 2 shipyards (Small &amp; Large) sont disponibles.\n<br ><br >La qualit\u00e9 du navire d\u00e9pend du blueprint utilis\u00e9. Vous pouvez les trouver en lootant des navires de faction, par exemple.<br >\nSi vous construisez un vaisseau sans plan, il aura toujours 100%.<br ><br >Les navires co\u00fbtent de l'or en fonction de leur qualit\u00e9<br >\nLes co\u00fbts maximaux sont limit\u00e9s \u00e0 200%, comme la qualit\u00e9 du navire, en cons\u00e9quence, les navires 200% co\u00fbtent par exemple<br >\nTrireme 16k Gold (100% Prix 8k Gold)<br >\nBrigantine 8k Gold (100% Prix 4k Gold)<br >\nGalion 20k or (100% prix 10k or)<br ><br >Les skins pour les navires vanille (par ex. acajou - sur l'image) peuvent \u00e9galement \u00eatre fabriqu\u00e9s dans le Shipyard correspondant, ils ont seulement un aspect visuel diff\u00e9rent, pas de meilleures stats ou autres.\n<br >Pour fabriquer un navire skin, clique sur le bouton correspondant au centre du chantier naval.<\/p> <\/div> <\/div><\/div> <div  class=\"row bg-color-white shadow-medium\"><div  class=\"col-xs-12 col-sm-6 content-col col-padding col-padding-xs\"> <div  class=\"col-padding\" data-type=\"column\"><h4  class=\"\">Voile<\/h4> <p  class=\"\"><span  style=\"font-weight: 700;\">Voile de vitesse :<\/span>\n<br >Nouveau statut SailOpenCloseSpeed : d\u00e9termine la vitesse d'ouverture &amp; de fermeture des voiles.<br >Rayon de vent augment\u00e9 de 84 degr\u00e9s \u00e0 90 degr\u00e9s !\n<br ><br ><span  style=\"font-weight: 700;\">Skins de voile :<\/span>\n<br >Dans notre boutique de dons, vous pouvez vous faire cr\u00e9er des skins pour chaque type de voile. Ces skins sont diff\u00e9rents des peintures en HD et peuvent afficher beaucoup plus de couleurs !&nbsp;\n<br ><br ><span  style=\"font-weight: 700;\">Nouveau type de voile : la voile papillon\n<br ><span  style=\"font-weight: 400;\">Les voiles de papillon sont des \"hybrides\".<\/span><br ><span  style=\"font-weight: 400;\">Elles offrent les avantages des voiles de handling, de vitesse et de poids, ce qui en fait des voiles polyvalentes qui sont bien s\u00fbr nettement moins performantes dans leur domaine respectif que les voiles de vitesse, de poids ou de handling.\n<\/span><br ><span  style=\"font-weight: 400;\">Peut avoir des stats\/valeurs en :\n<br >- SailEffectiveAngle\n<br >- SailMaxMovementWeight (poids du mouvement de la voile)\n<br >- SailAcceleration\n<br >- SailTurningEffectiveness (efficacit\u00e9 de la voile)\n<br >- SailOpenCloseSpeed\n<br ><br >\n<\/span>Nouveau type de voile : Frontsail<br ><span  style=\"font-weight: 400;\">Sur certains bateaux, il est possible d'installer une autre voile \u00e0 l'avant. Selon le bateau, celle-ci est purement d\u00e9corative ou contribue \u00e9galement \u00e0 la vitesse !\n<\/span><br ><span  style=\"font-weight: 400;\">Peut avoir des stats\/valeurs en :<\/span><br ><span  style=\"font-weight: 400;\">- SailAcceleration<\/span><br ><span  style=\"font-weight: 400;\">- SailOpenCloseSpeed<\/span><span  id=\"_mce_caret\" data-mce-bogus=\"1\" data-mce-type=\"format-caret\"><span  style=\"font-weight: 400;\"><\/span><\/span><\/span><\/p> <\/div> <\/div> <div  class=\"col-xs-12 col-sm-6 image-col second-image-col first-xs last-sm\" data-bg=\"image\" style=\"background-image: url(&quot;https:\/\/radioactivegaming.eu\/wp-content\/uploads\/2021\/08\/cropped-20210801142415_1.jpg&quot;);\"><\/div> <\/div><\/div> <\/div><div data-label=\"About\" data-id=\"about--1\" data-export-id=\"about-4\" data-category=\"about\" class=\"about-4 content-section content-section-spacing\" id=\"about-1\"  style=\"background-color: rgb(245, 250, 253);\"><div class=\"gridContainer\" > <div class=\"row middle-sm text-center\" ><div class=\"col-sm-5 space-bottom-xs\" data-type=\"column\" > <h5 class=\"\" >Dock de maintenance<\/h5> <h2 class=\"\" >La mise \u00e0 niveau des vaisseaux...<\/h2> <p class=\"\" >...(meilleure qualit\u00e9 du navire) est possible \u00e0 tout moment dans le Maintenance Dock, qui a en plus la fonction de r\u00e9parer toutes les pi\u00e8ces de votre navire.\n<br ><br >Pour cela, accrochez votre vaisseau au dock, placez un blueprint correspondant dans l'inventaire et procurez-vous les mat\u00e9riaux d'artisanat n\u00e9cessaires. \n<br >S\u00e9lectionne ensuite le blueprint et clique sur \"Craft\" (E).<\/p> <\/div> <div class=\"col-sm-7 flexbox center-xs middle-xs image-group-2-img\" > <img decoding=\"async\" class=\"img-1 shadow-large\" data-size=\"250x200\" src=\"https:\/\/radioactivegaming.eu\/wp-content\/uploads\/2024\/05\/maintdock.png\"  title=\"maintdock\" alt=\"\"> <img decoding=\"async\" class=\"img-2 shadow-large\" data-size=\"220x170\" src=\"https:\/\/radioactivegaming.eu\/wp-content\/uploads\/2024\/05\/maint2.png\"  title=\"maint2\" alt=\"\"><\/div> <\/div><\/div> <\/div>","protected":false},"excerpt":{"rendered":"<p>Lancer de navire Sur Radioactive, seuls 2 shipyards (Small &amp; Large) sont disponibles. La qualit\u00e9 du navire d\u00e9pend du blueprint utilis\u00e9. Vous pouvez les trouver en lootant par exemple des navires de faction. Si vous construisez un navire sans plan, il aura toujours 100%.Les navires co\u00fbtent de l'or en fonction de leur qualit\u00e9 Le co\u00fbt maximum est fix\u00e9 \u00e0 200%, comme les... <br \/> <a class=\"read-more\" href=\"https:\/\/radioactivegaming.eu\/fr\/atlas\/bettershipyardsandsails\/\">Read more<\/a><\/p>","protected":false},"author":1,"featured_media":0,"parent":13,"menu_order":0,"comment_status":"closed","ping_status":"closed","template":"pro\/page-templates\/full-width-page.php","meta":{"footnotes":""},"class_list":["post-3449","page","type-page","status-publish","hentry"],"yoast_head":"<!-- This site is optimized with the Yoast SEO plugin v26.3 - https:\/\/yoast.com\/wordpress\/plugins\/seo\/ -->\n<title>BetterShipyardsAndSails - Radioactive Gaming<\/title>\n<meta name=\"robots\" content=\"index, follow, max-snippet:-1, max-image-preview:large, max-video-preview:-1\" \/>\n<link rel=\"canonical\" href=\"https:\/\/radioactivegaming.eu\/fr\/atlas\/bettershipyardsandsails\/\" \/>\n<meta property=\"og:locale\" content=\"fr_FR\" \/>\n<meta property=\"og:type\" content=\"article\" \/>\n<meta property=\"og:title\" content=\"BetterShipyardsAndSails - Radioactive Gaming\" \/>\n<meta property=\"og:description\" content=\"Schiffswerfen Auf Radioactive stehen nur 2 Shipyards (Small &amp; Large) zur Verf\u00fcgung. Die Schiffsqualit\u00e4t ist von der verwendeten Blaupause des Schiffes abh\u00e4ngig. Diese k\u00f6nnt ihr finden wenn ihr z.B. Fraktionsschiffe lootet. Baut ihr ein Schiff ohne Blaupause, hat dieses immer 100%.Schiffe kosten abh\u00e4ngig von ihrer Qualit\u00e4t Gold Die maximalen Kosten sind auf 200%, wie die&hellip; Read more\" \/>\n<meta property=\"og:url\" content=\"https:\/\/radioactivegaming.eu\/fr\/atlas\/bettershipyardsandsails\/\" \/>\n<meta property=\"og:site_name\" content=\"Radioactive Gaming\" \/>\n<meta property=\"article:modified_time\" content=\"2024-05-25T09:32:36+00:00\" \/>\n<meta property=\"og:image\" content=\"https:\/\/radioactivegaming.eu\/wp-content\/uploads\/2024\/05\/maintdock.png\" \/>\n<meta name=\"twitter:card\" content=\"summary_large_image\" \/>\n<meta name=\"twitter:label1\" content=\"Dur\u00e9e de lecture estim\u00e9e\" \/>\n\t<meta name=\"twitter:data1\" content=\"2 minutes\" \/>\n<script type=\"application\/ld+json\" class=\"yoast-schema-graph\">{\"@context\":\"https:\/\/schema.org\",\"@graph\":[{\"@type\":\"WebPage\",\"@id\":\"https:\/\/radioactivegaming.eu\/atlas\/bettershipyardsandsails\/\",\"url\":\"https:\/\/radioactivegaming.eu\/atlas\/bettershipyardsandsails\/\",\"name\":\"BetterShipyardsAndSails - Radioactive Gaming\",\"isPartOf\":{\"@id\":\"https:\/\/radioactivegaming.eu\/#website\"},\"primaryImageOfPage\":{\"@id\":\"https:\/\/radioactivegaming.eu\/atlas\/bettershipyardsandsails\/#primaryimage\"},\"image\":{\"@id\":\"https:\/\/radioactivegaming.eu\/atlas\/bettershipyardsandsails\/#primaryimage\"},\"thumbnailUrl\":\"https:\/\/radioactivegaming.eu\/wp-content\/uploads\/2024\/05\/maintdock.png\",\"datePublished\":\"2021-08-10T08:58:21+00:00\",\"dateModified\":\"2024-05-25T09:32:36+00:00\",\"breadcrumb\":{\"@id\":\"https:\/\/radioactivegaming.eu\/atlas\/bettershipyardsandsails\/#breadcrumb\"},\"inLanguage\":\"fr-FR\",\"potentialAction\":[{\"@type\":\"ReadAction\",\"target\":[\"https:\/\/radioactivegaming.eu\/atlas\/bettershipyardsandsails\/\"]}]},{\"@type\":\"ImageObject\",\"inLanguage\":\"fr-FR\",\"@id\":\"https:\/\/radioactivegaming.eu\/atlas\/bettershipyardsandsails\/#primaryimage\",\"url\":\"https:\/\/radioactivegaming.eu\/wp-content\/uploads\/2024\/05\/maintdock.png\",\"contentUrl\":\"https:\/\/radioactivegaming.eu\/wp-content\/uploads\/2024\/05\/maintdock.png\"},{\"@type\":\"BreadcrumbList\",\"@id\":\"https:\/\/radioactivegaming.eu\/atlas\/bettershipyardsandsails\/#breadcrumb\",\"itemListElement\":[{\"@type\":\"ListItem\",\"position\":1,\"name\":\"Startseite\",\"item\":\"https:\/\/radioactivegaming.eu\/\"},{\"@type\":\"ListItem\",\"position\":2,\"name\":\"Atlas\",\"item\":\"https:\/\/radioactivegaming.eu\/atlas\/\"},{\"@type\":\"ListItem\",\"position\":3,\"name\":\"BetterShipyardsAndSails\"}]},{\"@type\":\"WebSite\",\"@id\":\"https:\/\/radioactivegaming.eu\/#website\",\"url\":\"https:\/\/radioactivegaming.eu\/\",\"name\":\"Radioactive Gaming\",\"description\":\"\",\"publisher\":{\"@id\":\"https:\/\/radioactivegaming.eu\/#organization\"},\"potentialAction\":[{\"@type\":\"SearchAction\",\"target\":{\"@type\":\"EntryPoint\",\"urlTemplate\":\"https:\/\/radioactivegaming.eu\/?s={search_term_string}\"},\"query-input\":{\"@type\":\"PropertyValueSpecification\",\"valueRequired\":true,\"valueName\":\"search_term_string\"}}],\"inLanguage\":\"fr-FR\"},{\"@type\":\"Organization\",\"@id\":\"https:\/\/radioactivegaming.eu\/#organization\",\"name\":\"Radioactive Gaming\",\"url\":\"https:\/\/radioactivegaming.eu\/\",\"logo\":{\"@type\":\"ImageObject\",\"inLanguage\":\"fr-FR\",\"@id\":\"https:\/\/radioactivegaming.eu\/#\/schema\/logo\/image\/\",\"url\":\"https:\/\/radioactivegaming.eu\/wp-content\/uploads\/2019\/12\/cropped-coin-2.png\",\"contentUrl\":\"https:\/\/radioactivegaming.eu\/wp-content\/uploads\/2019\/12\/cropped-coin-2.png\",\"width\":256,\"height\":256,\"caption\":\"Radioactive Gaming\"},\"image\":{\"@id\":\"https:\/\/radioactivegaming.eu\/#\/schema\/logo\/image\/\"},\"sameAs\":[\"https:\/\/www.youtube.com\/channel\/UCHAH-p_vfp_co-__TB4M14A\"]}]}<\/script>\n<!-- \/ Yoast SEO plugin. -->","yoast_head_json":{"title":"BetterShipyardsAndSails - Radioactive Gaming","robots":{"index":"index","follow":"follow","max-snippet":"max-snippet:-1","max-image-preview":"max-image-preview:large","max-video-preview":"max-video-preview:-1"},"canonical":"https:\/\/radioactivegaming.eu\/fr\/atlas\/bettershipyardsandsails\/","og_locale":"fr_FR","og_type":"article","og_title":"BetterShipyardsAndSails - Radioactive Gaming","og_description":"Schiffswerfen Auf Radioactive stehen nur 2 Shipyards (Small &amp; Large) zur Verf\u00fcgung. Die Schiffsqualit\u00e4t ist von der verwendeten Blaupause des Schiffes abh\u00e4ngig. Diese k\u00f6nnt ihr finden wenn ihr z.B. Fraktionsschiffe lootet. Baut ihr ein Schiff ohne Blaupause, hat dieses immer 100%.Schiffe kosten abh\u00e4ngig von ihrer Qualit\u00e4t Gold Die maximalen Kosten sind auf 200%, wie die&hellip; Read more","og_url":"https:\/\/radioactivegaming.eu\/fr\/atlas\/bettershipyardsandsails\/","og_site_name":"Radioactive Gaming","article_modified_time":"2024-05-25T09:32:36+00:00","og_image":[{"url":"https:\/\/radioactivegaming.eu\/wp-content\/uploads\/2024\/05\/maintdock.png","type":"","width":"","height":""}],"twitter_card":"summary_large_image","twitter_misc":{"Dur\u00e9e de lecture estim\u00e9e":"2 minutes"},"schema":{"@context":"https:\/\/schema.org","@graph":[{"@type":"WebPage","@id":"https:\/\/radioactivegaming.eu\/atlas\/bettershipyardsandsails\/","url":"https:\/\/radioactivegaming.eu\/atlas\/bettershipyardsandsails\/","name":"BetterShipyardsAndSails - Radioactive Gaming","isPartOf":{"@id":"https:\/\/radioactivegaming.eu\/#website"},"primaryImageOfPage":{"@id":"https:\/\/radioactivegaming.eu\/atlas\/bettershipyardsandsails\/#primaryimage"},"image":{"@id":"https:\/\/radioactivegaming.eu\/atlas\/bettershipyardsandsails\/#primaryimage"},"thumbnailUrl":"https:\/\/radioactivegaming.eu\/wp-content\/uploads\/2024\/05\/maintdock.png","datePublished":"2021-08-10T08:58:21+00:00","dateModified":"2024-05-25T09:32:36+00:00","breadcrumb":{"@id":"https:\/\/radioactivegaming.eu\/atlas\/bettershipyardsandsails\/#breadcrumb"},"inLanguage":"fr-FR","potentialAction":[{"@type":"ReadAction","target":["https:\/\/radioactivegaming.eu\/atlas\/bettershipyardsandsails\/"]}]},{"@type":"ImageObject","inLanguage":"fr-FR","@id":"https:\/\/radioactivegaming.eu\/atlas\/bettershipyardsandsails\/#primaryimage","url":"https:\/\/radioactivegaming.eu\/wp-content\/uploads\/2024\/05\/maintdock.png","contentUrl":"https:\/\/radioactivegaming.eu\/wp-content\/uploads\/2024\/05\/maintdock.png"},{"@type":"BreadcrumbList","@id":"https:\/\/radioactivegaming.eu\/atlas\/bettershipyardsandsails\/#breadcrumb","itemListElement":[{"@type":"ListItem","position":1,"name":"Startseite","item":"https:\/\/radioactivegaming.eu\/"},{"@type":"ListItem","position":2,"name":"Atlas","item":"https:\/\/radioactivegaming.eu\/atlas\/"},{"@type":"ListItem","position":3,"name":"BetterShipyardsAndSails"}]},{"@type":"WebSite","@id":"https:\/\/radioactivegaming.eu\/#website","url":"https:\/\/radioactivegaming.eu\/","name":"Jeux radioactifs","description":"","publisher":{"@id":"https:\/\/radioactivegaming.eu\/#organization"},"potentialAction":[{"@type":"SearchAction","target":{"@type":"EntryPoint","urlTemplate":"https:\/\/radioactivegaming.eu\/?s={search_term_string}"},"query-input":{"@type":"PropertyValueSpecification","valueRequired":true,"valueName":"search_term_string"}}],"inLanguage":"fr-FR"},{"@type":"Organization","@id":"https:\/\/radioactivegaming.eu\/#organization","name":"Jeux radioactifs","url":"https:\/\/radioactivegaming.eu\/","logo":{"@type":"ImageObject","inLanguage":"fr-FR","@id":"https:\/\/radioactivegaming.eu\/#\/schema\/logo\/image\/","url":"https:\/\/radioactivegaming.eu\/wp-content\/uploads\/2019\/12\/cropped-coin-2.png","contentUrl":"https:\/\/radioactivegaming.eu\/wp-content\/uploads\/2019\/12\/cropped-coin-2.png","width":256,"height":256,"caption":"Radioactive Gaming"},"image":{"@id":"https:\/\/radioactivegaming.eu\/#\/schema\/logo\/image\/"},"sameAs":["https:\/\/www.youtube.com\/channel\/UCHAH-p_vfp_co-__TB4M14A"]}]}},"jetpack_sharing_enabled":true,"_links":{"self":[{"href":"https:\/\/radioactivegaming.eu\/fr\/wp-json\/wp\/v2\/pages\/3449","targetHints":{"allow":["GET"]}}],"collection":[{"href":"https:\/\/radioactivegaming.eu\/fr\/wp-json\/wp\/v2\/pages"}],"about":[{"href":"https:\/\/radioactivegaming.eu\/fr\/wp-json\/wp\/v2\/types\/page"}],"author":[{"embeddable":true,"href":"https:\/\/radioactivegaming.eu\/fr\/wp-json\/wp\/v2\/users\/1"}],"replies":[{"embeddable":true,"href":"https:\/\/radioactivegaming.eu\/fr\/wp-json\/wp\/v2\/comments?post=3449"}],"version-history":[{"count":12,"href":"https:\/\/radioactivegaming.eu\/fr\/wp-json\/wp\/v2\/pages\/3449\/revisions"}],"predecessor-version":[{"id":5475,"href":"https:\/\/radioactivegaming.eu\/fr\/wp-json\/wp\/v2\/pages\/3449\/revisions\/5475"}],"up":[{"embeddable":true,"href":"https:\/\/radioactivegaming.eu\/fr\/wp-json\/wp\/v2\/pages\/13"}],"wp:attachment":[{"href":"https:\/\/radioactivegaming.eu\/fr\/wp-json\/wp\/v2\/media?parent=3449"}],"curies":[{"name":"wp","href":"https:\/\/api.w.org\/{rel}","templated":true}]}}