{"id":3934,"date":"2022-12-25T16:18:09","date_gmt":"2022-12-25T15:18:09","guid":{"rendered":"https:\/\/radioactivegaming.eu\/?page_id=3934"},"modified":"2022-12-27T06:22:36","modified_gmt":"2022-12-27T05:22:36","slug":"rueckerstattung_rueckgaben","status":"publish","type":"page","link":"https:\/\/radioactivegaming.eu\/fr\/rueckerstattung_rueckgaben\/","title":{"rendered":"Information sur le droit de r\u00e9tractation"},"content":{"rendered":"<p><strong>D\u00e9claration de r\u00e9tractation pour les contenus num\u00e9riques (p. ex. t\u00e9l\u00e9chargements, mises \u00e0 jour)<\/strong><\/p>\n\n\n\n<p><strong>Droit de r\u00e9tractation<\/strong><\/p>\n\n\n\n<p>Vous avez le droit de vous r\u00e9tracter du pr\u00e9sent contrat sans donner de motif dans un d\u00e9lai de quatorze jours. Le d\u00e9lai de r\u00e9tractation est de quatorze jours \u00e0 compter de la date de conclusion du contrat.<\/p>\n\n\n\n<p>Pour exercer votre droit de r\u00e9tractation, vous devez nous informer - via e-mail : admin@radioactivegaming.eu - de votre d\u00e9cision de vous r\u00e9tracter du pr\u00e9sent contrat au moyen d'une d\u00e9claration claire.<\/p>\n\n\n\n<p>Pour que le d\u00e9lai de r\u00e9tractation soit respect\u00e9, il suffit que vous envoyiez la communication relative \u00e0 l'exercice du droit de r\u00e9tractation avant l'expiration du d\u00e9lai de r\u00e9tractation.<\/p>\n\n\n\n<p><strong>Cons\u00e9quences de la r\u00e9vocation<\/strong><\/p>\n\n\n\n<p>En cas de r\u00e9tractation du pr\u00e9sent contrat, nous vous rembourserons tous les paiements re\u00e7us de vous, y compris les frais de livraison (\u00e0 l'exception des frais suppl\u00e9mentaires d\u00e9coulant du fait que vous avez choisi un mode de livraison autre que le mode moins co\u00fbteux de livraison standard propos\u00e9 par nous), sans retard excessif et au plus tard quatorze jours \u00e0 compter de la date \u00e0 laquelle nous aurons \u00e9t\u00e9 inform\u00e9s de votre d\u00e9cision de r\u00e9tractation du pr\u00e9sent contrat. Pour ce remboursement, nous utilisons le m\u00eame moyen de paiement que celui que vous avez utilis\u00e9 pour la transaction initiale, \u00e0 moins qu'il n'en ait \u00e9t\u00e9 express\u00e9ment convenu autrement avec vous ; en aucun cas, des frais ne vous seront factur\u00e9s pour ce remboursement.<\/p>\n\n\n\n<p><strong>Veuillez noter que<\/strong><br>Le droit de r\u00e9tractation s'\u00e9teint, dans le cas d'un contrat portant sur la fourniture d'un contenu num\u00e9rique non fourni sur un support mat\u00e9riel, lorsque nous avons commenc\u00e9 \u00e0 ex\u00e9cuter le contrat apr\u00e8s que vous avez express\u00e9ment accept\u00e9 que nous commencions \u00e0 ex\u00e9cuter le contrat avant l'expiration du d\u00e9lai de r\u00e9tractation et que vous avez confirm\u00e9 avoir pris connaissance du fait que votre acceptation entra\u00eene la perte de votre droit de r\u00e9tractation d\u00e8s le d\u00e9but de l'ex\u00e9cution du contrat.<br>Veuillez noter qu'en r\u00e9cup\u00e9rant votre contenu dans le jeu, vous donnez votre accord pour le d\u00e9but de l'ex\u00e9cution du contrat !<\/p>\n\n\n\n<p><\/p>\n\n\n\n<p><\/p>\n\n\n\n<h1 class=\"wp-block-heading\">Politique en mati\u00e8re de remboursements et de retours\u00a0<\/h1>\n\n\n\n<p><h3>Aper\u00e7u<\/h3><\/p>\n\n\n\n<p>Nos articles num\u00e9riques ne peuvent malheureusement pas \u00eatre rembours\u00e9s, ce qui inclut tous les biens et articles num\u00e9riques que vous recevez en tant que contenu de jeu sur nos serveurs.<\/p>\n\n\n\n<p>En cas de probl\u00e8me avec un article, nous essayons bien s\u00fbr de trouver une solution satisfaisante avec vous, ce qui pourrait \u00eatre le cas :<\/p>\n\n\n\n<ul class=\"wp-block-list\">\n<li>Remplacement de l'article<\/li>\n\n\n\n<li>Remplacer l'article<\/li>\n<\/ul>\n\n\n\n<p><h2>Vous avez besoin d'aide ?<\/h2><\/p>\n\n\n\n<p>Contacte-nous dans le syst\u00e8me de support de notre Discord<\/p>","protected":false},"excerpt":{"rendered":"<p>D\u00e9claration de r\u00e9tractation pour les contenus num\u00e9riques (p. ex. t\u00e9l\u00e9chargements, mises \u00e0 jour) Droit de r\u00e9tractation Vous avez le droit de vous r\u00e9tracter du pr\u00e9sent contrat dans un d\u00e9lai de quatorze jours sans donner de motif. Le d\u00e9lai de r\u00e9tractation est de quatorze jours \u00e0 compter de la date de conclusion du contrat. Pour exercer votre droit de r\u00e9tractation, vous devez nous informer - via e-mail : admin@radioactivegaming.eu - de votre d\u00e9cision de vous r\u00e9tracter du pr\u00e9sent contrat au moyen d'une d\u00e9claration d\u00e9nu\u00e9e d'ambigu\u00eft\u00e9,... <br \/> <a class=\"read-more\" href=\"https:\/\/radioactivegaming.eu\/fr\/rueckerstattung_rueckgaben\/\">Read more<\/a><\/p>","protected":false},"author":1,"featured_media":0,"parent":0,"menu_order":0,"comment_status":"closed","ping_status":"closed","template":"","meta":{"footnotes":""},"class_list":["post-3934","page","type-page","status-publish","hentry"],"yoast_head":"<!-- This site is optimized with the Yoast SEO plugin v26.3 - https:\/\/yoast.com\/wordpress\/plugins\/seo\/ -->\n<title>Widerrufsbelehrung - Radioactive Gaming<\/title>\n<meta name=\"robots\" content=\"index, follow, max-snippet:-1, max-image-preview:large, max-video-preview:-1\" \/>\n<link rel=\"canonical\" href=\"https:\/\/radioactivegaming.eu\/fr\/rueckerstattung_rueckgaben\/\" \/>\n<meta property=\"og:locale\" content=\"fr_FR\" \/>\n<meta property=\"og:type\" content=\"article\" \/>\n<meta property=\"og:title\" content=\"Widerrufsbelehrung - Radioactive Gaming\" \/>\n<meta property=\"og:description\" content=\"Widerrufserkl\u00e4rung bei digitalen Inhalten (z.B. Downloads, Updates) Widerrufsrecht Sie haben das Recht, binnen vierzehn Tagen ohne Angabe von Gr\u00fcnden diesen Vertrag zu widerrufen. Die Widerrufsfrist betr\u00e4gt vierzehn Tage ab dem Tag des Vertragsabschlusses. Um Ihr Widerrufsrecht auszu\u00fcben, m\u00fcssen Sie uns \u2013 via E-Mail:\u00a0admin@radioactivegaming.eu \u2013 mittels einer eindeutigen Erkl\u00e4rung \u00fcber Ihren Entschluss, diesen Vertrag zu widerrufen,&hellip; Read more\" \/>\n<meta property=\"og:url\" content=\"https:\/\/radioactivegaming.eu\/fr\/rueckerstattung_rueckgaben\/\" \/>\n<meta property=\"og:site_name\" content=\"Radioactive Gaming\" \/>\n<meta property=\"article:modified_time\" content=\"2022-12-27T05:22:36+00:00\" \/>\n<meta name=\"twitter:card\" content=\"summary_large_image\" \/>\n<meta name=\"twitter:label1\" content=\"Dur\u00e9e de lecture estim\u00e9e\" \/>\n\t<meta name=\"twitter:data1\" content=\"2 minutes\" \/>\n<script type=\"application\/ld+json\" class=\"yoast-schema-graph\">{\"@context\":\"https:\/\/schema.org\",\"@graph\":[{\"@type\":\"WebPage\",\"@id\":\"https:\/\/radioactivegaming.eu\/rueckerstattung_rueckgaben\/\",\"url\":\"https:\/\/radioactivegaming.eu\/rueckerstattung_rueckgaben\/\",\"name\":\"Widerrufsbelehrung - Radioactive Gaming\",\"isPartOf\":{\"@id\":\"https:\/\/radioactivegaming.eu\/#website\"},\"datePublished\":\"2022-12-25T15:18:09+00:00\",\"dateModified\":\"2022-12-27T05:22:36+00:00\",\"breadcrumb\":{\"@id\":\"https:\/\/radioactivegaming.eu\/rueckerstattung_rueckgaben\/#breadcrumb\"},\"inLanguage\":\"fr-FR\",\"potentialAction\":[{\"@type\":\"ReadAction\",\"target\":[\"https:\/\/radioactivegaming.eu\/rueckerstattung_rueckgaben\/\"]}]},{\"@type\":\"BreadcrumbList\",\"@id\":\"https:\/\/radioactivegaming.eu\/rueckerstattung_rueckgaben\/#breadcrumb\",\"itemListElement\":[{\"@type\":\"ListItem\",\"position\":1,\"name\":\"Startseite\",\"item\":\"https:\/\/radioactivegaming.eu\/\"},{\"@type\":\"ListItem\",\"position\":2,\"name\":\"Widerrufsbelehrung\"}]},{\"@type\":\"WebSite\",\"@id\":\"https:\/\/radioactivegaming.eu\/#website\",\"url\":\"https:\/\/radioactivegaming.eu\/\",\"name\":\"Radioactive Gaming\",\"description\":\"\",\"publisher\":{\"@id\":\"https:\/\/radioactivegaming.eu\/#organization\"},\"potentialAction\":[{\"@type\":\"SearchAction\",\"target\":{\"@type\":\"EntryPoint\",\"urlTemplate\":\"https:\/\/radioactivegaming.eu\/?s={search_term_string}\"},\"query-input\":{\"@type\":\"PropertyValueSpecification\",\"valueRequired\":true,\"valueName\":\"search_term_string\"}}],\"inLanguage\":\"fr-FR\"},{\"@type\":\"Organization\",\"@id\":\"https:\/\/radioactivegaming.eu\/#organization\",\"name\":\"Radioactive Gaming\",\"url\":\"https:\/\/radioactivegaming.eu\/\",\"logo\":{\"@type\":\"ImageObject\",\"inLanguage\":\"fr-FR\",\"@id\":\"https:\/\/radioactivegaming.eu\/#\/schema\/logo\/image\/\",\"url\":\"https:\/\/radioactivegaming.eu\/wp-content\/uploads\/2019\/12\/cropped-coin-2.png\",\"contentUrl\":\"https:\/\/radioactivegaming.eu\/wp-content\/uploads\/2019\/12\/cropped-coin-2.png\",\"width\":256,\"height\":256,\"caption\":\"Radioactive Gaming\"},\"image\":{\"@id\":\"https:\/\/radioactivegaming.eu\/#\/schema\/logo\/image\/\"},\"sameAs\":[\"https:\/\/www.youtube.com\/channel\/UCHAH-p_vfp_co-__TB4M14A\"]}]}<\/script>\n<!-- \/ Yoast SEO plugin. -->","yoast_head_json":{"title":"Information sur le droit de r\u00e9tractation - Radioactive Gaming","robots":{"index":"index","follow":"follow","max-snippet":"max-snippet:-1","max-image-preview":"max-image-preview:large","max-video-preview":"max-video-preview:-1"},"canonical":"https:\/\/radioactivegaming.eu\/fr\/rueckerstattung_rueckgaben\/","og_locale":"fr_FR","og_type":"article","og_title":"Widerrufsbelehrung - Radioactive Gaming","og_description":"Widerrufserkl\u00e4rung bei digitalen Inhalten (z.B. Downloads, Updates) Widerrufsrecht Sie haben das Recht, binnen vierzehn Tagen ohne Angabe von Gr\u00fcnden diesen Vertrag zu widerrufen. Die Widerrufsfrist betr\u00e4gt vierzehn Tage ab dem Tag des Vertragsabschlusses. Um Ihr Widerrufsrecht auszu\u00fcben, m\u00fcssen Sie uns \u2013 via E-Mail:\u00a0admin@radioactivegaming.eu \u2013 mittels einer eindeutigen Erkl\u00e4rung \u00fcber Ihren Entschluss, diesen Vertrag zu widerrufen,&hellip; Read more","og_url":"https:\/\/radioactivegaming.eu\/fr\/rueckerstattung_rueckgaben\/","og_site_name":"Radioactive Gaming","article_modified_time":"2022-12-27T05:22:36+00:00","twitter_card":"summary_large_image","twitter_misc":{"Dur\u00e9e de lecture estim\u00e9e":"2 minutes"},"schema":{"@context":"https:\/\/schema.org","@graph":[{"@type":"WebPage","@id":"https:\/\/radioactivegaming.eu\/rueckerstattung_rueckgaben\/","url":"https:\/\/radioactivegaming.eu\/rueckerstattung_rueckgaben\/","name":"Information sur le droit de r\u00e9tractation - Radioactive Gaming","isPartOf":{"@id":"https:\/\/radioactivegaming.eu\/#website"},"datePublished":"2022-12-25T15:18:09+00:00","dateModified":"2022-12-27T05:22:36+00:00","breadcrumb":{"@id":"https:\/\/radioactivegaming.eu\/rueckerstattung_rueckgaben\/#breadcrumb"},"inLanguage":"fr-FR","potentialAction":[{"@type":"ReadAction","target":["https:\/\/radioactivegaming.eu\/rueckerstattung_rueckgaben\/"]}]},{"@type":"BreadcrumbList","@id":"https:\/\/radioactivegaming.eu\/rueckerstattung_rueckgaben\/#breadcrumb","itemListElement":[{"@type":"ListItem","position":1,"name":"Startseite","item":"https:\/\/radioactivegaming.eu\/"},{"@type":"ListItem","position":2,"name":"Widerrufsbelehrung"}]},{"@type":"WebSite","@id":"https:\/\/radioactivegaming.eu\/#website","url":"https:\/\/radioactivegaming.eu\/","name":"Jeux radioactifs","description":"","publisher":{"@id":"https:\/\/radioactivegaming.eu\/#organization"},"potentialAction":[{"@type":"SearchAction","target":{"@type":"EntryPoint","urlTemplate":"https:\/\/radioactivegaming.eu\/?s={search_term_string}"},"query-input":{"@type":"PropertyValueSpecification","valueRequired":true,"valueName":"search_term_string"}}],"inLanguage":"fr-FR"},{"@type":"Organization","@id":"https:\/\/radioactivegaming.eu\/#organization","name":"Jeux radioactifs","url":"https:\/\/radioactivegaming.eu\/","logo":{"@type":"ImageObject","inLanguage":"fr-FR","@id":"https:\/\/radioactivegaming.eu\/#\/schema\/logo\/image\/","url":"https:\/\/radioactivegaming.eu\/wp-content\/uploads\/2019\/12\/cropped-coin-2.png","contentUrl":"https:\/\/radioactivegaming.eu\/wp-content\/uploads\/2019\/12\/cropped-coin-2.png","width":256,"height":256,"caption":"Radioactive Gaming"},"image":{"@id":"https:\/\/radioactivegaming.eu\/#\/schema\/logo\/image\/"},"sameAs":["https:\/\/www.youtube.com\/channel\/UCHAH-p_vfp_co-__TB4M14A"]}]}},"jetpack_sharing_enabled":true,"_links":{"self":[{"href":"https:\/\/radioactivegaming.eu\/fr\/wp-json\/wp\/v2\/pages\/3934","targetHints":{"allow":["GET"]}}],"collection":[{"href":"https:\/\/radioactivegaming.eu\/fr\/wp-json\/wp\/v2\/pages"}],"about":[{"href":"https:\/\/radioactivegaming.eu\/fr\/wp-json\/wp\/v2\/types\/page"}],"author":[{"embeddable":true,"href":"https:\/\/radioactivegaming.eu\/fr\/wp-json\/wp\/v2\/users\/1"}],"replies":[{"embeddable":true,"href":"https:\/\/radioactivegaming.eu\/fr\/wp-json\/wp\/v2\/comments?post=3934"}],"version-history":[{"count":3,"href":"https:\/\/radioactivegaming.eu\/fr\/wp-json\/wp\/v2\/pages\/3934\/revisions"}],"predecessor-version":[{"id":4156,"href":"https:\/\/radioactivegaming.eu\/fr\/wp-json\/wp\/v2\/pages\/3934\/revisions\/4156"}],"wp:attachment":[{"href":"https:\/\/radioactivegaming.eu\/fr\/wp-json\/wp\/v2\/media?parent=3934"}],"curies":[{"name":"wp","href":"https:\/\/api.w.org\/{rel}","templated":true}]}}