{"id":661,"date":"2019-12-12T21:59:27","date_gmt":"2019-12-12T20:59:27","guid":{"rendered":"http:\/\/radioactivegaming.eu\/?page_id=661"},"modified":"2024-09-22T00:33:03","modified_gmt":"2024-09-21T22:33:03","slug":"rules","status":"publish","type":"page","link":"https:\/\/radioactivegaming.eu\/fr\/ark\/rules\/","title":{"rendered":"rules"},"content":{"rendered":"<div  data-label=\"Content\" data-id=\"content--1\" data-export-id=\"content-12\" data-category=\"content\" class=\"content-12 content-section content-section-spacing content-relative\" id=\"content-1\" style=\"background-color: rgb(255, 255, 255);\"><div  class=\"section-separator-top\">\n    <svg  class=\"section-separator-top\" data-separator-name=\"triangle-asymmetrical-negative\" preserveaspectratio=\"none\" viewbox=\"0 0 1000 100\" xmlns=\"http:\/\/www.w3.org\/2000\/svg\">\n        <path  class=\"svg-white-bg\" d=\"M737.9,94.7L0,0v100h1000V0L737.9,94.7z\"><\/path>\n    <\/svg>\n<\/div><div  class=\"gridContainer\"> <div  class=\"row text-center\"><div  class=\"section-title-col\" data-type=\"column\"><h2  class=\"\"><span  style=\"color: rgb(0, 0, 0);\">R\u00e8gles<\/span><\/h2>  <h3  class=\"\"><span  style=\"color: rgb(223, 10, 10);\">Remarques importantes !<\/span><\/h3><h4  class=\"\"><br ><span  style=\"color: rgb(223, 10, 10); font-weight: 700;\">IMPORTANT : Chaque joueur doit faire partie d'une tribu, m\u00eame s'il est joueur individuel !\n<\/span><\/h4><h3  class=\"\"><span  style=\"color: rgb(0, 0, 0);\">A) R\u00e8gles g\u00e9n\u00e9rales<\/span><\/h3><h4  class=\"\" style=\"text-align: left;\"><span  style=\"color: rgb(0, 0, 0);\">Chaque joueur sur notre serveur ARK doit se comporter de mani\u00e8re \u00e0 ce que nous puissions maintenir un serveur \u00e9quitable, r\u00e9glement\u00e9 et complet. Cette r\u00e8gle peut annuler toutes les autres r\u00e8gles.\n<\/span><br ><br ><span  style=\"color: rgb(0, 0, 0);\">\nLe harc\u00e8lement des autres joueurs est interdit. Cela inclut les insultes, les propos sexistes, radicaux et nazis ou tout simplement les discussions qui peuvent \u00e9galement avoir lieu dans le chat principal.\n<\/span><br ><br ><span  style=\"color: rgb(0, 0, 0);\">\nLangues de chat : Allemand et anglais.\n<\/span><br ><br ><span  style=\"color: rgb(0, 0, 0);\">\nIl est interdit d'attirer des dinosaures sauvages dans des bases \u00e9trang\u00e8res.<\/span><br ><br ><span  style=\"color: rgb(0, 0, 0);\">\nLes dinos qui sont en train d'\u00eatre apprivois\u00e9s ou assomm\u00e9s par quelqu'un d'autre ne peuvent pas \u00eatre tu\u00e9s, \n<\/span><br ><span  style=\"color: rgb(0, 0, 0);\">Il est \u00e9galement interdit de g\u00eaner ou de perturber d'une autre mani\u00e8re.<\/span><br ><br ><span  style=\"color: rgb(0, 0, 0);\">\n Il est interdit d'acheter ou de vendre des objets ou des dinosaures pour de l'argent r\u00e9el. Cela conduit directement au bannissement !<\/span><br ><span  style=\"color: rgb(0, 0, 0);\">\n\n<br >L'exploitation de bugs et de m\u00e9canismes de jeu \u00e0 son propre avantage est interdite.\n<\/span><br ><br ><span  style=\"color: rgb(0, 0, 0);\">\nIl n'y a en principe pas de remplacement d'objets\/d'animaux en cas de bugs, de crashs ou de faute personnelle.\n<\/span><\/h4><h3  class=\"\"><span  style=\"color: rgb(0, 0, 0);\">B) R\u00e8gles de construction<\/span><\/h3><h4  class=\"\" style=\"text-align: left;\"><span  style=\"color: rgb(0, 0, 0);\">Une base est autoris\u00e9e par serveur. \n<\/span>Limitez-vous \u00e0 une zone d'environ 60\u00d760 fondations !<span  style=\"color: rgb(0, 0, 0);\">\n<br >En outre, 1 avant-poste est autoris\u00e9 par serveur. Il peut s'agir, par exemple, d'une base d'eau ou d'un pi\u00e8ge \u00e0 comptage. Celui-ci ne doit pas d\u00e9passer 20\u00d720 fondations et environ 1000 structures. \n<br >De plus, chaque tribu peut placer une plateforme d'arbre et la construire avec environ 100 structures.\n<br ><br >Il est possible d'\u00e9tablir une base commune dans une alliance. Le nombre maximum de tribus est cependant limit\u00e9 \u00e0 deux. <\/span><br ><br ><span  style=\"color: rgb(0, 0, 0);\">\nTous les types de structures en dehors de la base (feux de camp, sacs de couchage, piques, pi\u00e8ges, fondations\/piliers individuels) doivent \u00eatre retir\u00e9s apr\u00e8s utilisation. Pour cela, il est \u00e9galement possible d'utiliser le D\u00e9cayage rapide, qui permet d'enlever toutes les petites accumulations de structures qui se trouvent dans un rayon d\u00e9fini au bout de 8 heures. \n<br >Nous avons \u00e9galement mis en place un canal dans Discord, o\u00f9 les structures qui d\u00e9rangent peuvent \u00eatre post\u00e9es. Nous nous r\u00e9servons le droit de supprimer les structures g\u00eanantes sans commentaire en cas d'ignorance des remarques \u00e0 ce sujet (de notre part ou de la part d'autres joueurs).<\/span><br ><br ><span  style=\"color: rgb(0, 0, 0);\">\nEn plus de vos bases, il est permis de poss\u00e9der un raft. Celui-ci doit cependant \u00eatre construit de mani\u00e8re raisonnable (lit, armoire, etc.) et se trouver principalement dans ou pr\u00e8s de votre base, sauf si vous l'utilisez. Les rafts vides qui ne se trouvent pas dans votre base sont consid\u00e9r\u00e9s comme des \"structures hors base\" et sont supprim\u00e9s par nos soins. Les rafts construits qui se trouvent en dehors de votre base pendant une longue p\u00e9riode comptent comme une base.<\/span><br ><br ><span  style=\"color: rgb(0, 0, 0);\">\nIl faut respecter une distance respectueuse par rapport aux bases de vos voisins, toute construction proche doit \u00eatre discut\u00e9e avec eux au pr\u00e9alable.\n<\/span><br ><br ><span  style=\"color: rgb(0, 0, 0);\">\nIl est interdit de r\u00e9server un terrain \u00e0 b\u00e2tir avec des fondations, des piliers ou d'autres structures.<\/span><br ><span  style=\"color: rgb(0, 0, 0);\">\nLes bases ou les enclos ext\u00e9rieurs doivent \u00eatre command\u00e9s avec des animaux ou des structures judicieuses. (Pas d'espaces r\u00e9serv\u00e9s !)\n<\/span><br ><br ><span  style=\"color: rgb(0, 0, 0);\">\nLes voies et les ressources importantes ne doivent pas \u00eatre bloqu\u00e9es par des constructions.\n<\/span><br ><br ><span  style=\"color: rgb(0, 0, 0);\">\nLes grottes d'artefacts et leurs acc\u00e8s ne peuvent pas \u00eatre construits.\n<\/span><br >\n<br ><span  style=\"color: rgb(0, 0, 0);\">Les portes autour d'une base ne sont pas des murs et doivent \u00eatre adapt\u00e9es dans les 24 heures.\n<\/span><br ><br ><span  style=\"color: rgb(0, 0, 0);\">\nIl est interdit de construire ou de parquer des dinosaures dans les ARK.\nPour cela, nous avons mis en place un Dino Cloud \u00e0 chaque ARK, que chacun peut utiliser.<\/span><br ><span  id=\"_mce_caret\" data-mce-bogus=\"1\" data-mce-type=\"format-caret\"><span  style=\"color: rgb(0, 0, 0);\">\n<br >Avec la tribu Radioactive Gaming, nous vous avons fourni quelques aides sur les cartes, comme par exemple sur Scorched Earth \u00e0 la gorge de la Wyvern, quelques pi\u00e8ges \u00e0 Wyvern ont \u00e9t\u00e9 plac\u00e9s.<\/span><\/span><br ><span  style=\"color: rgb(0, 0, 0);\">\nNe construisez pas d'\u00e9normes blocs carr\u00e9s comme base ou entrep\u00f4t de dinosaures. Avec le Dino Cloud, vous disposez d'un entrep\u00f4t efficace pour les dinosaures !<\/span><br ><br ><span  style=\"color: rgb(0, 0, 0);\">\nVeuillez construire de mani\u00e8re raisonnable et ne pas construire d'\u00e9normes b\u00e2timents avec trop de structures. Nous nous r\u00e9servons le droit de vous conseiller, le cas \u00e9ch\u00e9ant, de r\u00e9duire la taille de votre base.\n<\/span><\/h4><h3  class=\"\">C) Donner des animaux<\/h3><h4  class=\"\" style=\"text-align: left;\"><span  style=\"color: rgb(0, 0, 0);\">Il est interdit d'offrir des animaux en cadeau.<br >De m\u00eame, il est interdit de laisser des animaux d\u00e9claim\u00e9s sur le serveur afin que quelqu'un d'autre puisse les trouver et les reprendre.\n<br >En outre, les animaux ne peuvent \u00eatre vendus qu'\u00e0 des joueurs qui ont d\u00e9j\u00e0 atteint le niveau correspondant \u00e0 la selle requise. En cas d'infractions r\u00e9p\u00e9t\u00e9es, nous nous r\u00e9servons le droit de faire usage de notre syst\u00e8me d'avertissement.<span  style=\"font-size: 1.1rem; letter-spacing: 0.0625rem;\">&nbsp;<\/span><br ><br >\nDe m\u00eame, il est interdit d'offrir des animaux pour un bois, par exemple, afin de contourner la r\u00e8gle.\n\n\n<br ><br >Les animaux apprivois\u00e9s doivent \u00eatre propos\u00e9s \u00e0 un prix raisonnable.\n<br ><br >Les animaux d'\u00e9levage pr\u00e9sentant des mutations doivent \u00eatre propos\u00e9s \u00e0 un prix raisonnable et doivent \u00eatre castr\u00e9s.<\/span><\/h4><h3  class=\"\">D) Remarque concernant les activit\u00e9s d'administration<\/h3><p  class=\"lead\" style=\"text-align: left;\"><span  id=\"_mce_caret\" data-mce-bogus=\"1\" data-mce-type=\"format-caret\"><span  style=\"font-family: Muli, arial, helvetica, sans-serif; font-weight: 600;\"><\/span><\/span><span  style=\"font-weight: 600;\">Les instructions des admins doivent imp\u00e9rativement \u00eatre respect\u00e9es.\n<\/span><br ><br ><span  style=\"font-weight: 600;\">\nEn cas de non-respect des r\u00e8gles, nous nous r\u00e9servons le droit de supprimer les structures concern\u00e9es sans commentaire. (par ex. structures hors de la base) De plus, un avertissement ou un bannissement peut \u00eatre prononc\u00e9.<\/span><\/p><\/div> <\/div> <div  class=\"row center-xs middle-xs\"> <div  class=\"col-sm-9\" data-type=\"column\"> <\/div> <\/div><\/div> <div  class=\"section-separator-bottom\">\n    <svg  xmlns=\"http:\/\/www.w3.org\/2000\/svg\" viewbox=\"0 0 283.5 19.6\" preserveaspectratio=\"none\" data-separator-name=\"opacity-fan\" class=\"section-separator-bottom\">\n\t<path  class=\"svg-white-bg\" style=\"opacity: 0.33;\" d=\"M0 0L0 18.8 141.8 4.1 283.5 18.8 283.5 0z\"><\/path>\n\t<path  class=\"svg-white-bg\" style=\"opacity: 0.33;\" d=\"M0 0L0 12.6 141.8 4 283.5 12.6 283.5 0z\"><\/path>\n\t<path  class=\"svg-white-bg\" style=\"opacity: 0.33;\" d=\"M0 0L0 6.4 141.8 4 283.5 6.4 283.5 0z\"><\/path>\n\t<path  class=\"svg-white-bg\" d=\"M0 0L0 1.2 141.8 4 283.5 1.2 283.5 0z\"><\/path>\n<\/svg>\n<\/div><\/div>","protected":false},"excerpt":{"rendered":"<p>R\u00e8gles Remarques importantes!IMPORTANT : Chaque joueur doit se trouver dans une tribu, m\u00eame s'il est joueur individuel ! A) R\u00e8gles g\u00e9n\u00e9ralesChaque joueur sur notre serveur ARK doit se comporter de mani\u00e8re \u00e0 ce que nous puissions maintenir un serveur \u00e9quitable, r\u00e9glement\u00e9 et complet. Cette r\u00e8gle peut annuler toutes les autres r\u00e8gles. Le harc\u00e8lement des autres joueurs est interdit. Cela inclut les insultes, le sexisme,... <br \/> <a class=\"read-more\" href=\"https:\/\/radioactivegaming.eu\/fr\/ark\/rules\/\">Read more<\/a><\/p>","protected":false},"author":1,"featured_media":4966,"parent":12,"menu_order":0,"comment_status":"closed","ping_status":"closed","template":"pro\/page-templates\/full-width-page.php","meta":{"footnotes":""},"class_list":["post-661","page","type-page","status-publish","has-post-thumbnail","hentry"],"yoast_head":"<!-- This site is optimized with the Yoast SEO plugin v26.3 - https:\/\/yoast.com\/wordpress\/plugins\/seo\/ -->\n<title>rules - Radioactive Gaming<\/title>\n<meta name=\"robots\" content=\"index, follow, max-snippet:-1, max-image-preview:large, max-video-preview:-1\" \/>\n<link rel=\"canonical\" href=\"https:\/\/radioactivegaming.eu\/fr\/ark\/rules\/\" \/>\n<meta property=\"og:locale\" content=\"fr_FR\" \/>\n<meta property=\"og:type\" content=\"article\" \/>\n<meta property=\"og:title\" content=\"rules - Radioactive Gaming\" \/>\n<meta property=\"og:description\" content=\"Regeln Wichtige Hinweise!WICHTIG: Jeder Spieler muss sich in einem Tribe befinden, auch wenn er Einzelspieler ist! A) Allgemeine RegelnJeder Spieler auf unserem ARK-Server muss sich so verhalten, dass wir einen fairen, geregelten und vollen Server erhalten k\u00f6nnen. Diese Regel kann alle anderen Regeln au\u00dfer Kraft setzen. Bel\u00e4stigung von Mitspielern ist verboten. Hierunter fallen Beleidigungen, sexistische,&hellip; Read more\" \/>\n<meta property=\"og:url\" content=\"https:\/\/radioactivegaming.eu\/fr\/ark\/rules\/\" \/>\n<meta property=\"og:site_name\" content=\"Radioactive Gaming\" \/>\n<meta property=\"article:modified_time\" content=\"2024-09-21T22:33:03+00:00\" \/>\n<meta property=\"og:image\" content=\"https:\/\/radioactivegaming.eu\/wp-content\/uploads\/2023\/10\/20231028010459_1.jpg\" \/>\n\t<meta property=\"og:image:width\" content=\"2048\" \/>\n\t<meta property=\"og:image:height\" content=\"1152\" \/>\n\t<meta property=\"og:image:type\" content=\"image\/jpeg\" \/>\n<meta name=\"twitter:card\" content=\"summary_large_image\" \/>\n<meta name=\"twitter:label1\" content=\"Dur\u00e9e de lecture estim\u00e9e\" \/>\n\t<meta name=\"twitter:data1\" content=\"4 minutes\" \/>\n<script type=\"application\/ld+json\" class=\"yoast-schema-graph\">{\"@context\":\"https:\/\/schema.org\",\"@graph\":[{\"@type\":\"WebPage\",\"@id\":\"https:\/\/radioactivegaming.eu\/ark\/rules\/\",\"url\":\"https:\/\/radioactivegaming.eu\/ark\/rules\/\",\"name\":\"rules - Radioactive Gaming\",\"isPartOf\":{\"@id\":\"https:\/\/radioactivegaming.eu\/#website\"},\"primaryImageOfPage\":{\"@id\":\"https:\/\/radioactivegaming.eu\/ark\/rules\/#primaryimage\"},\"image\":{\"@id\":\"https:\/\/radioactivegaming.eu\/ark\/rules\/#primaryimage\"},\"thumbnailUrl\":\"https:\/\/radioactivegaming.eu\/wp-content\/uploads\/2023\/10\/20231028010459_1.jpg\",\"datePublished\":\"2019-12-12T20:59:27+00:00\",\"dateModified\":\"2024-09-21T22:33:03+00:00\",\"breadcrumb\":{\"@id\":\"https:\/\/radioactivegaming.eu\/ark\/rules\/#breadcrumb\"},\"inLanguage\":\"fr-FR\",\"potentialAction\":[{\"@type\":\"ReadAction\",\"target\":[\"https:\/\/radioactivegaming.eu\/ark\/rules\/\"]}]},{\"@type\":\"ImageObject\",\"inLanguage\":\"fr-FR\",\"@id\":\"https:\/\/radioactivegaming.eu\/ark\/rules\/#primaryimage\",\"url\":\"https:\/\/radioactivegaming.eu\/wp-content\/uploads\/2023\/10\/20231028010459_1.jpg\",\"contentUrl\":\"https:\/\/radioactivegaming.eu\/wp-content\/uploads\/2023\/10\/20231028010459_1.jpg\",\"width\":2048,\"height\":1152},{\"@type\":\"BreadcrumbList\",\"@id\":\"https:\/\/radioactivegaming.eu\/ark\/rules\/#breadcrumb\",\"itemListElement\":[{\"@type\":\"ListItem\",\"position\":1,\"name\":\"Startseite\",\"item\":\"https:\/\/radioactivegaming.eu\/\"},{\"@type\":\"ListItem\",\"position\":2,\"name\":\"Ark\",\"item\":\"https:\/\/radioactivegaming.eu\/ark\/\"},{\"@type\":\"ListItem\",\"position\":3,\"name\":\"rules\"}]},{\"@type\":\"WebSite\",\"@id\":\"https:\/\/radioactivegaming.eu\/#website\",\"url\":\"https:\/\/radioactivegaming.eu\/\",\"name\":\"Radioactive Gaming\",\"description\":\"\",\"publisher\":{\"@id\":\"https:\/\/radioactivegaming.eu\/#organization\"},\"potentialAction\":[{\"@type\":\"SearchAction\",\"target\":{\"@type\":\"EntryPoint\",\"urlTemplate\":\"https:\/\/radioactivegaming.eu\/?s={search_term_string}\"},\"query-input\":{\"@type\":\"PropertyValueSpecification\",\"valueRequired\":true,\"valueName\":\"search_term_string\"}}],\"inLanguage\":\"fr-FR\"},{\"@type\":\"Organization\",\"@id\":\"https:\/\/radioactivegaming.eu\/#organization\",\"name\":\"Radioactive Gaming\",\"url\":\"https:\/\/radioactivegaming.eu\/\",\"logo\":{\"@type\":\"ImageObject\",\"inLanguage\":\"fr-FR\",\"@id\":\"https:\/\/radioactivegaming.eu\/#\/schema\/logo\/image\/\",\"url\":\"https:\/\/radioactivegaming.eu\/wp-content\/uploads\/2019\/12\/cropped-coin-2.png\",\"contentUrl\":\"https:\/\/radioactivegaming.eu\/wp-content\/uploads\/2019\/12\/cropped-coin-2.png\",\"width\":256,\"height\":256,\"caption\":\"Radioactive Gaming\"},\"image\":{\"@id\":\"https:\/\/radioactivegaming.eu\/#\/schema\/logo\/image\/\"},\"sameAs\":[\"https:\/\/www.youtube.com\/channel\/UCHAH-p_vfp_co-__TB4M14A\"]}]}<\/script>\n<!-- \/ Yoast SEO plugin. -->","yoast_head_json":{"title":"r\u00e8gles - Radioactive Gaming","robots":{"index":"index","follow":"follow","max-snippet":"max-snippet:-1","max-image-preview":"max-image-preview:large","max-video-preview":"max-video-preview:-1"},"canonical":"https:\/\/radioactivegaming.eu\/fr\/ark\/rules\/","og_locale":"fr_FR","og_type":"article","og_title":"rules - Radioactive Gaming","og_description":"Regeln Wichtige Hinweise!WICHTIG: Jeder Spieler muss sich in einem Tribe befinden, auch wenn er Einzelspieler ist! A) Allgemeine RegelnJeder Spieler auf unserem ARK-Server muss sich so verhalten, dass wir einen fairen, geregelten und vollen Server erhalten k\u00f6nnen. Diese Regel kann alle anderen Regeln au\u00dfer Kraft setzen. Bel\u00e4stigung von Mitspielern ist verboten. Hierunter fallen Beleidigungen, sexistische,&hellip; Read more","og_url":"https:\/\/radioactivegaming.eu\/fr\/ark\/rules\/","og_site_name":"Radioactive Gaming","article_modified_time":"2024-09-21T22:33:03+00:00","og_image":[{"width":2048,"height":1152,"url":"https:\/\/radioactivegaming.eu\/wp-content\/uploads\/2023\/10\/20231028010459_1.jpg","type":"image\/jpeg"}],"twitter_card":"summary_large_image","twitter_misc":{"Dur\u00e9e de lecture estim\u00e9e":"4 minutes"},"schema":{"@context":"https:\/\/schema.org","@graph":[{"@type":"WebPage","@id":"https:\/\/radioactivegaming.eu\/ark\/rules\/","url":"https:\/\/radioactivegaming.eu\/ark\/rules\/","name":"r\u00e8gles - Radioactive Gaming","isPartOf":{"@id":"https:\/\/radioactivegaming.eu\/#website"},"primaryImageOfPage":{"@id":"https:\/\/radioactivegaming.eu\/ark\/rules\/#primaryimage"},"image":{"@id":"https:\/\/radioactivegaming.eu\/ark\/rules\/#primaryimage"},"thumbnailUrl":"https:\/\/radioactivegaming.eu\/wp-content\/uploads\/2023\/10\/20231028010459_1.jpg","datePublished":"2019-12-12T20:59:27+00:00","dateModified":"2024-09-21T22:33:03+00:00","breadcrumb":{"@id":"https:\/\/radioactivegaming.eu\/ark\/rules\/#breadcrumb"},"inLanguage":"fr-FR","potentialAction":[{"@type":"ReadAction","target":["https:\/\/radioactivegaming.eu\/ark\/rules\/"]}]},{"@type":"ImageObject","inLanguage":"fr-FR","@id":"https:\/\/radioactivegaming.eu\/ark\/rules\/#primaryimage","url":"https:\/\/radioactivegaming.eu\/wp-content\/uploads\/2023\/10\/20231028010459_1.jpg","contentUrl":"https:\/\/radioactivegaming.eu\/wp-content\/uploads\/2023\/10\/20231028010459_1.jpg","width":2048,"height":1152},{"@type":"BreadcrumbList","@id":"https:\/\/radioactivegaming.eu\/ark\/rules\/#breadcrumb","itemListElement":[{"@type":"ListItem","position":1,"name":"Startseite","item":"https:\/\/radioactivegaming.eu\/"},{"@type":"ListItem","position":2,"name":"Ark","item":"https:\/\/radioactivegaming.eu\/ark\/"},{"@type":"ListItem","position":3,"name":"rules"}]},{"@type":"WebSite","@id":"https:\/\/radioactivegaming.eu\/#website","url":"https:\/\/radioactivegaming.eu\/","name":"Jeux radioactifs","description":"","publisher":{"@id":"https:\/\/radioactivegaming.eu\/#organization"},"potentialAction":[{"@type":"SearchAction","target":{"@type":"EntryPoint","urlTemplate":"https:\/\/radioactivegaming.eu\/?s={search_term_string}"},"query-input":{"@type":"PropertyValueSpecification","valueRequired":true,"valueName":"search_term_string"}}],"inLanguage":"fr-FR"},{"@type":"Organization","@id":"https:\/\/radioactivegaming.eu\/#organization","name":"Jeux radioactifs","url":"https:\/\/radioactivegaming.eu\/","logo":{"@type":"ImageObject","inLanguage":"fr-FR","@id":"https:\/\/radioactivegaming.eu\/#\/schema\/logo\/image\/","url":"https:\/\/radioactivegaming.eu\/wp-content\/uploads\/2019\/12\/cropped-coin-2.png","contentUrl":"https:\/\/radioactivegaming.eu\/wp-content\/uploads\/2019\/12\/cropped-coin-2.png","width":256,"height":256,"caption":"Radioactive Gaming"},"image":{"@id":"https:\/\/radioactivegaming.eu\/#\/schema\/logo\/image\/"},"sameAs":["https:\/\/www.youtube.com\/channel\/UCHAH-p_vfp_co-__TB4M14A"]}]}},"jetpack_sharing_enabled":true,"_links":{"self":[{"href":"https:\/\/radioactivegaming.eu\/fr\/wp-json\/wp\/v2\/pages\/661","targetHints":{"allow":["GET"]}}],"collection":[{"href":"https:\/\/radioactivegaming.eu\/fr\/wp-json\/wp\/v2\/pages"}],"about":[{"href":"https:\/\/radioactivegaming.eu\/fr\/wp-json\/wp\/v2\/types\/page"}],"author":[{"embeddable":true,"href":"https:\/\/radioactivegaming.eu\/fr\/wp-json\/wp\/v2\/users\/1"}],"replies":[{"embeddable":true,"href":"https:\/\/radioactivegaming.eu\/fr\/wp-json\/wp\/v2\/comments?post=661"}],"version-history":[{"count":13,"href":"https:\/\/radioactivegaming.eu\/fr\/wp-json\/wp\/v2\/pages\/661\/revisions"}],"predecessor-version":[{"id":5807,"href":"https:\/\/radioactivegaming.eu\/fr\/wp-json\/wp\/v2\/pages\/661\/revisions\/5807"}],"up":[{"embeddable":true,"href":"https:\/\/radioactivegaming.eu\/fr\/wp-json\/wp\/v2\/pages\/12"}],"wp:featuredmedia":[{"embeddable":true,"href":"https:\/\/radioactivegaming.eu\/fr\/wp-json\/wp\/v2\/media\/4966"}],"wp:attachment":[{"href":"https:\/\/radioactivegaming.eu\/fr\/wp-json\/wp\/v2\/media?parent=661"}],"curies":[{"name":"wp","href":"https:\/\/api.w.org\/{rel}","templated":true}]}}