{"id":922,"date":"2020-02-09T15:04:45","date_gmt":"2020-02-09T14:04:45","guid":{"rendered":"http:\/\/radioactivegaming.eu\/?page_id=922"},"modified":"2024-08-15T02:34:08","modified_gmt":"2024-08-15T00:34:08","slug":"place-de-marche","status":"publish","type":"page","link":"https:\/\/radioactivegaming.eu\/fr\/ark\/place-de-marche\/","title":{"rendered":"Lieu de n\u00e9gociation"},"content":{"rendered":"<div  data-label=\"Handelsplatz\" data-id=\"about--1\" data-export-id=\"about-10\" data-category=\"about\" class=\"about-10 content-section content-section-spacing content-relative\" id=\"handelsplatz\" style=\"background-color: rgb(255, 255, 255);\"><div  class=\"section-separator-top\">\r\n    <svg  class=\"section-separator-top\" data-separator-name=\"triangle-asymmetrical-negative\" preserveaspectratio=\"none\" viewbox=\"0 0 1000 100\" xmlns=\"http:\/\/www.w3.org\/2000\/svg\">\r\n        <path  class=\"svg-white-bg\" d=\"M737.9,94.7L0,0v100h1000V0L737.9,94.7z\"><\/path>\r\n    <\/svg>\r\n<\/div><div  class=\"gridContainer\"> <div  class=\"row middle-sm text-center\"><div  class=\"col-sm-5 space-bottom-xs content-column\" data-type=\"column\">  <h2  class=\"\">Lieu de commerce sur The Island<\/h2> <p  class=\"\">Vous trouverez le march\u00e9 \u00e0 43 LAT \/81.5 LONG\r\n<br >Vous trouverez ici les boutiques des joueurs ainsi que les boutiques des serveurs. <\/p> <\/div> <div  class=\"col-sm-7 flexbox middle-xs center-xs space-bottom-xs\"><div  class=\"overlay-box middle-xs center-xs flexbox\"> <div  class=\"overlay-box-offset offset-border shadow-medium border-color1 hide-xs\"><\/div> <img  decoding=\"async\" class=\"shadow-large\" data-size=\"485x705\" src=\"https:\/\/radioactivegaming.eu\/wp-content\/uploads\/2024\/08\/cropped-HandelMap.png\" title=\"cropped-HandelMap.png\" alt=\"\"><\/div> <\/div><\/div> <\/div><\/div><div  data-label=\"Regeln\" data-id=\"overlappable--2\" data-export-id=\"overlappable-3\" data-category=\"overlappable\" class=\"overlappable-3 content-section content-section-spacing\" data-overlap=\"true\" id=\"regeln\" style=\"background-color: rgb(255, 255, 255);\"><div  class=\"gridContainer\"> <div  class=\"row bg-color-white shadow-medium\"><div  class=\"col-xs-12 col-sm-6 image-col first-image-col\" data-bg=\"image\" style=\"background-image: url(&quot;https:\/\/radioactivegaming.eu\/wp-content\/uploads\/2024\/08\/Handelsplatz1.png&quot;);\"><\/div> <div  class=\"col-xs-12 col-sm-6 content-col col-padding col-padding-xs\"> <div  class=\"col-padding\" data-type=\"column\"> <h4  class=\"\">Les r\u00e8gles suivantes sont \u00e0 respecter concernant les boutiques :<\/h4> <p  class=\"\">Chaque tribu ne peut poss\u00e9der qu'une seule boutique. Vous pouvez simplement vous rendre dans une boutique et la clamer avec un E. Veuillez ensuite renommer la boutique au nom de votre tribu !<br >\r\nSi vous souhaitez vendre ou acheter des dinosaures dans la boutique, vous ne pouvez le faire que via les cryopodes. Si vous souhaitez y participer, ouvrez un ticket et je vous attribuerai un cryopode sur la place du march\u00e9. Celui-ci ne doit \u00eatre utilis\u00e9 que pour le trading ou pour lib\u00e9rer les dinosaures gagn\u00e9s lors d'\u00e9v\u00e9nements ou au Club ARK ! Les Cryopods peuvent \u00eatre achet\u00e9s dans les Adminshops. Les dinos ne peuvent \u00eatre vendus que castr\u00e9s.<\/p> <\/div> <\/div><\/div> <div  class=\"row bg-color-white shadow-medium\"><div  class=\"col-xs-12 col-sm-6 content-col col-padding col-padding-xs\"> <div  class=\"col-padding\" data-type=\"column\"> <p  class=\"\">Je vous prie de ne pas utiliser vos propres boutiques dans vos bases. Pour l'instant, je laisse les engrammes \u00e0 l'int\u00e9rieur \u00e0 des fins d\u00e9coratives ! Mais si je constate que des boutiques personnelles sont cr\u00e9\u00e9es en dehors de la place du march\u00e9, je cacherai les engrammes et supprimerai toutes les boutiques en dehors de la place du march\u00e9.<\/p> <\/div> <\/div> <div  class=\"col-xs-12 col-sm-6 image-col second-image-col first-xs last-sm\" data-bg=\"image\" style=\"background-image: url(&quot;https:\/\/radioactivegaming.eu\/wp-content\/uploads\/2024\/08\/Handelsplatz2.png&quot;);\"><\/div> <\/div><\/div> <\/div><div  data-label=\"Servershops\" data-id=\"portfolio--3\" data-export-id=\"portfolio-6\" data-category=\"portfolio\" class=\"portfolio-6 content-section content-section-spacing content-relative\" id=\"servershops\" style=\"background-color: rgb(255, 255, 255);\"><div  class=\"gridContainer\"> <div  class=\"row text-center\"><div  class=\"section-title-col\" data-type=\"column\"> <h2  class=\"\">Boutiques de serveurs<\/h2> <p  class=\"lead\">Vous pouvez gagner des coins en jouant, en votant ou en votant \u00e0 l'avenir et les r\u00e9investir dans les choses les plus diverses dans les boutiques du serveur.<\/p><\/div> <\/div> <div  class=\"row space-bottom spaced-cols\" data-type=\"row\"> <div  class=\"col-xs-12 col-sm-4 text-center\"> <div  class=\"card no-padding\"> <div  data-hover-fx=\"portfolio-5\" class=\"contentswap-effect\"> <div  class=\"initial-image\"> <img  decoding=\"async\" data-size=\"500x333\" src=\"\"><\/div> <div  class=\"overlay bg-color6\"><\/div> <div  class=\"swap-inner col-xs-12\"> <div  class=\"row full-height-row middle-xs middle-sm\"> <div  class=\"col-xs-12 text-center content-holder\"> <a href=\"#\" target=\"_self\" rel=\"noopener\"><i  class=\"fa icon portfolio-icon fa-search small color-black\" aria-hidden=\"true\"><\/i><\/a><\/div> <\/div><\/div> <\/div> <div  class=\"space-bottom space-top col-xs-12\" data-type=\"column\"> <img decoding=\"async\"  class=\"custom-image\" src=\"https:\/\/radioactivegaming.eu\/wp-content\/uploads\/2024\/08\/cropped-chibis.png\" title=\"cropped-chibis.png\" alt=\"\"><h4  class=\"\">Chibis<\/h4> <p  class=\"small italic\">Vous trouverez ici une s\u00e9lection de chibis rares \u00e0 acheter.\r\n<\/p><\/div> <\/div><\/div> <div  class=\"col-xs-12 col-sm-4 text-center\"><div  class=\"card no-padding\"> <div  data-hover-fx=\"portfolio-5\" class=\"contentswap-effect\"><div  class=\"initial-image\"> <img  decoding=\"async\" data-size=\"500x333\" src=\"\"><\/div> <div  class=\"overlay bg-color6\"><\/div> <div  class=\"swap-inner col-xs-12\"> <div  class=\"row full-height-row middle-xs middle-sm\"> <div  class=\"col-xs-12 text-center content-holder\"> <a href=\"#\" target=\"_self\" rel=\"noopener\"><i  class=\"fa icon portfolio-icon fa-search big color-black\" aria-hidden=\"true\"><\/i><\/a><\/div> <\/div><\/div> <\/div> <div  class=\"space-bottom space-top col-xs-12\" data-type=\"column\"> <img decoding=\"async\"  class=\"custom-image\" src=\"https:\/\/radioactivegaming.eu\/wp-content\/uploads\/2024\/08\/cropped-Skins.png\" title=\"cropped-Skins.png\" alt=\"\"><h4  class=\"\">Skins<\/h4> <p  class=\"small italic\">Dans la boutique de skins, vous pouvez acheter les anciennes skins d'\u00e9v\u00e9nements et \u00e9ventuellement vos propres skins \u00e0 l'avenir.\r\n<\/p><\/div> <\/div><\/div> <div  class=\"col-xs-12 col-sm-4 text-center\"><div  class=\"card no-padding\"> <div  data-hover-fx=\"portfolio-5\" class=\"contentswap-effect\"><div  class=\"initial-image\"> <img  decoding=\"async\" data-size=\"500x333\" src=\"\"><\/div> <div  class=\"overlay bg-color6\"><\/div> <div  class=\"swap-inner col-xs-12\"> <div  class=\"row full-height-row middle-xs middle-sm\"> <div  class=\"col-xs-12 text-center content-holder\"> <a href=\"#\" target=\"_self\" rel=\"noopener\"><i  class=\"fa icon portfolio-icon fa-search big color-black\" aria-hidden=\"true\"><\/i><\/a><\/div> <\/div><\/div> <\/div> <div  class=\"space-bottom space-top col-xs-12\" data-type=\"column\"> <img decoding=\"async\"  class=\"custom-image\" src=\"https:\/\/radioactivegaming.eu\/wp-content\/uploads\/2024\/08\/cropped-Consumables.png\" title=\"cropped-Consumables.png\" alt=\"\"><h4  class=\"\">Consommables<\/h4> <p  class=\"small italic\">Vous n'avez pas envie de cuisiner vous-m\u00eame ? Alors cette boutique est faite pour vous. Vous y trouverez Kibble et de nombreux autres produits \u00e0 acheter.<\/p><\/div> <\/div><\/div> <div  class=\"col-xs-12 col-sm-4 text-center\"> <div  class=\"card no-padding\"> <div  data-hover-fx=\"portfolio-5\" class=\"contentswap-effect\"> <div  class=\"initial-image\"> <img  decoding=\"async\" data-size=\"500x333\" src=\"\"><\/div> <div  class=\"overlay bg-color6\"><\/div> <div  class=\"swap-inner col-xs-12\"> <div  class=\"row full-height-row middle-xs middle-sm\"> <div  class=\"col-xs-12 text-center content-holder\"> <a href=\"#\" target=\"_self\" rel=\"noopener\"><i  class=\"fa icon portfolio-icon fa-search big color-black\" aria-hidden=\"true\"><\/i><\/a><\/div> <\/div><\/div> <\/div> <div  class=\"space-bottom space-top col-xs-12\" data-type=\"column\"> <img decoding=\"async\"  class=\"custom-image\" src=\"https:\/\/radioactivegaming.eu\/wp-content\/uploads\/2024\/08\/cropped-Resissell.png\" title=\"cropped-Resissell.png\" alt=\"\"><h4  class=\"\">Ressources<\/h4> <p  class=\"small italic\">M\u00eame pour ceux qui n'ont pas vraiment envie de farmer, nous avons de quoi les satisfaire. Du m\u00e9tal aux \u00e9l\u00e9ments, tout y est.<\/p><\/div> <\/div><\/div><div  class=\"col-xs-12 col-sm-4 text-center\"> <div  class=\"card no-padding\"> <div  data-hover-fx=\"portfolio-5\" class=\"contentswap-effect\"> <div  class=\"initial-image\"> <img  decoding=\"async\" data-size=\"500x333\" src=\"\"><\/div> <div  class=\"overlay bg-color6\"><\/div> <div  class=\"swap-inner col-xs-12\"> <div  class=\"row full-height-row middle-xs middle-sm\"> <div  class=\"col-xs-12 text-center content-holder\"> <a href=\"#\" target=\"_self\" rel=\"noopener\"><i  class=\"fa icon portfolio-icon fa-search big color-black\" aria-hidden=\"true\"><\/i><\/a><\/div> <\/div><\/div> <\/div> <div  class=\"space-bottom space-top col-xs-12\" data-type=\"column\"> <img decoding=\"async\"  class=\"custom-image\" src=\"https:\/\/radioactivegaming.eu\/wp-content\/uploads\/2024\/08\/cropped-Cryo.png\" title=\"cropped-Cryo.png\" alt=\"\"><h4  class=\"\">Cryopode<\/h4> <p  class=\"small italic\">Ici, vous pouvez acheter le bon vieux cryopode. Celui-ci est n\u00e9cessaire si vous voulez proposer des animaux sur la place du march\u00e9.<\/p><\/div> <\/div><\/div><div  class=\"col-xs-12 col-sm-4 text-center\"> <div  class=\"card no-padding\"> <div  data-hover-fx=\"portfolio-5\" class=\"contentswap-effect\"> <div  class=\"initial-image\"> <img  decoding=\"async\" data-size=\"500x333\" src=\"\"><\/div> <div  class=\"overlay bg-color6\"><\/div> <div  class=\"swap-inner col-xs-12\"> <div  class=\"row full-height-row middle-xs middle-sm\"> <div  class=\"col-xs-12 text-center content-holder\"> <a href=\"#\" target=\"_self\" rel=\"noopener\"><i  class=\"fa icon portfolio-icon fa-search small color-black\" aria-hidden=\"true\"><\/i><\/a><\/div> <\/div><\/div> <\/div> <div  class=\"space-bottom space-top col-xs-12\" data-type=\"column\"> <img decoding=\"async\"  class=\"custom-image\" src=\"https:\/\/radioactivegaming.eu\/wp-content\/uploads\/2024\/08\/cropped-Resissell.png\" title=\"cropped-Resissell.png\" alt=\"\"><h4  class=\"\">Vente d'hommages<\/h4> <p  class=\"small italic\">Si vous avez trop de dents de requin ou de griffes de raptor et que vous avez besoin de coins, vous avez la possibilit\u00e9 de les \u00e9changer ici.<\/p><\/div> <\/div><\/div><\/div> <div  class=\"row\"> <div  data-type=\"column\" class=\"col-xs-12 text-center\"> <\/div> <\/div><\/div> <div  class=\"section-separator-bottom\">\r\n    <svg  xmlns=\"http:\/\/www.w3.org\/2000\/svg\" viewbox=\"0 0 1000 100\" preserveaspectratio=\"none\" data-separator-name=\"triangle-negative\" class=\"section-separator-bottom\">\r\n\t<path  class=\"svg-white-bg\" d=\"M500.2,94.7L0,0v100h1000V0L500.2,94.7z\"><\/path>\r\n<\/svg>\r\n<\/div><\/div>","protected":false},"excerpt":{"rendered":"<p>Place du march\u00e9 sur The Island La place du march\u00e9 se trouve \u00e0 43 LAT \/81.5 LONG Vous y trouverez les boutiques des joueurs ainsi que les boutiques des serveurs. Les r\u00e8gles suivantes s'appliquent aux boutiques : Chaque tribu ne peut poss\u00e9der qu'une seule boutique. Vous pouvez simplement vous rendre dans une boutique et la clamer avec un E. Veuillez ensuite nommer... <br \/> <a class=\"read-more\" href=\"https:\/\/radioactivegaming.eu\/fr\/ark\/place-de-marche\/\">Read more<\/a><\/p>","protected":false},"author":1,"featured_media":0,"parent":12,"menu_order":0,"comment_status":"closed","ping_status":"closed","template":"pro\/page-templates\/full-width-page.php","meta":{"footnotes":""},"class_list":["post-922","page","type-page","status-publish","hentry"],"yoast_head":"<!-- This site is optimized with the Yoast SEO plugin v26.3 - https:\/\/yoast.com\/wordpress\/plugins\/seo\/ -->\n<title>Handelsplatz - Radioactive Gaming<\/title>\n<meta name=\"robots\" content=\"index, follow, max-snippet:-1, max-image-preview:large, max-video-preview:-1\" \/>\n<link rel=\"canonical\" href=\"https:\/\/radioactivegaming.eu\/fr\/ark\/place-de-marche\/\" \/>\n<meta property=\"og:locale\" content=\"fr_FR\" \/>\n<meta property=\"og:type\" content=\"article\" \/>\n<meta property=\"og:title\" content=\"Handelsplatz - Radioactive Gaming\" \/>\n<meta property=\"og:description\" content=\"Handelsplatz auf The Island Den Marktplatz findet ihr bei 43 LAT \/81.5 LONG Hier findet ihr die Spielershops sowie auch die Servershops. Folgende Regeln gibt es zu den Shops zu beachten: Jeder Tribe darf nur einen Shop besitzen. Ihr k\u00f6nnt einfach an einen Shop gehen und ihn mit E f\u00fcr euch Claimen. Bitte benennt anschlie\u00dfend&hellip; Read more\" \/>\n<meta property=\"og:url\" content=\"https:\/\/radioactivegaming.eu\/fr\/ark\/place-de-marche\/\" \/>\n<meta property=\"og:site_name\" content=\"Radioactive Gaming\" \/>\n<meta property=\"article:modified_time\" content=\"2024-08-15T00:34:08+00:00\" \/>\n<meta property=\"og:image\" content=\"https:\/\/radioactivegaming.eu\/wp-content\/uploads\/2024\/08\/cropped-HandelMap.png\" \/>\n<meta name=\"twitter:card\" content=\"summary_large_image\" \/>\n<meta name=\"twitter:label1\" content=\"Dur\u00e9e de lecture estim\u00e9e\" \/>\n\t<meta name=\"twitter:data1\" content=\"5 minutes\" \/>\n<script type=\"application\/ld+json\" class=\"yoast-schema-graph\">{\"@context\":\"https:\/\/schema.org\",\"@graph\":[{\"@type\":\"WebPage\",\"@id\":\"https:\/\/radioactivegaming.eu\/ark\/handelsplatz\/\",\"url\":\"https:\/\/radioactivegaming.eu\/ark\/handelsplatz\/\",\"name\":\"Handelsplatz - Radioactive Gaming\",\"isPartOf\":{\"@id\":\"https:\/\/radioactivegaming.eu\/#website\"},\"primaryImageOfPage\":{\"@id\":\"https:\/\/radioactivegaming.eu\/ark\/handelsplatz\/#primaryimage\"},\"image\":{\"@id\":\"https:\/\/radioactivegaming.eu\/ark\/handelsplatz\/#primaryimage\"},\"thumbnailUrl\":\"https:\/\/radioactivegaming.eu\/wp-content\/uploads\/2024\/08\/cropped-HandelMap.png\",\"datePublished\":\"2020-02-09T14:04:45+00:00\",\"dateModified\":\"2024-08-15T00:34:08+00:00\",\"breadcrumb\":{\"@id\":\"https:\/\/radioactivegaming.eu\/ark\/handelsplatz\/#breadcrumb\"},\"inLanguage\":\"fr-FR\",\"potentialAction\":[{\"@type\":\"ReadAction\",\"target\":[\"https:\/\/radioactivegaming.eu\/ark\/handelsplatz\/\"]}]},{\"@type\":\"ImageObject\",\"inLanguage\":\"fr-FR\",\"@id\":\"https:\/\/radioactivegaming.eu\/ark\/handelsplatz\/#primaryimage\",\"url\":\"https:\/\/radioactivegaming.eu\/wp-content\/uploads\/2024\/08\/cropped-HandelMap.png\",\"contentUrl\":\"https:\/\/radioactivegaming.eu\/wp-content\/uploads\/2024\/08\/cropped-HandelMap.png\"},{\"@type\":\"BreadcrumbList\",\"@id\":\"https:\/\/radioactivegaming.eu\/ark\/handelsplatz\/#breadcrumb\",\"itemListElement\":[{\"@type\":\"ListItem\",\"position\":1,\"name\":\"Startseite\",\"item\":\"https:\/\/radioactivegaming.eu\/\"},{\"@type\":\"ListItem\",\"position\":2,\"name\":\"Ark\",\"item\":\"https:\/\/radioactivegaming.eu\/ark\/\"},{\"@type\":\"ListItem\",\"position\":3,\"name\":\"Handelsplatz\"}]},{\"@type\":\"WebSite\",\"@id\":\"https:\/\/radioactivegaming.eu\/#website\",\"url\":\"https:\/\/radioactivegaming.eu\/\",\"name\":\"Radioactive Gaming\",\"description\":\"\",\"publisher\":{\"@id\":\"https:\/\/radioactivegaming.eu\/#organization\"},\"potentialAction\":[{\"@type\":\"SearchAction\",\"target\":{\"@type\":\"EntryPoint\",\"urlTemplate\":\"https:\/\/radioactivegaming.eu\/?s={search_term_string}\"},\"query-input\":{\"@type\":\"PropertyValueSpecification\",\"valueRequired\":true,\"valueName\":\"search_term_string\"}}],\"inLanguage\":\"fr-FR\"},{\"@type\":\"Organization\",\"@id\":\"https:\/\/radioactivegaming.eu\/#organization\",\"name\":\"Radioactive Gaming\",\"url\":\"https:\/\/radioactivegaming.eu\/\",\"logo\":{\"@type\":\"ImageObject\",\"inLanguage\":\"fr-FR\",\"@id\":\"https:\/\/radioactivegaming.eu\/#\/schema\/logo\/image\/\",\"url\":\"https:\/\/radioactivegaming.eu\/wp-content\/uploads\/2019\/12\/cropped-coin-2.png\",\"contentUrl\":\"https:\/\/radioactivegaming.eu\/wp-content\/uploads\/2019\/12\/cropped-coin-2.png\",\"width\":256,\"height\":256,\"caption\":\"Radioactive Gaming\"},\"image\":{\"@id\":\"https:\/\/radioactivegaming.eu\/#\/schema\/logo\/image\/\"},\"sameAs\":[\"https:\/\/www.youtube.com\/channel\/UCHAH-p_vfp_co-__TB4M14A\"]}]}<\/script>\n<!-- \/ Yoast SEO plugin. -->","yoast_head_json":{"title":"Place de march\u00e9 - Radioactive Gaming","robots":{"index":"index","follow":"follow","max-snippet":"max-snippet:-1","max-image-preview":"max-image-preview:large","max-video-preview":"max-video-preview:-1"},"canonical":"https:\/\/radioactivegaming.eu\/fr\/ark\/place-de-marche\/","og_locale":"fr_FR","og_type":"article","og_title":"Handelsplatz - Radioactive Gaming","og_description":"Handelsplatz auf The Island Den Marktplatz findet ihr bei 43 LAT \/81.5 LONG Hier findet ihr die Spielershops sowie auch die Servershops. Folgende Regeln gibt es zu den Shops zu beachten: Jeder Tribe darf nur einen Shop besitzen. Ihr k\u00f6nnt einfach an einen Shop gehen und ihn mit E f\u00fcr euch Claimen. Bitte benennt anschlie\u00dfend&hellip; Read more","og_url":"https:\/\/radioactivegaming.eu\/fr\/ark\/place-de-marche\/","og_site_name":"Radioactive Gaming","article_modified_time":"2024-08-15T00:34:08+00:00","og_image":[{"url":"https:\/\/radioactivegaming.eu\/wp-content\/uploads\/2024\/08\/cropped-HandelMap.png","type":"","width":"","height":""}],"twitter_card":"summary_large_image","twitter_misc":{"Dur\u00e9e de lecture estim\u00e9e":"5 minutes"},"schema":{"@context":"https:\/\/schema.org","@graph":[{"@type":"WebPage","@id":"https:\/\/radioactivegaming.eu\/ark\/handelsplatz\/","url":"https:\/\/radioactivegaming.eu\/ark\/handelsplatz\/","name":"Place de march\u00e9 - Radioactive Gaming","isPartOf":{"@id":"https:\/\/radioactivegaming.eu\/#website"},"primaryImageOfPage":{"@id":"https:\/\/radioactivegaming.eu\/ark\/handelsplatz\/#primaryimage"},"image":{"@id":"https:\/\/radioactivegaming.eu\/ark\/handelsplatz\/#primaryimage"},"thumbnailUrl":"https:\/\/radioactivegaming.eu\/wp-content\/uploads\/2024\/08\/cropped-HandelMap.png","datePublished":"2020-02-09T14:04:45+00:00","dateModified":"2024-08-15T00:34:08+00:00","breadcrumb":{"@id":"https:\/\/radioactivegaming.eu\/ark\/handelsplatz\/#breadcrumb"},"inLanguage":"fr-FR","potentialAction":[{"@type":"ReadAction","target":["https:\/\/radioactivegaming.eu\/ark\/handelsplatz\/"]}]},{"@type":"ImageObject","inLanguage":"fr-FR","@id":"https:\/\/radioactivegaming.eu\/ark\/handelsplatz\/#primaryimage","url":"https:\/\/radioactivegaming.eu\/wp-content\/uploads\/2024\/08\/cropped-HandelMap.png","contentUrl":"https:\/\/radioactivegaming.eu\/wp-content\/uploads\/2024\/08\/cropped-HandelMap.png"},{"@type":"BreadcrumbList","@id":"https:\/\/radioactivegaming.eu\/ark\/handelsplatz\/#breadcrumb","itemListElement":[{"@type":"ListItem","position":1,"name":"Startseite","item":"https:\/\/radioactivegaming.eu\/"},{"@type":"ListItem","position":2,"name":"Ark","item":"https:\/\/radioactivegaming.eu\/ark\/"},{"@type":"ListItem","position":3,"name":"Handelsplatz"}]},{"@type":"WebSite","@id":"https:\/\/radioactivegaming.eu\/#website","url":"https:\/\/radioactivegaming.eu\/","name":"Jeux radioactifs","description":"","publisher":{"@id":"https:\/\/radioactivegaming.eu\/#organization"},"potentialAction":[{"@type":"SearchAction","target":{"@type":"EntryPoint","urlTemplate":"https:\/\/radioactivegaming.eu\/?s={search_term_string}"},"query-input":{"@type":"PropertyValueSpecification","valueRequired":true,"valueName":"search_term_string"}}],"inLanguage":"fr-FR"},{"@type":"Organization","@id":"https:\/\/radioactivegaming.eu\/#organization","name":"Jeux radioactifs","url":"https:\/\/radioactivegaming.eu\/","logo":{"@type":"ImageObject","inLanguage":"fr-FR","@id":"https:\/\/radioactivegaming.eu\/#\/schema\/logo\/image\/","url":"https:\/\/radioactivegaming.eu\/wp-content\/uploads\/2019\/12\/cropped-coin-2.png","contentUrl":"https:\/\/radioactivegaming.eu\/wp-content\/uploads\/2019\/12\/cropped-coin-2.png","width":256,"height":256,"caption":"Radioactive Gaming"},"image":{"@id":"https:\/\/radioactivegaming.eu\/#\/schema\/logo\/image\/"},"sameAs":["https:\/\/www.youtube.com\/channel\/UCHAH-p_vfp_co-__TB4M14A"]}]}},"jetpack_sharing_enabled":true,"_links":{"self":[{"href":"https:\/\/radioactivegaming.eu\/fr\/wp-json\/wp\/v2\/pages\/922","targetHints":{"allow":["GET"]}}],"collection":[{"href":"https:\/\/radioactivegaming.eu\/fr\/wp-json\/wp\/v2\/pages"}],"about":[{"href":"https:\/\/radioactivegaming.eu\/fr\/wp-json\/wp\/v2\/types\/page"}],"author":[{"embeddable":true,"href":"https:\/\/radioactivegaming.eu\/fr\/wp-json\/wp\/v2\/users\/1"}],"replies":[{"embeddable":true,"href":"https:\/\/radioactivegaming.eu\/fr\/wp-json\/wp\/v2\/comments?post=922"}],"version-history":[{"count":10,"href":"https:\/\/radioactivegaming.eu\/fr\/wp-json\/wp\/v2\/pages\/922\/revisions"}],"predecessor-version":[{"id":5718,"href":"https:\/\/radioactivegaming.eu\/fr\/wp-json\/wp\/v2\/pages\/922\/revisions\/5718"}],"up":[{"embeddable":true,"href":"https:\/\/radioactivegaming.eu\/fr\/wp-json\/wp\/v2\/pages\/12"}],"wp:attachment":[{"href":"https:\/\/radioactivegaming.eu\/fr\/wp-json\/wp\/v2\/media?parent=922"}],"curies":[{"name":"wp","href":"https:\/\/api.w.org\/{rel}","templated":true}]}}