{"id":3972,"date":"2022-12-25T14:02:39","date_gmt":"2022-12-25T13:02:39","guid":{"rendered":"https:\/\/radioactivegaming.eu\/?post_type=product&#038;p=3972"},"modified":"2022-12-25T15:41:31","modified_gmt":"2022-12-25T14:41:31","slug":"company-sail-pack-weight-sails","status":"publish","type":"product","link":"https:\/\/radioactivegaming.eu\/fr\/produit\/company-sail-pack-weight-sails\/","title":{"rendered":"Company Sail Pack (Weight Sails)"},"content":{"rendered":"<p>Tu veux avoir ta propre voile personnalis\u00e9e ? Alors procure-toi le Company Sail Pack.<br \/>\nCela comprend la cr\u00e9ation de vos voiles personnelles ainsi que 200 Radio Coins pour obtenir votre premi\u00e8re voile.<\/p>\n<p>Vous pouvez obtenir les voiles pour 200 RadioCoins chez Conny \u00e0 Freeport.<\/p>\n<p>Pour cela, vous devez nous envoyer le motif de votre choix, de pr\u00e9f\u00e9rence en r\u00e9solution 1024\u00d71024 ou similaire, via le syst\u00e8me de tickets dans Discord, apr\u00e8s avoir achet\u00e9 le pack.<br \/>\nApr\u00e8s la prochaine mise \u00e0 jour du mod, ils seront disponibles dans la boutique.<\/p>\n<p><strong>Indications pour la cr\u00e9ation :<\/strong><\/p>\n<p>Pour cela, vous devez nous envoyer le motif* de votre choix, de pr\u00e9f\u00e9rence en r\u00e9solution 1024\u00d71024 ou similaire, via le syst\u00e8me de tickets dans Discord, apr\u00e8s avoir achet\u00e9 le pack. Apr\u00e8s traitement et cr\u00e9ation, votre skin sera disponible dans le jeu lors de la prochaine mise \u00e0 jour du module !<\/p>\n<p><strong><em><u>Ce paquet n'est disponible que pour Atlas !<\/u><\/em><\/strong><\/p>\n<p>*\u00a0<em>Il est imp\u00e9ratif que vous d\u00e9teniez les droits d'image de votre motif. En envoyant votre photo, vous nous donnez le droit de l'utiliser dans le cadre du mod et vous confirmez que les droits d'image vous appartiennent !<\/em><\/p>","protected":false},"excerpt":{"rendered":"<p>Tu veux avoir ta propre voile personnalis\u00e9e ? Alors procure-toi le Company Sail Pack.<br \/>\nCela comprend la cr\u00e9ation de vos voiles personnelles ainsi que 200 Radio Coins pour obtenir votre premi\u00e8re voile.<\/p>","protected":false},"featured_media":3973,"template":"","meta":[],"product_brand":[],"product_cat":[87],"product_tag":[89,90,88],"class_list":{"0":"post-3972","1":"product","2":"type-product","3":"status-publish","4":"has-post-thumbnail","6":"product_cat-sail-skins","7":"product_tag-sail","8":"product_tag-sails","9":"product_tag-skins","11":"first","12":"instock","13":"virtual","14":"purchasable","15":"product-type-simple"},"yoast_head":"<!-- This site is optimized with the Yoast SEO plugin v26.3 - https:\/\/yoast.com\/wordpress\/plugins\/seo\/ -->\n<title>Company Sail Pack (Weight Sails) - Radioactive Gaming<\/title>\n<meta name=\"description\" content=\"Do you want to have your own customized sails? Then get the Company Sail package.\" \/>\n<meta name=\"robots\" content=\"index, follow, max-snippet:-1, max-image-preview:large, max-video-preview:-1\" \/>\n<link rel=\"canonical\" href=\"https:\/\/radioactivegaming.eu\/fr\/produit\/company-sail-pack-weight-sails\/\" \/>\n<meta property=\"og:locale\" content=\"fr_FR\" \/>\n<meta property=\"og:type\" content=\"article\" \/>\n<meta property=\"og:title\" content=\"Company Sail Pack (Weight Sails) - Radioactive Gaming\" \/>\n<meta property=\"og:description\" content=\"Do you want to have your own customized sails? Then get the Company Sail package.\" \/>\n<meta property=\"og:url\" content=\"https:\/\/radioactivegaming.eu\/fr\/produit\/company-sail-pack-weight-sails\/\" \/>\n<meta property=\"og:site_name\" content=\"Radioactive Gaming\" \/>\n<meta property=\"article:modified_time\" content=\"2022-12-25T14:41:31+00:00\" \/>\n<meta property=\"og:image\" content=\"https:\/\/radioactivegaming.eu\/wp-content\/uploads\/2022\/12\/34dacff80cf19cbf485559f1b49b287dd1e27b85.png\" \/>\n\t<meta property=\"og:image:width\" content=\"256\" \/>\n\t<meta property=\"og:image:height\" content=\"256\" \/>\n\t<meta property=\"og:image:type\" content=\"image\/png\" \/>\n<meta name=\"twitter:card\" content=\"summary_large_image\" \/>\n<meta name=\"twitter:label1\" content=\"Dur\u00e9e de lecture estim\u00e9e\" \/>\n\t<meta name=\"twitter:data1\" content=\"1 minute\" \/>\n<script type=\"application\/ld+json\" class=\"yoast-schema-graph\">{\"@context\":\"https:\/\/schema.org\",\"@graph\":[{\"@type\":\"WebPage\",\"@id\":\"https:\/\/radioactivegaming.eu\/produkt\/company-sail-pack-weight-sails\/\",\"url\":\"https:\/\/radioactivegaming.eu\/produkt\/company-sail-pack-weight-sails\/\",\"name\":\"Company Sail Pack (Weight Sails) - Radioactive Gaming\",\"isPartOf\":{\"@id\":\"https:\/\/radioactivegaming.eu\/#website\"},\"primaryImageOfPage\":{\"@id\":\"https:\/\/radioactivegaming.eu\/produkt\/company-sail-pack-weight-sails\/#primaryimage\"},\"image\":{\"@id\":\"https:\/\/radioactivegaming.eu\/produkt\/company-sail-pack-weight-sails\/#primaryimage\"},\"thumbnailUrl\":\"https:\/\/radioactivegaming.eu\/wp-content\/uploads\/2022\/12\/34dacff80cf19cbf485559f1b49b287dd1e27b85.png\",\"datePublished\":\"2022-12-25T13:02:39+00:00\",\"dateModified\":\"2022-12-25T14:41:31+00:00\",\"description\":\"Do you want to have your own customized sails? Then get the Company Sail package.\",\"breadcrumb\":{\"@id\":\"https:\/\/radioactivegaming.eu\/produkt\/company-sail-pack-weight-sails\/#breadcrumb\"},\"inLanguage\":\"fr-FR\",\"potentialAction\":[{\"@type\":\"ReadAction\",\"target\":[\"https:\/\/radioactivegaming.eu\/produkt\/company-sail-pack-weight-sails\/\"]}]},{\"@type\":\"ImageObject\",\"inLanguage\":\"fr-FR\",\"@id\":\"https:\/\/radioactivegaming.eu\/produkt\/company-sail-pack-weight-sails\/#primaryimage\",\"url\":\"https:\/\/radioactivegaming.eu\/wp-content\/uploads\/2022\/12\/34dacff80cf19cbf485559f1b49b287dd1e27b85.png\",\"contentUrl\":\"https:\/\/radioactivegaming.eu\/wp-content\/uploads\/2022\/12\/34dacff80cf19cbf485559f1b49b287dd1e27b85.png\",\"width\":256,\"height\":256},{\"@type\":\"BreadcrumbList\",\"@id\":\"https:\/\/radioactivegaming.eu\/produkt\/company-sail-pack-weight-sails\/#breadcrumb\",\"itemListElement\":[{\"@type\":\"ListItem\",\"position\":1,\"name\":\"Startseite\",\"item\":\"https:\/\/radioactivegaming.eu\/\"},{\"@type\":\"ListItem\",\"position\":2,\"name\":\"Shop\",\"item\":\"https:\/\/radioactivegaming.eu\/shop\/\"},{\"@type\":\"ListItem\",\"position\":3,\"name\":\"Company Sail Pack (Weight Sails)\"}]},{\"@type\":\"WebSite\",\"@id\":\"https:\/\/radioactivegaming.eu\/#website\",\"url\":\"https:\/\/radioactivegaming.eu\/\",\"name\":\"Radioactive Gaming\",\"description\":\"\",\"publisher\":{\"@id\":\"https:\/\/radioactivegaming.eu\/#organization\"},\"potentialAction\":[{\"@type\":\"SearchAction\",\"target\":{\"@type\":\"EntryPoint\",\"urlTemplate\":\"https:\/\/radioactivegaming.eu\/?s={search_term_string}\"},\"query-input\":{\"@type\":\"PropertyValueSpecification\",\"valueRequired\":true,\"valueName\":\"search_term_string\"}}],\"inLanguage\":\"fr-FR\"},{\"@type\":\"Organization\",\"@id\":\"https:\/\/radioactivegaming.eu\/#organization\",\"name\":\"Radioactive Gaming\",\"url\":\"https:\/\/radioactivegaming.eu\/\",\"logo\":{\"@type\":\"ImageObject\",\"inLanguage\":\"fr-FR\",\"@id\":\"https:\/\/radioactivegaming.eu\/#\/schema\/logo\/image\/\",\"url\":\"https:\/\/radioactivegaming.eu\/wp-content\/uploads\/2019\/12\/cropped-coin-2.png\",\"contentUrl\":\"https:\/\/radioactivegaming.eu\/wp-content\/uploads\/2019\/12\/cropped-coin-2.png\",\"width\":256,\"height\":256,\"caption\":\"Radioactive Gaming\"},\"image\":{\"@id\":\"https:\/\/radioactivegaming.eu\/#\/schema\/logo\/image\/\"},\"sameAs\":[\"https:\/\/www.youtube.com\/channel\/UCHAH-p_vfp_co-__TB4M14A\"]}]}<\/script>\n<!-- \/ Yoast SEO plugin. -->","yoast_head_json":{"title":"Pack de voiles de compagnie (Weight Sails) - Radioactive Gaming","description":"Tu veux avoir tes propres voiles personnalis\u00e9es ? Alors obtenez le package Company Sail.","robots":{"index":"index","follow":"follow","max-snippet":"max-snippet:-1","max-image-preview":"max-image-preview:large","max-video-preview":"max-video-preview:-1"},"canonical":"https:\/\/radioactivegaming.eu\/fr\/produit\/company-sail-pack-weight-sails\/","og_locale":"fr_FR","og_type":"article","og_title":"Company Sail Pack (Weight Sails) - Radioactive Gaming","og_description":"Do you want to have your own customized sails? Then get the Company Sail package.","og_url":"https:\/\/radioactivegaming.eu\/fr\/produit\/company-sail-pack-weight-sails\/","og_site_name":"Radioactive Gaming","article_modified_time":"2022-12-25T14:41:31+00:00","og_image":[{"width":256,"height":256,"url":"https:\/\/radioactivegaming.eu\/wp-content\/uploads\/2022\/12\/34dacff80cf19cbf485559f1b49b287dd1e27b85.png","type":"image\/png"}],"twitter_card":"summary_large_image","twitter_misc":{"Dur\u00e9e de lecture estim\u00e9e":"1 minute"},"schema":{"@context":"https:\/\/schema.org","@graph":[{"@type":"WebPage","@id":"https:\/\/radioactivegaming.eu\/produkt\/company-sail-pack-weight-sails\/","url":"https:\/\/radioactivegaming.eu\/produkt\/company-sail-pack-weight-sails\/","name":"Pack de voiles de compagnie (Weight Sails) - Radioactive Gaming","isPartOf":{"@id":"https:\/\/radioactivegaming.eu\/#website"},"primaryImageOfPage":{"@id":"https:\/\/radioactivegaming.eu\/produkt\/company-sail-pack-weight-sails\/#primaryimage"},"image":{"@id":"https:\/\/radioactivegaming.eu\/produkt\/company-sail-pack-weight-sails\/#primaryimage"},"thumbnailUrl":"https:\/\/radioactivegaming.eu\/wp-content\/uploads\/2022\/12\/34dacff80cf19cbf485559f1b49b287dd1e27b85.png","datePublished":"2022-12-25T13:02:39+00:00","dateModified":"2022-12-25T14:41:31+00:00","description":"Tu veux avoir tes propres voiles personnalis\u00e9es ? Alors obtenez le package Company Sail.","breadcrumb":{"@id":"https:\/\/radioactivegaming.eu\/produkt\/company-sail-pack-weight-sails\/#breadcrumb"},"inLanguage":"fr-FR","potentialAction":[{"@type":"ReadAction","target":["https:\/\/radioactivegaming.eu\/produkt\/company-sail-pack-weight-sails\/"]}]},{"@type":"ImageObject","inLanguage":"fr-FR","@id":"https:\/\/radioactivegaming.eu\/produkt\/company-sail-pack-weight-sails\/#primaryimage","url":"https:\/\/radioactivegaming.eu\/wp-content\/uploads\/2022\/12\/34dacff80cf19cbf485559f1b49b287dd1e27b85.png","contentUrl":"https:\/\/radioactivegaming.eu\/wp-content\/uploads\/2022\/12\/34dacff80cf19cbf485559f1b49b287dd1e27b85.png","width":256,"height":256},{"@type":"BreadcrumbList","@id":"https:\/\/radioactivegaming.eu\/produkt\/company-sail-pack-weight-sails\/#breadcrumb","itemListElement":[{"@type":"ListItem","position":1,"name":"Startseite","item":"https:\/\/radioactivegaming.eu\/"},{"@type":"ListItem","position":2,"name":"Shop","item":"https:\/\/radioactivegaming.eu\/shop\/"},{"@type":"ListItem","position":3,"name":"Company Sail Pack (Weight Sails)"}]},{"@type":"WebSite","@id":"https:\/\/radioactivegaming.eu\/#website","url":"https:\/\/radioactivegaming.eu\/","name":"Jeux radioactifs","description":"","publisher":{"@id":"https:\/\/radioactivegaming.eu\/#organization"},"potentialAction":[{"@type":"SearchAction","target":{"@type":"EntryPoint","urlTemplate":"https:\/\/radioactivegaming.eu\/?s={search_term_string}"},"query-input":{"@type":"PropertyValueSpecification","valueRequired":true,"valueName":"search_term_string"}}],"inLanguage":"fr-FR"},{"@type":"Organization","@id":"https:\/\/radioactivegaming.eu\/#organization","name":"Jeux radioactifs","url":"https:\/\/radioactivegaming.eu\/","logo":{"@type":"ImageObject","inLanguage":"fr-FR","@id":"https:\/\/radioactivegaming.eu\/#\/schema\/logo\/image\/","url":"https:\/\/radioactivegaming.eu\/wp-content\/uploads\/2019\/12\/cropped-coin-2.png","contentUrl":"https:\/\/radioactivegaming.eu\/wp-content\/uploads\/2019\/12\/cropped-coin-2.png","width":256,"height":256,"caption":"Radioactive Gaming"},"image":{"@id":"https:\/\/radioactivegaming.eu\/#\/schema\/logo\/image\/"},"sameAs":["https:\/\/www.youtube.com\/channel\/UCHAH-p_vfp_co-__TB4M14A"]}]}},"jetpack_sharing_enabled":true,"_links":{"self":[{"href":"https:\/\/radioactivegaming.eu\/fr\/wp-json\/wp\/v2\/product\/3972","targetHints":{"allow":["GET"]}}],"collection":[{"href":"https:\/\/radioactivegaming.eu\/fr\/wp-json\/wp\/v2\/product"}],"about":[{"href":"https:\/\/radioactivegaming.eu\/fr\/wp-json\/wp\/v2\/types\/product"}],"wp:featuredmedia":[{"embeddable":true,"href":"https:\/\/radioactivegaming.eu\/fr\/wp-json\/wp\/v2\/media\/3973"}],"wp:attachment":[{"href":"https:\/\/radioactivegaming.eu\/fr\/wp-json\/wp\/v2\/media?parent=3972"}],"wp:term":[{"taxonomy":"product_brand","embeddable":true,"href":"https:\/\/radioactivegaming.eu\/fr\/wp-json\/wp\/v2\/product_brand?post=3972"},{"taxonomy":"product_cat","embeddable":true,"href":"https:\/\/radioactivegaming.eu\/fr\/wp-json\/wp\/v2\/product_cat?post=3972"},{"taxonomy":"product_tag","embeddable":true,"href":"https:\/\/radioactivegaming.eu\/fr\/wp-json\/wp\/v2\/product_tag?post=3972"}],"curies":[{"name":"wp","href":"https:\/\/api.w.org\/{rel}","templated":true}]}}